{"id":8207,"date":"2022-01-20T14:38:26","date_gmt":"2022-01-20T14:38:26","guid":{"rendered":"https:\/\/paulmas.com\/?page_id=8207"},"modified":"2026-03-11T09:24:27","modified_gmt":"2026-03-11T09:24:27","slug":"mentions-legales","status":"publish","type":"page","link":"https:\/\/www.paulmas.com\/en\/mentions-legales\/","title":{"rendered":"Mentions l\u00e9gales"},"content":{"rendered":"<p>[et_pb_section fb_built=&#8221;1&#8243; _builder_version=&#8221;4.16&#8243; _module_preset=&#8221;default&#8221; global_colors_info=&#8221;{}&#8221;][et_pb_row _builder_version=&#8221;4.16&#8243; _module_preset=&#8221;default&#8221; global_colors_info=&#8221;{}&#8221;][et_pb_column type=&#8221;4_4&#8243; _builder_version=&#8221;4.16&#8243; _module_preset=&#8221;default&#8221; global_colors_info=&#8221;{}&#8221;][et_pb_text _builder_version=&#8221;4.27.6&#8243; _module_preset=&#8221;default&#8221; global_colors_info=&#8221;{}&#8221;]<\/p>\n<h1>Mentions L\u00e9gales<\/h1>\n<p>&nbsp;<\/p>\n<h2>\u00c9diteur<\/h2>\n<p>Le pr\u00e9sent site web est \u00e9dit\u00e9 par <strong>D Paul Mas SAS<\/strong> \u00a0\u00a0au capital de 15 000 000 euros, inscrite au registre du commerce et des soci\u00e9t\u00e9s de B\u00e9ziers sous le num\u00e9ro 422965160, ayant pour num\u00e9ro de TVA intra-communautaire FR80422965160 dont le si\u00e8ge social est situ\u00e9 Domaine de Nicole, Route de Villeveyrac, 34530 MONTAGNAC \u2013 T\u00e9l:+33(0)467243610 \u2013 adresse \u00e9lectronique:<span>\u00a0<\/span><a href=\"mailto:info@cote-mas.fr\">info@cote-mas.fr<\/a><\/p>\n<p>&nbsp;<\/p>\n<h2>Directeur de la publication<\/h2>\n<p>Le directeur de la publication du Site Web est Monsieur Jean-Claude MAS, en qualit\u00e9 de G\u00e9rant de la <strong>D Paul Mas SAS<\/strong><\/p>\n<p>&nbsp;<\/p>\n<h2>H\u00e9bergement du site<\/h2>\n<p>Le site <a href=\"https:\/\/paulmas.com\/\">https:\/\/paulmas.com\/<\/a> est accessible \u00e0 l\u2019adresse<span>\u00a0<\/span>est h\u00e9berg\u00e9 par la soci\u00e9t\u00e9 AMAZON WEB SERVICES EMEA SARL, SUCCUR SALE FRAN\u00c7AISE au capital de 25000,00euros\u2013si\u00e8ge social: 31 PLACE DES COROLLES, TOUR CARPEDIEM, 92400 COURBEVOIE, France-SIREN: 831001334 \u2022 RCS Nanterre \u2022 APE: 6311Z \u2022 TVA: FR30831001334 -http:\/\/www.aws.amazon.com.<\/p>\n<p>&nbsp;<\/p>\n<h2>Propri\u00e9t\u00e9 intellectuelle<\/h2>\n<p>L\u2019ensemble de ce site rel\u00e8ve de la l\u00e9gislation fran\u00e7aise sur le droit d\u2019auteur et la propri\u00e9t\u00e9 intellectuelle. Tous les droits de reproduction sont r\u00e9serv\u00e9s, y compris pour les documents t\u00e9l\u00e9chargeables et les repr\u00e9sentations iconographiques et photographiques. Sans autorisation formelle \u00e9crite et pr\u00e9alable, la reproduction ainsi que l\u2019utilisation des \u0153uvres autres que pour la consultation individuelle et priv\u00e9e sont interdites. Toute demande d\u2019autorisation pour quelque utilisation que ce soit doit \u00eatre adress\u00e9e \u00e0 l\u2019\u00e9diteur :info@cote-mas.fr<\/p>\n<p>&nbsp;<\/p>\n<p>&nbsp;<\/p>\n<table width=\"1164\">\n<tbody>\n<tr>\n<td width=\"582\">Structure juridique et raison sociale<\/td>\n<td width=\"582\"><strong>D Paul Mas SAS<\/strong><\/td>\n<\/tr>\n<tr>\n<td width=\"582\">Num\u00e9ro d\u2019inscription au RCS + nom de la ville o\u00f9 se trouve le greffe o\u00f9 la structure est immatricul\u00e9e<\/td>\n<td width=\"582\">422 965 160 R.C.S B\u00e9ziers<\/td>\n<\/tr>\n<tr>\n<td width=\"582\">Num\u00e9ro d\u2019identification TVA<\/td>\n<td width=\"582\">FR 80422965160<\/td>\n<\/tr>\n<tr>\n<td width=\"582\">Adresse du si\u00e8ge social<\/td>\n<td width=\"582\">\n<p>Domaine de Nicole<\/p>\n<p>Route de Villeveyrac<\/p>\n<p>34530 MONTAGNAC<\/p>\n<\/td>\n<\/tr>\n<tr>\n<td width=\"582\">Mail &amp; t\u00e9l\u00e9phone (C\u00f4t\u00e9 Mas)<\/td>\n<td width=\"582\">\n<p>info@cote-mas.fr<\/p>\n<p>+33 (0)4 67 24 36 10<\/p>\n<\/td>\n<\/tr>\n<tr>\n<td width=\"582\">Mail &amp; t\u00e9l\u00e9phone (Domaines Paul Mas)<\/td>\n<td width=\"582\">\n<p>info@paulmas.com<\/p>\n<p>+33 (0)4 67 90 16 10<\/p>\n<\/td>\n<\/tr>\n<tr>\n<td width=\"582\">Nom, adresse, num\u00e9ro de t\u00e9l\u00e9phone et d\u00e9nomination ou raison sociale de l\u2019h\u00e9bergeur du site de vente en ligne<\/td>\n<td width=\"582\">AWS<\/td>\n<\/tr>\n<tr>\n<td width=\"582\">Nom du directeur de la publication<\/td>\n<td width=\"582\">Jean-Claude MAS<\/td>\n<\/tr>\n<tr>\n<td width=\"582\">Montant du capital social<\/td>\n<td width=\"582\">15 000 000 euros<\/td>\n<\/tr>\n<tr>\n<td width=\"582\">N\u00b0 ADEME<\/td>\n<td width=\"582\">FR204134_01FXVT<\/td>\n<\/tr>\n<\/tbody>\n<\/table>\n<p>[\/et_pb_text][\/et_pb_column][\/et_pb_row][\/et_pb_section]<\/p>\n","protected":false},"excerpt":{"rendered":"<p>Mentions L\u00e9gales &nbsp; \u00c9diteur Le pr\u00e9sent site web est \u00e9dit\u00e9 par D Paul Mas SAS \u00a0\u00a0au capital de 15 000 000 euros, inscrite au registre du commerce et des soci\u00e9t\u00e9s de B\u00e9ziers sous le num\u00e9ro 422965160, ayant pour num\u00e9ro de TVA intra-communautaire FR80422965160 dont le si\u00e8ge social est situ\u00e9 Domaine de Nicole, Route de Villeveyrac, [&hellip;]<\/p>\n","protected":false},"author":5,"featured_media":0,"parent":0,"menu_order":0,"comment_status":"closed","ping_status":"closed","template":"","meta":{"_et_pb_use_builder":"on","_et_pb_old_content":"","_et_gb_content_width":"","footnotes":""},"class_list":["post-8207","page","type-page","status-publish","hentry"],"yoast_head":"<!-- This site is optimized with the Yoast SEO plugin v27.1.1 - https:\/\/yoast.com\/product\/yoast-seo-wordpress\/ -->\n<title>Mentions l\u00e9gales - Les Domaines Paul Mas<\/title>\n<meta name=\"robots\" content=\"index, follow, max-snippet:-1, max-image-preview:large, max-video-preview:-1\" \/>\n<link rel=\"canonical\" href=\"https:\/\/www.paulmas.com\/mentions-legales\/\" \/>\n<meta property=\"og:locale\" content=\"en_US\" \/>\n<meta property=\"og:type\" content=\"article\" \/>\n<meta property=\"og:title\" content=\"Mentions l\u00e9gales - Les Domaines Paul Mas\" \/>\n<meta property=\"og:description\" content=\"Mentions L\u00e9gales &nbsp; \u00c9diteur Le pr\u00e9sent site web est \u00e9dit\u00e9 par D Paul Mas SAS \u00a0\u00a0au capital de 15 000 000 euros, inscrite au registre du commerce et des soci\u00e9t\u00e9s de B\u00e9ziers sous le num\u00e9ro 422965160, ayant pour num\u00e9ro de TVA intra-communautaire FR80422965160 dont le si\u00e8ge social est situ\u00e9 Domaine de Nicole, Route de Villeveyrac, [&hellip;]\" \/>\n<meta property=\"og:url\" content=\"https:\/\/www.paulmas.com\/mentions-legales\/\" \/>\n<meta property=\"og:site_name\" content=\"Les Domaines Paul Mas\" \/>\n<meta property=\"article:modified_time\" content=\"2026-03-11T09:24:27+00:00\" \/>\n<meta name=\"twitter:card\" content=\"summary_large_image\" \/>\n<meta name=\"twitter:label1\" content=\"Est. reading time\" \/>\n\t<meta name=\"twitter:data1\" content=\"2 minutes\" \/>\n<script type=\"application\/ld+json\" class=\"yoast-schema-graph\">{\"@context\":\"https:\/\/schema.org\",\"@graph\":[{\"@type\":\"WebPage\",\"@id\":\"https:\/\/www.paulmas.com\/mentions-legales\/\",\"url\":\"https:\/\/www.paulmas.com\/mentions-legales\/\",\"name\":\"Mentions l\u00e9gales - Les Domaines Paul Mas\",\"isPartOf\":{\"@id\":\"https:\/\/www.paulmas.com\/#website\"},\"datePublished\":\"2022-01-20T14:38:26+00:00\",\"dateModified\":\"2026-03-11T09:24:27+00:00\",\"breadcrumb\":{\"@id\":\"https:\/\/www.paulmas.com\/mentions-legales\/#breadcrumb\"},\"inLanguage\":\"en-US\",\"potentialAction\":[{\"@type\":\"ReadAction\",\"target\":[\"https:\/\/www.paulmas.com\/mentions-legales\/\"]}]},{\"@type\":\"BreadcrumbList\",\"@id\":\"https:\/\/www.paulmas.com\/mentions-legales\/#breadcrumb\",\"itemListElement\":[{\"@type\":\"ListItem\",\"position\":1,\"name\":\"Accueil\",\"item\":\"https:\/\/www.paulmas.com\/en\/\"},{\"@type\":\"ListItem\",\"position\":2,\"name\":\"Mentions l\u00e9gales\"}]},{\"@type\":\"WebSite\",\"@id\":\"https:\/\/www.paulmas.com\/#website\",\"url\":\"https:\/\/www.paulmas.com\/\",\"name\":\"Les Domaines Paul Mas\",\"description\":\"Le luxe rural depuis 1892\",\"potentialAction\":[{\"@type\":\"SearchAction\",\"target\":{\"@type\":\"EntryPoint\",\"urlTemplate\":\"https:\/\/www.paulmas.com\/?s={search_term_string}\"},\"query-input\":{\"@type\":\"PropertyValueSpecification\",\"valueRequired\":true,\"valueName\":\"search_term_string\"}}],\"inLanguage\":\"en-US\"}]}<\/script>\n<!-- \/ Yoast SEO plugin. -->","yoast_head_json":{"title":"Mentions l\u00e9gales - Les Domaines Paul Mas","robots":{"index":"index","follow":"follow","max-snippet":"max-snippet:-1","max-image-preview":"max-image-preview:large","max-video-preview":"max-video-preview:-1"},"canonical":"https:\/\/www.paulmas.com\/mentions-legales\/","og_locale":"en_US","og_type":"article","og_title":"Mentions l\u00e9gales - Les Domaines Paul Mas","og_description":"Mentions L\u00e9gales &nbsp; \u00c9diteur Le pr\u00e9sent site web est \u00e9dit\u00e9 par D Paul Mas SAS \u00a0\u00a0au capital de 15 000 000 euros, inscrite au registre du commerce et des soci\u00e9t\u00e9s de B\u00e9ziers sous le num\u00e9ro 422965160, ayant pour num\u00e9ro de TVA intra-communautaire FR80422965160 dont le si\u00e8ge social est situ\u00e9 Domaine de Nicole, Route de Villeveyrac, [&hellip;]","og_url":"https:\/\/www.paulmas.com\/mentions-legales\/","og_site_name":"Les Domaines Paul Mas","article_modified_time":"2026-03-11T09:24:27+00:00","twitter_card":"summary_large_image","twitter_misc":{"Est. reading time":"2 minutes"},"schema":{"@context":"https:\/\/schema.org","@graph":[{"@type":"WebPage","@id":"https:\/\/www.paulmas.com\/mentions-legales\/","url":"https:\/\/www.paulmas.com\/mentions-legales\/","name":"Mentions l\u00e9gales - Les Domaines Paul Mas","isPartOf":{"@id":"https:\/\/www.paulmas.com\/#website"},"datePublished":"2022-01-20T14:38:26+00:00","dateModified":"2026-03-11T09:24:27+00:00","breadcrumb":{"@id":"https:\/\/www.paulmas.com\/mentions-legales\/#breadcrumb"},"inLanguage":"en-US","potentialAction":[{"@type":"ReadAction","target":["https:\/\/www.paulmas.com\/mentions-legales\/"]}]},{"@type":"BreadcrumbList","@id":"https:\/\/www.paulmas.com\/mentions-legales\/#breadcrumb","itemListElement":[{"@type":"ListItem","position":1,"name":"Accueil","item":"https:\/\/www.paulmas.com\/en\/"},{"@type":"ListItem","position":2,"name":"Mentions l\u00e9gales"}]},{"@type":"WebSite","@id":"https:\/\/www.paulmas.com\/#website","url":"https:\/\/www.paulmas.com\/","name":"Les Domaines Paul Mas","description":"Le luxe rural depuis 1892","potentialAction":[{"@type":"SearchAction","target":{"@type":"EntryPoint","urlTemplate":"https:\/\/www.paulmas.com\/?s={search_term_string}"},"query-input":{"@type":"PropertyValueSpecification","valueRequired":true,"valueName":"search_term_string"}}],"inLanguage":"en-US"}]}},"_links":{"self":[{"href":"https:\/\/www.paulmas.com\/en\/wp-json\/wp\/v2\/pages\/8207","targetHints":{"allow":["GET"]}}],"collection":[{"href":"https:\/\/www.paulmas.com\/en\/wp-json\/wp\/v2\/pages"}],"about":[{"href":"https:\/\/www.paulmas.com\/en\/wp-json\/wp\/v2\/types\/page"}],"author":[{"embeddable":true,"href":"https:\/\/www.paulmas.com\/en\/wp-json\/wp\/v2\/users\/5"}],"replies":[{"embeddable":true,"href":"https:\/\/www.paulmas.com\/en\/wp-json\/wp\/v2\/comments?post=8207"}],"version-history":[{"count":8,"href":"https:\/\/www.paulmas.com\/en\/wp-json\/wp\/v2\/pages\/8207\/revisions"}],"predecessor-version":[{"id":16588,"href":"https:\/\/www.paulmas.com\/en\/wp-json\/wp\/v2\/pages\/8207\/revisions\/16588"}],"wp:attachment":[{"href":"https:\/\/www.paulmas.com\/en\/wp-json\/wp\/v2\/media?parent=8207"}],"curies":[{"name":"wp","href":"https:\/\/api.w.org\/{rel}","templated":true}]}}