{"id":8183,"date":"2022-01-19T11:10:12","date_gmt":"2022-01-19T11:10:12","guid":{"rendered":"https:\/\/paulmas.com\/?page_id=8183"},"modified":"2026-01-29T09:57:26","modified_gmt":"2026-01-29T09:57:26","slug":"chateau-capendu","status":"publish","type":"page","link":"https:\/\/www.paulmas.com\/en\/domains\/chateau-capendu\/","title":{"rendered":"Ch\u00e2teau Capendu"},"content":{"rendered":"<p>[et_pb_section fb_built=&#8221;1&#8243; custom_padding_last_edited=&#8221;on|phone&#8221; _builder_version=&#8221;4.18.0&#8243; _module_preset=&#8221;default&#8221; background_image=&#8221;https:\/\/www.paulmas.com\/wp-content\/uploads\/2022\/01\/VIGNOBLECORBIERES06-copie.jpg&#8221; background_enable_video_mp4=&#8221;off&#8221; max_width=&#8221;97%&#8221; max_width_tablet=&#8221;97%&#8221; max_width_phone=&#8221;100%&#8221; max_width_last_edited=&#8221;on|tablet&#8221; module_alignment=&#8221;center&#8221; min_height=&#8221;1079px&#8221; min_height_tablet=&#8221;1079px&#8221; min_height_phone=&#8221;auto&#8221; min_height_last_edited=&#8221;on|phone&#8221; height=&#8221;1000px&#8221; height_tablet=&#8221;1000px&#8221; height_phone=&#8221;auto&#8221; height_last_edited=&#8221;on|phone&#8221; max_height=&#8221;1000px&#8221; max_height_tablet=&#8221;1000px&#8221; max_height_phone=&#8221;&#8221; max_height_last_edited=&#8221;on|phone&#8221; custom_padding=&#8221;||503px|||&#8221; custom_padding_tablet=&#8221;||350px||false|false&#8221; custom_padding_phone=&#8221;||200px||false|false&#8221; overflow-x_tablet=&#8221;&#8221; overflow-x_phone=&#8221;visible&#8221; overflow-x_last_edited=&#8221;on|phone&#8221; overflow-y_tablet=&#8221;&#8221; overflow-y_phone=&#8221;visible&#8221; overflow-y_last_edited=&#8221;on|phone&#8221; global_colors_info=&#8221;{}&#8221;][\/et_pb_section][et_pb_section fb_built=&#8221;1&#8243; _builder_version=&#8221;4.16&#8243; _module_preset=&#8221;default&#8221; custom_margin=&#8221;||-79px|||&#8221; global_colors_info=&#8221;{}&#8221;][et_pb_row _builder_version=&#8221;4.16&#8243; _module_preset=&#8221;default&#8221; global_colors_info=&#8221;{}&#8221;][et_pb_column type=&#8221;4_4&#8243; _builder_version=&#8221;4.16&#8243; _module_preset=&#8221;default&#8221; global_colors_info=&#8221;{}&#8221;][et_pb_text _builder_version=&#8221;4.16&#8243; _module_preset=&#8221;default&#8221; global_colors_info=&#8221;{}&#8221;]<\/p>\n<p><strong>\u00a0<\/strong><\/p>\n<h1><strong>CH\u00c2TEAU CAPENDU<\/strong><\/h1>\n<h2><em>Les Corbi\u00e8res<\/em><\/h2>\n<p>[\/et_pb_text][\/et_pb_column][\/et_pb_row][\/et_pb_section][et_pb_section fb_built=&#8221;1&#8243; specialty=&#8221;on&#8221; _builder_version=&#8221;4.16&#8243; _module_preset=&#8221;default&#8221; custom_padding=&#8221;26px|||||&#8221; global_colors_info=&#8221;{}&#8221;][et_pb_column type=&#8221;1_2&#8243; _builder_version=&#8221;4.16&#8243; custom_padding=&#8221;|||&#8221; global_colors_info=&#8221;{}&#8221; custom_padding__hover=&#8221;|||&#8221;][et_pb_divider show_divider=&#8221;off&#8221; _builder_version=&#8221;4.16&#8243; _module_preset=&#8221;default&#8221; height=&#8221;100px&#8221; global_colors_info=&#8221;{}&#8221;][\/et_pb_divider][et_pb_divider show_divider=&#8221;off&#8221; _builder_version=&#8221;4.16&#8243; _module_preset=&#8221;default&#8221; height=&#8221;20px&#8221; global_colors_info=&#8221;{}&#8221;][\/et_pb_divider][et_pb_text _builder_version=&#8221;4.18.0&#8243; _module_preset=&#8221;default&#8221; global_colors_info=&#8221;{}&#8221;]<\/p>\n<h2 style=\"text-align: justify;\">STORY<\/h2>\n<p style=\"text-align: justify;\">Very close to Carcassonne, this domain with the same name as its village has existed since the 19th century. Its technical buildings have an appealing historic charm with concrete vats which protect the wines from the variations in temperature. Nevertheless, a second modern wine cellar has been built with thermo-regulated stainless steel vats to enable even more precise blending.<\/p>\n<p>[\/et_pb_text][\/et_pb_column][et_pb_column type=&#8221;1_2&#8243; specialty_columns=&#8221;2&#8243; _builder_version=&#8221;4.16&#8243; custom_padding=&#8221;|||&#8221; global_colors_info=&#8221;{}&#8221; custom_padding__hover=&#8221;|||&#8221;][et_pb_row_inner _builder_version=&#8221;4.16&#8243; _module_preset=&#8221;default&#8221; width=&#8221;92%&#8221; global_colors_info=&#8221;{}&#8221;][et_pb_column_inner saved_specialty_column_type=&#8221;1_2&#8243; _builder_version=&#8221;4.16&#8243; _module_preset=&#8221;default&#8221; global_colors_info=&#8221;{}&#8221;][et_pb_divider show_divider=&#8221;off&#8221; _builder_version=&#8221;4.16&#8243; _module_preset=&#8221;default&#8221; height=&#8221;25px&#8221; global_colors_info=&#8221;{}&#8221;][\/et_pb_divider][et_pb_image src=&#8221;https:\/\/www.paulmas.com\/wp-content\/uploads\/2026\/01\/CHATEAU-CAPENDU-les-Corbieres.jpg&#8221; alt=&#8221;Ch\u00e2teau Capendu, AOP Corbi\u00e8res&#8221; title_text=&#8221;CH\u00c2TEAU-CAPENDU-les-Corbi\u00e8res&#8221; show_bottom_space=&#8221;off&#8221; align_tablet=&#8221;&#8221; align_phone=&#8221;center&#8221; align_last_edited=&#8221;on|phone&#8221; _builder_version=&#8221;4.27.4&#8243; _module_preset=&#8221;default&#8221; width=&#8221;100%&#8221; width_tablet=&#8221;100%&#8221; width_phone=&#8221;100%&#8221; width_last_edited=&#8221;on|phone&#8221; module_alignment=&#8221;right&#8221; height=&#8221;542px&#8221; height_tablet=&#8221;542px&#8221; height_phone=&#8221;auto&#8221; height_last_edited=&#8221;on|phone&#8221; custom_padding=&#8221;|||150px|false|false&#8221; custom_padding_tablet=&#8221;|||150px|false|false&#8221; custom_padding_phone=&#8221;|||0px|false|false&#8221; custom_padding_last_edited=&#8221;on|phone&#8221; hover_enabled=&#8221;0&#8243; module_alignment_tablet=&#8221;right&#8221; module_alignment_phone=&#8221;center&#8221; module_alignment_last_edited=&#8221;on|phone&#8221; global_colors_info=&#8221;{}&#8221; sticky_enabled=&#8221;0&#8243;][\/et_pb_image][\/et_pb_column_inner][\/et_pb_row_inner][\/et_pb_column][\/et_pb_section][et_pb_section fb_built=&#8221;1&#8243; specialty=&#8221;on&#8221; _builder_version=&#8221;4.16&#8243; _module_preset=&#8221;default&#8221; custom_padding=&#8221;0px|||||&#8221; global_colors_info=&#8221;{}&#8221;][et_pb_column type=&#8221;1_2&#8243; specialty_columns=&#8221;2&#8243; _builder_version=&#8221;4.16&#8243; custom_padding=&#8221;|||&#8221; global_colors_info=&#8221;{}&#8221; custom_padding__hover=&#8221;|||&#8221;][et_pb_row_inner _builder_version=&#8221;4.16&#8243; _module_preset=&#8221;default&#8221; width=&#8221;92%&#8221; global_colors_info=&#8221;{}&#8221;][et_pb_column_inner saved_specialty_column_type=&#8221;1_2&#8243; _builder_version=&#8221;4.16&#8243; _module_preset=&#8221;default&#8221; global_colors_info=&#8221;{}&#8221;][et_pb_image src=&#8221;https:\/\/www.paulmas.com\/wp-content\/uploads\/2026\/01\/Vignes-Chateau-Capendu.jpg&#8221; alt=&#8221;Vignes Ch\u00e2teau Capendu, AOP Corbi\u00e8res,&#8221; title_text=&#8221;Vignes-Chateau-Capendu&#8221; align=&#8221;center&#8221; _builder_version=&#8221;4.27.4&#8243; _module_preset=&#8221;default&#8221; width=&#8221;90%&#8221; module_alignment=&#8221;left&#8221; hover_enabled=&#8221;0&#8243; global_colors_info=&#8221;{}&#8221; sticky_enabled=&#8221;0&#8243;][\/et_pb_image][\/et_pb_column_inner][\/et_pb_row_inner][\/et_pb_column][et_pb_column type=&#8221;1_2&#8243; _builder_version=&#8221;4.16&#8243; custom_padding=&#8221;|||&#8221; global_colors_info=&#8221;{}&#8221; custom_padding__hover=&#8221;|||&#8221;][et_pb_divider show_divider=&#8221;off&#8221; _builder_version=&#8221;4.16&#8243; _module_preset=&#8221;default&#8221; height=&#8221;30px&#8221; global_colors_info=&#8221;{}&#8221;][\/et_pb_divider][et_pb_divider show_divider=&#8221;off&#8221; _builder_version=&#8221;4.16&#8243; _module_preset=&#8221;default&#8221; height=&#8221;30px&#8221; global_colors_info=&#8221;{}&#8221;][\/et_pb_divider][et_pb_divider show_divider=&#8221;off&#8221; _builder_version=&#8221;4.16&#8243; _module_preset=&#8221;default&#8221; height=&#8221;25px&#8221; global_colors_info=&#8221;{}&#8221;][\/et_pb_divider][et_pb_text _builder_version=&#8221;4.18.0&#8243; _module_preset=&#8221;default&#8221; global_colors_info=&#8221;{}&#8221;]<\/p>\n<h2 style=\"text-align: justify;\"><strong>TERROIR<\/strong><\/h2>\n<p style=\"text-align: justify;\">The vineyard is located on the first slopes of the Alaric Mountain. It is made up of Mediterranean grape varieties Carignan, Grenache, and Syrah, perfectly suited to our terroir, to the clay-limestone soil and to the particularly challenging climate of the south of France.<\/p>\n<p>[\/et_pb_text][\/et_pb_column][\/et_pb_section][et_pb_section fb_built=&#8221;1&#8243; _builder_version=&#8221;4.16&#8243; _module_preset=&#8221;default&#8221; global_colors_info=&#8221;{}&#8221;][et_pb_row _builder_version=&#8221;4.16&#8243; _module_preset=&#8221;default&#8221; global_colors_info=&#8221;{}&#8221;][et_pb_column type=&#8221;4_4&#8243; _builder_version=&#8221;4.16&#8243; _module_preset=&#8221;default&#8221; global_colors_info=&#8221;{}&#8221;][et_pb_text _builder_version=&#8221;4.16&#8243; _module_preset=&#8221;default&#8221; global_colors_info=&#8221;{}&#8221;]<\/p>\n<h2><strong>AT A GLANCE<\/strong><\/h2>\n<p>[\/et_pb_text][\/et_pb_column][\/et_pb_row][et_pb_row column_structure=&#8221;1_2,1_2&#8243; use_custom_gutter=&#8221;on&#8221; gutter_width=&#8221;1&#8243; make_equal=&#8221;on&#8221; custom_padding_last_edited=&#8221;on|tablet&#8221; disabled_on=&#8221;off|off|off&#8221; _builder_version=&#8221;4.18.0&#8243; _module_preset=&#8221;default&#8221; width=&#8221;60%&#8221; width_tablet=&#8221;100%&#8221; width_phone=&#8221;100%&#8221; width_last_edited=&#8221;on|phone&#8221; max_width=&#8221;none&#8221; custom_padding=&#8221;||0px|||&#8221; custom_padding_tablet=&#8221;||0px|50px|false|false&#8221; custom_padding_phone=&#8221;||0px|25px|false|false&#8221; module_alignment_tablet=&#8221;&#8221; module_alignment_phone=&#8221;left&#8221; module_alignment_last_edited=&#8221;on|phone&#8221; locked=&#8221;off&#8221; global_colors_info=&#8221;{}&#8221;][et_pb_column type=&#8221;1_2&#8243; _builder_version=&#8221;4.16&#8243; _module_preset=&#8221;default&#8221; global_colors_info=&#8221;{}&#8221;][et_pb_testimonial portrait_url=&#8221;https:\/\/www.paulmas.com\/wp-content\/uploads\/2022\/09\/Localisation-OR-Domaines-Paul-Mas.png&#8221; quote_icon=&#8221;off&#8221; _builder_version=&#8221;4.18.0&#8243; _module_preset=&#8221;default&#8221; background_color=&#8221;#FFFFFF&#8221; border_radii_portrait=&#8221;on|0px|0px|0px|0px&#8221; border_color_all_portrait=&#8221;RGBA(255,255,255,0)&#8221; border_style_all_portrait=&#8221;none&#8221; box_shadow_style_image=&#8221;preset1&#8243; global_colors_info=&#8221;{}&#8221;]<\/p>\n<p><span style=\"text-decoration: underline;\"><strong>Location<\/strong><\/span><\/p>\n<p>Capendu village on the foothills of the Alaric Mountain<\/p>\n<p>[\/et_pb_testimonial][et_pb_testimonial portrait_url=&#8221;https:\/\/www.paulmas.com\/wp-content\/uploads\/2022\/09\/Vignoble-OR-Domaines-Paul-Mas.png&#8221; quote_icon=&#8221;off&#8221; _builder_version=&#8221;4.18.0&#8243; _module_preset=&#8221;default&#8221; background_color=&#8221;#FFFFFF&#8221; border_radii_portrait=&#8221;on|20px|20px|20px|20px&#8221; box_shadow_style_image=&#8221;preset1&#8243; global_colors_info=&#8221;{}&#8221;]<\/p>\n<p><span style=\"text-decoration: underline;\"><strong>Vineyards<\/strong><\/span><\/p>\n<p>87 hectares<\/p>\n<p>[\/et_pb_testimonial][et_pb_testimonial portrait_url=&#8221;https:\/\/www.paulmas.com\/wp-content\/uploads\/2022\/09\/Sol-OR-Domaines-Paul-Mas.png&#8221; quote_icon=&#8221;off&#8221; _builder_version=&#8221;4.18.0&#8243; _module_preset=&#8221;default&#8221; background_color=&#8221;#FFFFFF&#8221; border_radii_portrait=&#8221;on|20px|20px|20px|20px&#8221; box_shadow_style_image=&#8221;preset1&#8243; global_colors_info=&#8221;{}&#8221;]<\/p>\n<p><span style=\"text-decoration: underline;\"><strong>Soil<\/strong><\/span><\/p>\n<p>\u00a0Clay and Limestone<\/p>\n<p>[\/et_pb_testimonial][\/et_pb_column][et_pb_column type=&#8221;1_2&#8243; _builder_version=&#8221;4.16&#8243; _module_preset=&#8221;default&#8221; global_colors_info=&#8221;{}&#8221;][et_pb_testimonial portrait_url=&#8221;https:\/\/www.paulmas.com\/wp-content\/uploads\/2022\/09\/Appellation-OR-Domaines-Paul-Mas.png&#8221; quote_icon=&#8221;off&#8221; _builder_version=&#8221;4.18.0&#8243; _module_preset=&#8221;default&#8221; background_color=&#8221;#FFFFFF&#8221; border_radii_portrait=&#8221;on|20px|20px|20px|20px&#8221; box_shadow_style_image=&#8221;preset1&#8243; global_colors_info=&#8221;{}&#8221;]<\/p>\n<p><span style=\"text-decoration: underline;\"><strong>Appellations<\/strong><\/span><\/p>\n<ul>\n<li>AOP Corbi\u00e8res<\/li>\n<li>IGP Pays d\u2019Oc<\/li>\n<\/ul>\n<p>[\/et_pb_testimonial][et_pb_testimonial portrait_url=&#8221;https:\/\/www.paulmas.com\/wp-content\/uploads\/2022\/09\/Altitude-OR.png&#8221; quote_icon=&#8221;off&#8221; _builder_version=&#8221;4.18.0&#8243; _module_preset=&#8221;default&#8221; background_color=&#8221;#FFFFFF&#8221; border_radii_portrait=&#8221;on|20px|20px|20px|20px&#8221; box_shadow_style_image=&#8221;preset1&#8243; global_colors_info=&#8221;{}&#8221;]<\/p>\n<p><span style=\"text-decoration: underline;\"><strong>Elevation<\/strong><\/span><\/p>\n<p>50 metres<\/p>\n<p>[\/et_pb_testimonial][et_pb_testimonial portrait_url=&#8221;https:\/\/www.paulmas.com\/wp-content\/uploads\/2022\/09\/Climat-OR-Domaines-Paul-Mas.png&#8221; quote_icon=&#8221;off&#8221; _builder_version=&#8221;4.18.0&#8243; _module_preset=&#8221;default&#8221; background_color=&#8221;#FFFFFF&#8221; border_radii_portrait=&#8221;on|20px|20px|20px|20px&#8221; box_shadow_style_image=&#8221;preset1&#8243; global_colors_info=&#8221;{}&#8221;]<\/p>\n<p><span style=\"text-decoration: underline;\"><strong>Climate<\/strong><\/span><\/p>\n<p>\u00a0Mediterranean<\/p>\n<p>[\/et_pb_testimonial][\/et_pb_column][\/et_pb_row][et_pb_row _builder_version=&#8221;4.16&#8243; _module_preset=&#8221;default&#8221; global_colors_info=&#8221;{}&#8221;][et_pb_column type=&#8221;4_4&#8243; _builder_version=&#8221;4.16&#8243; _module_preset=&#8221;default&#8221; global_colors_info=&#8221;{}&#8221;][et_pb_text _builder_version=&#8221;4.16&#8243; _module_preset=&#8221;default&#8221; global_colors_info=&#8221;{}&#8221;]<\/p>\n<h2><strong>THE WINES<\/strong><\/h2>\n<p>[\/et_pb_text][\/et_pb_column][\/et_pb_row][et_pb_row column_structure=&#8221;1_4,1_4,1_4,1_4&#8243; _builder_version=&#8221;4.16&#8243; _module_preset=&#8221;default&#8221; global_colors_info=&#8221;{}&#8221;][et_pb_column type=&#8221;1_4&#8243; _builder_version=&#8221;4.16&#8243; _module_preset=&#8221;default&#8221; global_colors_info=&#8221;{}&#8221;][et_pb_image src=&#8221;https:\/\/www.paulmas.com\/wp-content\/uploads\/2022\/11\/Chateau-Capendu-La-Comelle.png&#8221; alt=&#8221;Chateau-Capendu &#8211; La Comelle&#8221; title_text=&#8221;Chateau-Capendu &#8211; La Comelle&#8221; url=&#8221;https:\/\/www.vivino.com\/en\/chateau-capendu-la-comelle-corbieres\/w\/8343708&#8243; url_new_window=&#8221;on&#8221; align_tablet=&#8221;center&#8221; align_phone=&#8221;center&#8221; align_last_edited=&#8221;on|phone&#8221; _builder_version=&#8221;4.27.4&#8243; _module_preset=&#8221;default&#8221; hover_enabled=&#8221;0&#8243; global_colors_info=&#8221;{}&#8221; transform_styles__hover_enabled=&#8221;on|hover&#8221; transform_scale__hover_enabled=&#8221;on|hover&#8221; transform_translate__hover_enabled=&#8221;on|desktop&#8221; transform_rotate__hover_enabled=&#8221;on|desktop&#8221; transform_skew__hover_enabled=&#8221;on|desktop&#8221; transform_origin__hover_enabled=&#8221;on|desktop&#8221; transform_scale__hover=&#8221;120%|120%&#8221; sticky_enabled=&#8221;0&#8243;][\/et_pb_image][\/et_pb_column][et_pb_column type=&#8221;1_4&#8243; _builder_version=&#8221;4.16&#8243; _module_preset=&#8221;default&#8221; global_colors_info=&#8221;{}&#8221;][et_pb_image src=&#8221;https:\/\/www.paulmas.com\/wp-content\/uploads\/2022\/11\/Chateau-Capendu-Grand-vin-de-Corbieres.png&#8221; alt=&#8221;Ch\u00e2teau-Capendu-Grand-vin-de-Corbi\u00e8res&#8221; title_text=&#8221;Ch\u00e2teau-Capendu-Grand-vin-de-Corbi\u00e8res&#8221; url=&#8221;https:\/\/www.vivino.com\/en\/chateau-capendu-corbieres\/w\/1220136&#8243; url_new_window=&#8221;on&#8221; align_tablet=&#8221;center&#8221; align_phone=&#8221;center&#8221; align_last_edited=&#8221;on|phone&#8221; _builder_version=&#8221;4.27.4&#8243; _module_preset=&#8221;default&#8221; hover_enabled=&#8221;0&#8243; global_colors_info=&#8221;{}&#8221; transform_styles__hover_enabled=&#8221;on|hover&#8221; transform_scale__hover_enabled=&#8221;on|hover&#8221; transform_translate__hover_enabled=&#8221;on|desktop&#8221; transform_rotate__hover_enabled=&#8221;on|desktop&#8221; transform_skew__hover_enabled=&#8221;on|desktop&#8221; transform_origin__hover_enabled=&#8221;on|desktop&#8221; transform_scale__hover=&#8221;120%|120%&#8221; sticky_enabled=&#8221;0&#8243;][\/et_pb_image][\/et_pb_column][et_pb_column type=&#8221;1_4&#8243; _builder_version=&#8221;4.16&#8243; _module_preset=&#8221;default&#8221; global_colors_info=&#8221;{}&#8221;][\/et_pb_column][et_pb_column type=&#8221;1_4&#8243; _builder_version=&#8221;4.16&#8243; _module_preset=&#8221;default&#8221; global_colors_info=&#8221;{}&#8221;][\/et_pb_column][\/et_pb_row][\/et_pb_section]<\/p>\n","protected":false},"excerpt":{"rendered":"<p>\u00a0 CH\u00c2TEAU CAPENDU Les Corbi\u00e8resSTORY Very close to Carcassonne, this domain with the same name as its village has existed since the 19th century. Its technical buildings have an appealing historic charm with concrete vats which protect the wines from the variations in temperature. Nevertheless, a second modern wine cellar has been built with thermo-regulated [&hellip;]<\/p>\n","protected":false},"author":5,"featured_media":8280,"parent":1162,"menu_order":0,"comment_status":"closed","ping_status":"closed","template":"","meta":{"_et_pb_use_builder":"on","_et_pb_old_content":"","_et_gb_content_width":"","footnotes":""},"class_list":["post-8183","page","type-page","status-publish","has-post-thumbnail","hentry"],"yoast_head":"<!-- This site is optimized with the Yoast SEO plugin v27.1.1 - https:\/\/yoast.com\/product\/yoast-seo-wordpress\/ -->\n<title>Ch\u00e2teau Capendu - Les Domaines Paul Mas<\/title>\n<meta name=\"robots\" content=\"index, follow, max-snippet:-1, max-image-preview:large, max-video-preview:-1\" \/>\n<link rel=\"canonical\" href=\"https:\/\/www.paulmas.com\/en\/domains\/chateau-capendu\/\" \/>\n<meta property=\"og:locale\" content=\"en_US\" \/>\n<meta property=\"og:type\" content=\"article\" \/>\n<meta property=\"og:title\" content=\"Ch\u00e2teau Capendu - Les Domaines Paul Mas\" \/>\n<meta property=\"og:description\" content=\"\u00a0 CH\u00c2TEAU CAPENDU Les Corbi\u00e8resSTORY Very close to Carcassonne, this domain with the same name as its village has existed since the 19th century. Its technical buildings have an appealing historic charm with concrete vats which protect the wines from the variations in temperature. Nevertheless, a second modern wine cellar has been built with thermo-regulated [&hellip;]\" \/>\n<meta property=\"og:url\" content=\"https:\/\/www.paulmas.com\/en\/domains\/chateau-capendu\/\" \/>\n<meta property=\"og:site_name\" content=\"Les Domaines Paul Mas\" \/>\n<meta property=\"article:modified_time\" content=\"2026-01-29T09:57:26+00:00\" \/>\n<meta property=\"og:image\" content=\"https:\/\/www.paulmas.com\/wp-content\/uploads\/2022\/01\/Logo-CHATEAU-CAPENDU-copie.jpg\" \/>\n\t<meta property=\"og:image:width\" content=\"500\" \/>\n\t<meta property=\"og:image:height\" content=\"500\" \/>\n\t<meta property=\"og:image:type\" content=\"image\/jpeg\" \/>\n<meta name=\"twitter:card\" content=\"summary_large_image\" \/>\n<meta name=\"twitter:label1\" content=\"Est. reading time\" \/>\n\t<meta name=\"twitter:data1\" content=\"8 minutes\" \/>\n<script type=\"application\/ld+json\" class=\"yoast-schema-graph\">{\"@context\":\"https:\/\/schema.org\",\"@graph\":[{\"@type\":\"WebPage\",\"@id\":\"https:\/\/www.paulmas.com\/en\/domains\/chateau-capendu\/\",\"url\":\"https:\/\/www.paulmas.com\/en\/domains\/chateau-capendu\/\",\"name\":\"Ch\u00e2teau Capendu - Les Domaines Paul Mas\",\"isPartOf\":{\"@id\":\"https:\/\/www.paulmas.com\/#website\"},\"primaryImageOfPage\":{\"@id\":\"https:\/\/www.paulmas.com\/en\/domains\/chateau-capendu\/#primaryimage\"},\"image\":{\"@id\":\"https:\/\/www.paulmas.com\/en\/domains\/chateau-capendu\/#primaryimage\"},\"thumbnailUrl\":\"https:\/\/www.paulmas.com\/wp-content\/uploads\/2022\/01\/Logo-CHATEAU-CAPENDU-copie.jpg\",\"datePublished\":\"2022-01-19T11:10:12+00:00\",\"dateModified\":\"2026-01-29T09:57:26+00:00\",\"breadcrumb\":{\"@id\":\"https:\/\/www.paulmas.com\/en\/domains\/chateau-capendu\/#breadcrumb\"},\"inLanguage\":\"en-US\",\"potentialAction\":[{\"@type\":\"ReadAction\",\"target\":[\"https:\/\/www.paulmas.com\/en\/domains\/chateau-capendu\/\"]}]},{\"@type\":\"ImageObject\",\"inLanguage\":\"en-US\",\"@id\":\"https:\/\/www.paulmas.com\/en\/domains\/chateau-capendu\/#primaryimage\",\"url\":\"https:\/\/www.paulmas.com\/wp-content\/uploads\/2022\/01\/Logo-CHATEAU-CAPENDU-copie.jpg\",\"contentUrl\":\"https:\/\/www.paulmas.com\/wp-content\/uploads\/2022\/01\/Logo-CHATEAU-CAPENDU-copie.jpg\",\"width\":500,\"height\":500},{\"@type\":\"BreadcrumbList\",\"@id\":\"https:\/\/www.paulmas.com\/en\/domains\/chateau-capendu\/#breadcrumb\",\"itemListElement\":[{\"@type\":\"ListItem\",\"position\":1,\"name\":\"Accueil\",\"item\":\"https:\/\/www.paulmas.com\/en\/\"},{\"@type\":\"ListItem\",\"position\":2,\"name\":\"Domains\",\"item\":\"https:\/\/www.paulmas.com\/en\/domains\/\"},{\"@type\":\"ListItem\",\"position\":3,\"name\":\"Ch\u00e2teau Capendu\"}]},{\"@type\":\"WebSite\",\"@id\":\"https:\/\/www.paulmas.com\/#website\",\"url\":\"https:\/\/www.paulmas.com\/\",\"name\":\"Les Domaines Paul Mas\",\"description\":\"Le luxe rural depuis 1892\",\"potentialAction\":[{\"@type\":\"SearchAction\",\"target\":{\"@type\":\"EntryPoint\",\"urlTemplate\":\"https:\/\/www.paulmas.com\/?s={search_term_string}\"},\"query-input\":{\"@type\":\"PropertyValueSpecification\",\"valueRequired\":true,\"valueName\":\"search_term_string\"}}],\"inLanguage\":\"en-US\"}]}<\/script>\n<!-- \/ Yoast SEO plugin. -->","yoast_head_json":{"title":"Ch\u00e2teau Capendu - Les Domaines Paul Mas","robots":{"index":"index","follow":"follow","max-snippet":"max-snippet:-1","max-image-preview":"max-image-preview:large","max-video-preview":"max-video-preview:-1"},"canonical":"https:\/\/www.paulmas.com\/en\/domains\/chateau-capendu\/","og_locale":"en_US","og_type":"article","og_title":"Ch\u00e2teau Capendu - Les Domaines Paul Mas","og_description":"\u00a0 CH\u00c2TEAU CAPENDU Les Corbi\u00e8resSTORY Very close to Carcassonne, this domain with the same name as its village has existed since the 19th century. Its technical buildings have an appealing historic charm with concrete vats which protect the wines from the variations in temperature. Nevertheless, a second modern wine cellar has been built with thermo-regulated [&hellip;]","og_url":"https:\/\/www.paulmas.com\/en\/domains\/chateau-capendu\/","og_site_name":"Les Domaines Paul Mas","article_modified_time":"2026-01-29T09:57:26+00:00","og_image":[{"width":500,"height":500,"url":"https:\/\/www.paulmas.com\/wp-content\/uploads\/2022\/01\/Logo-CHATEAU-CAPENDU-copie.jpg","type":"image\/jpeg"}],"twitter_card":"summary_large_image","twitter_misc":{"Est. reading time":"8 minutes"},"schema":{"@context":"https:\/\/schema.org","@graph":[{"@type":"WebPage","@id":"https:\/\/www.paulmas.com\/en\/domains\/chateau-capendu\/","url":"https:\/\/www.paulmas.com\/en\/domains\/chateau-capendu\/","name":"Ch\u00e2teau Capendu - Les Domaines Paul Mas","isPartOf":{"@id":"https:\/\/www.paulmas.com\/#website"},"primaryImageOfPage":{"@id":"https:\/\/www.paulmas.com\/en\/domains\/chateau-capendu\/#primaryimage"},"image":{"@id":"https:\/\/www.paulmas.com\/en\/domains\/chateau-capendu\/#primaryimage"},"thumbnailUrl":"https:\/\/www.paulmas.com\/wp-content\/uploads\/2022\/01\/Logo-CHATEAU-CAPENDU-copie.jpg","datePublished":"2022-01-19T11:10:12+00:00","dateModified":"2026-01-29T09:57:26+00:00","breadcrumb":{"@id":"https:\/\/www.paulmas.com\/en\/domains\/chateau-capendu\/#breadcrumb"},"inLanguage":"en-US","potentialAction":[{"@type":"ReadAction","target":["https:\/\/www.paulmas.com\/en\/domains\/chateau-capendu\/"]}]},{"@type":"ImageObject","inLanguage":"en-US","@id":"https:\/\/www.paulmas.com\/en\/domains\/chateau-capendu\/#primaryimage","url":"https:\/\/www.paulmas.com\/wp-content\/uploads\/2022\/01\/Logo-CHATEAU-CAPENDU-copie.jpg","contentUrl":"https:\/\/www.paulmas.com\/wp-content\/uploads\/2022\/01\/Logo-CHATEAU-CAPENDU-copie.jpg","width":500,"height":500},{"@type":"BreadcrumbList","@id":"https:\/\/www.paulmas.com\/en\/domains\/chateau-capendu\/#breadcrumb","itemListElement":[{"@type":"ListItem","position":1,"name":"Accueil","item":"https:\/\/www.paulmas.com\/en\/"},{"@type":"ListItem","position":2,"name":"Domains","item":"https:\/\/www.paulmas.com\/en\/domains\/"},{"@type":"ListItem","position":3,"name":"Ch\u00e2teau Capendu"}]},{"@type":"WebSite","@id":"https:\/\/www.paulmas.com\/#website","url":"https:\/\/www.paulmas.com\/","name":"Les Domaines Paul Mas","description":"Le luxe rural depuis 1892","potentialAction":[{"@type":"SearchAction","target":{"@type":"EntryPoint","urlTemplate":"https:\/\/www.paulmas.com\/?s={search_term_string}"},"query-input":{"@type":"PropertyValueSpecification","valueRequired":true,"valueName":"search_term_string"}}],"inLanguage":"en-US"}]}},"_links":{"self":[{"href":"https:\/\/www.paulmas.com\/en\/wp-json\/wp\/v2\/pages\/8183","targetHints":{"allow":["GET"]}}],"collection":[{"href":"https:\/\/www.paulmas.com\/en\/wp-json\/wp\/v2\/pages"}],"about":[{"href":"https:\/\/www.paulmas.com\/en\/wp-json\/wp\/v2\/types\/page"}],"author":[{"embeddable":true,"href":"https:\/\/www.paulmas.com\/en\/wp-json\/wp\/v2\/users\/5"}],"replies":[{"embeddable":true,"href":"https:\/\/www.paulmas.com\/en\/wp-json\/wp\/v2\/comments?post=8183"}],"version-history":[{"count":14,"href":"https:\/\/www.paulmas.com\/en\/wp-json\/wp\/v2\/pages\/8183\/revisions"}],"predecessor-version":[{"id":16173,"href":"https:\/\/www.paulmas.com\/en\/wp-json\/wp\/v2\/pages\/8183\/revisions\/16173"}],"up":[{"embeddable":true,"href":"https:\/\/www.paulmas.com\/en\/wp-json\/wp\/v2\/pages\/1162"}],"wp:featuredmedia":[{"embeddable":true,"href":"https:\/\/www.paulmas.com\/en\/wp-json\/wp\/v2\/media\/8280"}],"wp:attachment":[{"href":"https:\/\/www.paulmas.com\/en\/wp-json\/wp\/v2\/media?parent=8183"}],"curies":[{"name":"wp","href":"https:\/\/api.w.org\/{rel}","templated":true}]}}