{"id":7956,"date":"2021-12-16T09:10:29","date_gmt":"2021-12-16T09:10:29","guid":{"rendered":"https:\/\/paulmas.com\/chateau-jeremie\/"},"modified":"2026-01-29T10:00:55","modified_gmt":"2026-01-29T10:00:55","slug":"chateau-jeremie-2","status":"publish","type":"page","link":"https:\/\/www.paulmas.com\/en\/domains\/chateau-jeremie-2\/","title":{"rendered":"Ch\u00e2teau J\u00e9r\u00e9mie"},"content":{"rendered":"<p>[et_pb_section fb_built=&#8221;1&#8243; custom_padding_last_edited=&#8221;on|tablet&#8221; _builder_version=&#8221;4.18.0&#8243; _module_preset=&#8221;default&#8221; background_video_mp4=&#8221;https:\/\/www.paulmas.com\/wp-content\/uploads\/videos-domaines\/jeremie.mp4&#8243; max_width=&#8221;97%&#8221; module_alignment=&#8221;center&#8221; min_height=&#8221;1079px&#8221; min_height_tablet=&#8221;1079px&#8221; min_height_phone=&#8221;1079px&#8221; min_height_last_edited=&#8221;on|phone&#8221; height=&#8221;1000px&#8221; height_tablet=&#8221;1000px&#8221; height_phone=&#8221;1000px&#8221; height_last_edited=&#8221;on|phone&#8221; max_height=&#8221;1000px&#8221; max_height_tablet=&#8221;1000px&#8221; max_height_phone=&#8221;1000px&#8221; max_height_last_edited=&#8221;on|phone&#8221; custom_padding=&#8221;||200px||false|false&#8221; custom_padding_tablet=&#8221;||350px||false|false&#8221; custom_padding_phone=&#8221;||350px||false|false&#8221; global_colors_info=&#8221;{}&#8221;][\/et_pb_section][et_pb_section fb_built=&#8221;1&#8243; _builder_version=&#8221;4.16&#8243; _module_preset=&#8221;default&#8221; custom_margin=&#8221;||-79px|||&#8221; global_colors_info=&#8221;{}&#8221;][et_pb_row _builder_version=&#8221;4.16&#8243; _module_preset=&#8221;default&#8221; global_colors_info=&#8221;{}&#8221;][et_pb_column type=&#8221;4_4&#8243; _builder_version=&#8221;4.16&#8243; _module_preset=&#8221;default&#8221; global_colors_info=&#8221;{}&#8221;][et_pb_text _builder_version=&#8221;4.16&#8243; _module_preset=&#8221;default&#8221; global_colors_info=&#8221;{}&#8221;]<\/p>\n<h1><strong>CH\u00c2TEAU J\u00c9R\u00c9MIE<\/strong><\/h1>\n<h2><em>At the heart of the Corbi\u00e8res<\/em><\/h2>\n<p>[\/et_pb_text][\/et_pb_column][\/et_pb_row][\/et_pb_section][et_pb_section fb_built=&#8221;1&#8243; specialty=&#8221;on&#8221; _builder_version=&#8221;4.16&#8243; _module_preset=&#8221;default&#8221; custom_padding=&#8221;26px|||||&#8221; global_colors_info=&#8221;{}&#8221;][et_pb_column type=&#8221;1_2&#8243; _builder_version=&#8221;4.16&#8243; custom_padding=&#8221;|||&#8221; global_colors_info=&#8221;{}&#8221; custom_padding__hover=&#8221;|||&#8221;][et_pb_divider show_divider=&#8221;off&#8221; _builder_version=&#8221;4.16&#8243; _module_preset=&#8221;default&#8221; height=&#8221;70px&#8221; global_colors_info=&#8221;{}&#8221;][\/et_pb_divider][et_pb_text _builder_version=&#8221;4.18.0&#8243; _module_preset=&#8221;default&#8221; global_colors_info=&#8221;{}&#8221;]<\/p>\n<h2 style=\"text-align: justify;\"><strong>STORY<\/strong><\/h2>\n<p style=\"text-align: justify;\">In the charming and endearing village of Fabrezan, in the heart of the Corbi\u00e8res, the sound of horse hooves and the armor of Cathar riders still seems to resonate in the Orbieu valley.<\/p>\n<p style=\"text-align: justify;\">In 2014, we completely renovated the winery which is a true work of architecture in the center of the village. The two reception docks, one of which is entirely gravity-fed, allows vinification using traditional maceration and carbonic maceration.<\/p>\n<p>[\/et_pb_text][\/et_pb_column][et_pb_column type=&#8221;1_2&#8243; specialty_columns=&#8221;2&#8243; _builder_version=&#8221;4.16&#8243; custom_padding=&#8221;|||&#8221; global_colors_info=&#8221;{}&#8221; custom_padding__hover=&#8221;|||&#8221;][et_pb_row_inner _builder_version=&#8221;4.18.0&#8243; _module_preset=&#8221;default&#8221; module_alignment=&#8221;left&#8221; global_colors_info=&#8221;{}&#8221;][et_pb_column_inner saved_specialty_column_type=&#8221;1_2&#8243; _builder_version=&#8221;4.16&#8243; _module_preset=&#8221;default&#8221; global_colors_info=&#8221;{}&#8221;][et_pb_divider show_divider=&#8221;off&#8221; _builder_version=&#8221;4.16&#8243; _module_preset=&#8221;default&#8221; height=&#8221;25px&#8221; global_colors_info=&#8221;{}&#8221;][\/et_pb_divider][et_pb_image src=&#8221;https:\/\/www.paulmas.com\/wp-content\/uploads\/2026\/01\/Chateau-Jeremie.jpg&#8221; alt=&#8221;Chateau-Jeremie&#8221; title_text=&#8221;Chateau-Jeremie&#8221; align_tablet=&#8221;center&#8221; align_phone=&#8221;center&#8221; align_last_edited=&#8221;on|phone&#8221; _builder_version=&#8221;4.27.4&#8243; _module_preset=&#8221;default&#8221; width_tablet=&#8221;&#8221; width_phone=&#8221;&#8221; width_last_edited=&#8221;on|tablet&#8221; max_width_tablet=&#8221;&#8221; max_width_phone=&#8221;&#8221; max_width_last_edited=&#8221;on|phone&#8221; module_alignment=&#8221;left&#8221; min_height_tablet=&#8221;&#8221; min_height_phone=&#8221;&#8221; min_height_last_edited=&#8221;on|phone&#8221; height_tablet=&#8221;&#8221; height_phone=&#8221;&#8221; height_last_edited=&#8221;on|phone&#8221; max_height_tablet=&#8221;&#8221; max_height_phone=&#8221;&#8221; max_height_last_edited=&#8221;on|tablet&#8221; custom_padding=&#8221;|||266px||&#8221; custom_padding_tablet=&#8221;|||0px|false|false&#8221; custom_padding_phone=&#8221;|||0px|false|false&#8221; custom_padding_last_edited=&#8221;on|phone&#8221; hover_enabled=&#8221;0&#8243; module_alignment_tablet=&#8221;center&#8221; module_alignment_phone=&#8221;center&#8221; module_alignment_last_edited=&#8221;on|tablet&#8221; global_colors_info=&#8221;{}&#8221; sticky_enabled=&#8221;0&#8243;][\/et_pb_image][\/et_pb_column_inner][\/et_pb_row_inner][\/et_pb_column][\/et_pb_section][et_pb_section fb_built=&#8221;1&#8243; specialty=&#8221;on&#8221; _builder_version=&#8221;4.16&#8243; _module_preset=&#8221;default&#8221; custom_padding=&#8221;0px|||||&#8221; global_colors_info=&#8221;{}&#8221;][et_pb_column type=&#8221;1_2&#8243; specialty_columns=&#8221;2&#8243; _builder_version=&#8221;4.16&#8243; custom_padding=&#8221;|||&#8221; global_colors_info=&#8221;{}&#8221; custom_padding__hover=&#8221;|||&#8221;][et_pb_row_inner _builder_version=&#8221;4.16&#8243; _module_preset=&#8221;default&#8221; global_colors_info=&#8221;{}&#8221;][et_pb_column_inner saved_specialty_column_type=&#8221;1_2&#8243; _builder_version=&#8221;4.16&#8243; _module_preset=&#8221;default&#8221; global_colors_info=&#8221;{}&#8221;][et_pb_image src=&#8221;https:\/\/www.paulmas.com\/wp-content\/uploads\/2026\/01\/CHATEAU-JEREMIE-Au-coeur-des-corbieres.jpg&#8221; alt=&#8221;Ch\u00e2teau J\u00e9r\u00e9mie&#8221; title_text=&#8221;CH\u00c2TEAU-J\u00c9R\u00c9MIE-Au-coeur-des-corbi\u00e8res&#8221; align_tablet=&#8221;center&#8221; align_phone=&#8221;center&#8221; align_last_edited=&#8221;on|tablet&#8221; _builder_version=&#8221;4.27.4&#8243; _module_preset=&#8221;default&#8221; max_height=&#8221;285px&#8221; max_height_tablet=&#8221;285px&#8221; max_height_phone=&#8221;285px&#8221; max_height_last_edited=&#8221;on|tablet&#8221; custom_margin=&#8221;-74px|||||&#8221; hover_enabled=&#8221;0&#8243; global_colors_info=&#8221;{}&#8221; sticky_enabled=&#8221;0&#8243;][\/et_pb_image][\/et_pb_column_inner][\/et_pb_row_inner][\/et_pb_column][et_pb_column type=&#8221;1_2&#8243; _builder_version=&#8221;4.16&#8243; custom_padding=&#8221;|||&#8221; global_colors_info=&#8221;{}&#8221; custom_padding__hover=&#8221;|||&#8221;][et_pb_text _builder_version=&#8221;4.18.0&#8243; _module_preset=&#8221;default&#8221; global_colors_info=&#8221;{}&#8221;]<\/p>\n<h2 style=\"text-align: justify;\"><strong>TERROIR<\/strong><\/h2>\n<p style=\"text-align: justify;\">At the foothill of the Alaric, the J\u00e9r\u00e9mie vineyard covers 68 hectares in the Languedoc, Corbi\u00e8res and Corbi\u00e8res-Boutenac appellations and enjoys a typical Mediterranean climate at an altitude varying from 40 to 150 meters. The soils are gravelly clay-limestone, rolled pebbles and sandstone.<\/p>\n<p>[\/et_pb_text][\/et_pb_column][\/et_pb_section][et_pb_section fb_built=&#8221;1&#8243; _builder_version=&#8221;4.16&#8243; _module_preset=&#8221;default&#8221; global_colors_info=&#8221;{}&#8221;][et_pb_row _builder_version=&#8221;4.16&#8243; _module_preset=&#8221;default&#8221; global_colors_info=&#8221;{}&#8221;][et_pb_column type=&#8221;4_4&#8243; _builder_version=&#8221;4.16&#8243; _module_preset=&#8221;default&#8221; global_colors_info=&#8221;{}&#8221;][et_pb_text _builder_version=&#8221;4.16&#8243; _module_preset=&#8221;default&#8221; global_colors_info=&#8221;{}&#8221;]<\/p>\n<h2><strong>AT A GLANCE <\/strong><\/h2>\n<p>[\/et_pb_text][\/et_pb_column][\/et_pb_row][et_pb_row column_structure=&#8221;1_2,1_2&#8243; use_custom_gutter=&#8221;on&#8221; gutter_width=&#8221;1&#8243; make_equal=&#8221;on&#8221; disabled_on=&#8221;off|off|off&#8221; _builder_version=&#8221;4.18.0&#8243; _module_preset=&#8221;default&#8221; width=&#8221;60%&#8221; width_tablet=&#8221;100%&#8221; width_phone=&#8221;90%&#8221; width_last_edited=&#8221;on|phone&#8221; max_width=&#8221;none&#8221; custom_padding=&#8221;||0px|50px|false|false&#8221; locked=&#8221;off&#8221; global_colors_info=&#8221;{}&#8221;][et_pb_column type=&#8221;1_2&#8243; _builder_version=&#8221;4.16&#8243; _module_preset=&#8221;default&#8221; global_colors_info=&#8221;{}&#8221;][et_pb_testimonial portrait_url=&#8221;https:\/\/www.paulmas.com\/wp-content\/uploads\/2022\/09\/Localisation-OR-Domaines-Paul-Mas.png&#8221; quote_icon=&#8221;off&#8221; _builder_version=&#8221;4.18.0&#8243; _module_preset=&#8221;default&#8221; background_color=&#8221;#FFFFFF&#8221; border_radii_portrait=&#8221;on|0px|0px|0px|0px&#8221; border_color_all_portrait=&#8221;RGBA(255,255,255,0)&#8221; border_style_all_portrait=&#8221;none&#8221; box_shadow_style_image=&#8221;preset1&#8243; global_colors_info=&#8221;{}&#8221;]<\/p>\n<p><span style=\"text-decoration: underline;\"><strong>Location<\/strong><\/span><\/p>\n<p>In Fabrezan, anchored in the Corbi\u00e8res terroir between Narbonne and Carcassonne<\/p>\n<p>[\/et_pb_testimonial][et_pb_testimonial portrait_url=&#8221;https:\/\/www.paulmas.com\/wp-content\/uploads\/2022\/09\/Vignoble-OR-Domaines-Paul-Mas.png&#8221; quote_icon=&#8221;off&#8221; _builder_version=&#8221;4.18.0&#8243; _module_preset=&#8221;default&#8221; background_color=&#8221;#FFFFFF&#8221; border_radii_portrait=&#8221;on|20px|20px|20px|20px&#8221; box_shadow_style_image=&#8221;preset1&#8243; global_colors_info=&#8221;{}&#8221;]<\/p>\n<p><span style=\"text-decoration: underline;\"><strong>Vineyards<\/strong><\/span><\/p>\n<p>68 hectares<\/p>\n<p>[\/et_pb_testimonial][et_pb_testimonial portrait_url=&#8221;https:\/\/www.paulmas.com\/wp-content\/uploads\/2022\/09\/Sol-OR-Domaines-Paul-Mas.png&#8221; quote_icon=&#8221;off&#8221; _builder_version=&#8221;4.18.0&#8243; _module_preset=&#8221;default&#8221; background_color=&#8221;#FFFFFF&#8221; border_radii_portrait=&#8221;on|20px|20px|20px|20px&#8221; box_shadow_style_image=&#8221;preset1&#8243; global_colors_info=&#8221;{}&#8221;]<\/p>\n<p><span style=\"text-decoration: underline;\"><strong>Soil<\/strong><\/span><\/p>\n<p>\u00a0Clay and chalk with red sandstone<\/p>\n<p>[\/et_pb_testimonial][\/et_pb_column][et_pb_column type=&#8221;1_2&#8243; _builder_version=&#8221;4.16&#8243; _module_preset=&#8221;default&#8221; global_colors_info=&#8221;{}&#8221;][et_pb_testimonial portrait_url=&#8221;https:\/\/www.paulmas.com\/wp-content\/uploads\/2022\/09\/Appellation-OR-Domaines-Paul-Mas.png&#8221; quote_icon=&#8221;off&#8221; _builder_version=&#8221;4.18.0&#8243; _module_preset=&#8221;default&#8221; background_color=&#8221;#FFFFFF&#8221; border_radii_portrait=&#8221;on|20px|20px|20px|20px&#8221; box_shadow_style_image=&#8221;preset1&#8243; global_colors_info=&#8221;{}&#8221;]<\/p>\n<p><span style=\"text-decoration: underline;\"><strong>Appellations<\/strong><\/span><\/p>\n<ul>\n<li>AOP Corbi\u00e8res<\/li>\n<li>AOP Corbi\u00e8res-Boutenac<\/li>\n<\/ul>\n<p>[\/et_pb_testimonial][et_pb_testimonial portrait_url=&#8221;https:\/\/www.paulmas.com\/wp-content\/uploads\/2022\/09\/Altitude-OR.png&#8221; quote_icon=&#8221;off&#8221; _builder_version=&#8221;4.18.0&#8243; _module_preset=&#8221;default&#8221; background_color=&#8221;#FFFFFF&#8221; border_radii_portrait=&#8221;on|20px|20px|20px|20px&#8221; box_shadow_style_image=&#8221;preset1&#8243; global_colors_info=&#8221;{}&#8221;]<\/p>\n<p><span style=\"text-decoration: underline;\"><strong>Elevation<\/strong><\/span><\/p>\n<p>80-100 metres<\/p>\n<p>[\/et_pb_testimonial][et_pb_testimonial portrait_url=&#8221;https:\/\/www.paulmas.com\/wp-content\/uploads\/2022\/09\/Climat-OR-Domaines-Paul-Mas.png&#8221; quote_icon=&#8221;off&#8221; _builder_version=&#8221;4.18.0&#8243; _module_preset=&#8221;default&#8221; background_color=&#8221;#FFFFFF&#8221; border_radii_portrait=&#8221;on|20px|20px|20px|20px&#8221; box_shadow_style_image=&#8221;preset1&#8243; global_colors_info=&#8221;{}&#8221;]<\/p>\n<p><span style=\"text-decoration: underline;\"><strong>Climate<\/strong><\/span><\/p>\n<p>\u00a0Mediterranean<\/p>\n<p>[\/et_pb_testimonial][\/et_pb_column][\/et_pb_row][et_pb_row _builder_version=&#8221;4.16&#8243; _module_preset=&#8221;default&#8221; global_colors_info=&#8221;{}&#8221;][et_pb_column type=&#8221;4_4&#8243; _builder_version=&#8221;4.16&#8243; _module_preset=&#8221;default&#8221; global_colors_info=&#8221;{}&#8221;][et_pb_text _builder_version=&#8221;4.16&#8243; _module_preset=&#8221;default&#8221; global_colors_info=&#8221;{}&#8221;]<\/p>\n<h2><strong>THE WINES<\/strong><\/h2>\n<p>[\/et_pb_text][\/et_pb_column][\/et_pb_row][et_pb_row column_structure=&#8221;1_3,1_3,1_3&#8243; _builder_version=&#8221;4.16&#8243; _module_preset=&#8221;default&#8221; global_colors_info=&#8221;{}&#8221; locked=&#8221;off&#8221;][et_pb_column type=&#8221;1_3&#8243; _builder_version=&#8221;4.16&#8243; _module_preset=&#8221;default&#8221; global_colors_info=&#8221;{}&#8221;][et_pb_image src=&#8221;https:\/\/www.paulmas.com\/wp-content\/uploads\/2021\/12\/TERROIR-DES-CORBIERES-HD.jpg&#8221; alt=&#8221;Clos Moulinas de Ch\u00e2teau Paul Mas.&#8221; title_text=&#8221;TERROIR-DES-CORBIERES-HD&#8221; url=&#8221;https:\/\/www.avenuedesvins.fr\/fr\/vin-AOC-CORBIERES-BOUTENAC-chateau-jeremie-terroir-des-corbieres-3176.html&#8221; url_new_window=&#8221;on&#8221; src_last_edited=&#8221;off|desktop&#8221; align_tablet=&#8221;center&#8221; align_phone=&#8221;center&#8221; align_last_edited=&#8221;on|phone&#8221; _builder_version=&#8221;4.27.4&#8243; _module_preset=&#8221;default&#8221; hover_enabled=&#8221;0&#8243; global_colors_info=&#8221;{}&#8221; src__hover_enabled=&#8221;on|hover&#8221; transform_styles__hover_enabled=&#8221;on|hover&#8221; transform_scale__hover_enabled=&#8221;on|hover&#8221; transform_translate__hover_enabled=&#8221;on|desktop&#8221; transform_rotate__hover_enabled=&#8221;on|desktop&#8221; transform_skew__hover_enabled=&#8221;on|desktop&#8221; transform_origin__hover_enabled=&#8221;on|desktop&#8221; transform_scale__hover=&#8221;120%|120%&#8221; src__hover=&#8221;https:\/\/www.paulmas.com\/wp-content\/uploads\/2021\/12\/TERROIR-DES-CORBIERES-HD.jpg&#8221; sticky_enabled=&#8221;0&#8243;][\/et_pb_image][\/et_pb_column][et_pb_column type=&#8221;1_3&#8243; _builder_version=&#8221;4.16&#8243; _module_preset=&#8221;default&#8221; global_colors_info=&#8221;{}&#8221;][et_pb_image src=&#8221;https:\/\/www.paulmas.com\/wp-content\/uploads\/2026\/01\/Y-Chateau-Jeremie-1.png&#8221; alt=&#8221;Y Ch\u00e2teau J\u00e9r\u00e9mie&#8221; title_text=&#8221;Y Ch\u00e2teau J\u00e9r\u00e9mie&#8221; url=&#8221;https:\/\/www.avenuedesvins.fr\/fr\/vin-AOC-CORBIERES-BOUTENAC-y-de-jeremie-8518.html&#8221; url_new_window=&#8221;on&#8221; align_tablet=&#8221;center&#8221; align_phone=&#8221;center&#8221; align_last_edited=&#8221;on|phone&#8221; _builder_version=&#8221;4.27.4&#8243; _module_preset=&#8221;default&#8221; hover_enabled=&#8221;0&#8243; global_colors_info=&#8221;{}&#8221; transform_styles__hover_enabled=&#8221;on|hover&#8221; transform_scale__hover_enabled=&#8221;on|hover&#8221; transform_translate__hover_enabled=&#8221;on|desktop&#8221; transform_rotate__hover_enabled=&#8221;on|desktop&#8221; transform_skew__hover_enabled=&#8221;on|desktop&#8221; transform_origin__hover_enabled=&#8221;on|desktop&#8221; transform_scale__hover=&#8221;120%|120%&#8221; sticky_enabled=&#8221;0&#8243;][\/et_pb_image][\/et_pb_column][et_pb_column type=&#8221;1_3&#8243; _builder_version=&#8221;4.16&#8243; _module_preset=&#8221;default&#8221; global_colors_info=&#8221;{}&#8221;][\/et_pb_column][\/et_pb_row][\/et_pb_section]<\/p>\n","protected":false},"excerpt":{"rendered":"<p>CH\u00c2TEAU J\u00c9R\u00c9MIE At the heart of the Corbi\u00e8resSTORY In the charming and endearing village of Fabrezan, in the heart of the Corbi\u00e8res, the sound of horse hooves and the armor of Cathar riders still seems to resonate in the Orbieu valley. In 2014, we completely renovated the winery which is a true work of architecture [&hellip;]<\/p>\n","protected":false},"author":5,"featured_media":5132,"parent":1162,"menu_order":0,"comment_status":"closed","ping_status":"closed","template":"","meta":{"_et_pb_use_builder":"on","_et_pb_old_content":"","_et_gb_content_width":"","footnotes":""},"class_list":["post-7956","page","type-page","status-publish","has-post-thumbnail","hentry"],"yoast_head":"<!-- This site is optimized with the Yoast SEO plugin v27.1.1 - https:\/\/yoast.com\/product\/yoast-seo-wordpress\/ -->\n<title>Ch\u00e2teau J\u00e9r\u00e9mie - Les Domaines Paul Mas<\/title>\n<meta name=\"robots\" content=\"index, follow, max-snippet:-1, max-image-preview:large, max-video-preview:-1\" \/>\n<link rel=\"canonical\" href=\"https:\/\/www.paulmas.com\/les-domaines\/chateau-jeremie-2\/\" \/>\n<meta property=\"og:locale\" content=\"en_US\" \/>\n<meta property=\"og:type\" content=\"article\" \/>\n<meta property=\"og:title\" content=\"Ch\u00e2teau J\u00e9r\u00e9mie - Les Domaines Paul Mas\" \/>\n<meta property=\"og:description\" content=\"CH\u00c2TEAU J\u00c9R\u00c9MIE At the heart of the Corbi\u00e8resSTORY In the charming and endearing village of Fabrezan, in the heart of the Corbi\u00e8res, the sound of horse hooves and the armor of Cathar riders still seems to resonate in the Orbieu valley. In 2014, we completely renovated the winery which is a true work of architecture [&hellip;]\" \/>\n<meta property=\"og:url\" content=\"https:\/\/www.paulmas.com\/les-domaines\/chateau-jeremie-2\/\" \/>\n<meta property=\"og:site_name\" content=\"Les Domaines Paul Mas\" \/>\n<meta property=\"article:modified_time\" content=\"2026-01-29T10:00:55+00:00\" \/>\n<meta property=\"og:image\" content=\"https:\/\/www.paulmas.com\/wp-content\/uploads\/2021\/03\/CHATEAU-JEREMIE.jpg\" \/>\n\t<meta property=\"og:image:width\" content=\"2082\" \/>\n\t<meta property=\"og:image:height\" content=\"2560\" \/>\n\t<meta property=\"og:image:type\" content=\"image\/jpeg\" \/>\n<meta name=\"twitter:card\" content=\"summary_large_image\" \/>\n<meta name=\"twitter:label1\" content=\"Est. reading time\" \/>\n\t<meta name=\"twitter:data1\" content=\"8 minutes\" \/>\n<script type=\"application\/ld+json\" class=\"yoast-schema-graph\">{\"@context\":\"https:\/\/schema.org\",\"@graph\":[{\"@type\":\"WebPage\",\"@id\":\"https:\/\/www.paulmas.com\/les-domaines\/chateau-jeremie-2\/\",\"url\":\"https:\/\/www.paulmas.com\/les-domaines\/chateau-jeremie-2\/\",\"name\":\"Ch\u00e2teau J\u00e9r\u00e9mie - Les Domaines Paul Mas\",\"isPartOf\":{\"@id\":\"https:\/\/www.paulmas.com\/#website\"},\"primaryImageOfPage\":{\"@id\":\"https:\/\/www.paulmas.com\/les-domaines\/chateau-jeremie-2\/#primaryimage\"},\"image\":{\"@id\":\"https:\/\/www.paulmas.com\/les-domaines\/chateau-jeremie-2\/#primaryimage\"},\"thumbnailUrl\":\"https:\/\/www.paulmas.com\/wp-content\/uploads\/2021\/03\/CHATEAU-JEREMIE.jpg\",\"datePublished\":\"2021-12-16T09:10:29+00:00\",\"dateModified\":\"2026-01-29T10:00:55+00:00\",\"breadcrumb\":{\"@id\":\"https:\/\/www.paulmas.com\/les-domaines\/chateau-jeremie-2\/#breadcrumb\"},\"inLanguage\":\"en-US\",\"potentialAction\":[{\"@type\":\"ReadAction\",\"target\":[\"https:\/\/www.paulmas.com\/les-domaines\/chateau-jeremie-2\/\"]}]},{\"@type\":\"ImageObject\",\"inLanguage\":\"en-US\",\"@id\":\"https:\/\/www.paulmas.com\/les-domaines\/chateau-jeremie-2\/#primaryimage\",\"url\":\"https:\/\/www.paulmas.com\/wp-content\/uploads\/2021\/03\/CHATEAU-JEREMIE.jpg\",\"contentUrl\":\"https:\/\/www.paulmas.com\/wp-content\/uploads\/2021\/03\/CHATEAU-JEREMIE.jpg\",\"width\":2082,\"height\":2560,\"caption\":\"Logo Chateau Jeremie\"},{\"@type\":\"BreadcrumbList\",\"@id\":\"https:\/\/www.paulmas.com\/les-domaines\/chateau-jeremie-2\/#breadcrumb\",\"itemListElement\":[{\"@type\":\"ListItem\",\"position\":1,\"name\":\"Accueil\",\"item\":\"https:\/\/www.paulmas.com\/en\/\"},{\"@type\":\"ListItem\",\"position\":2,\"name\":\"Domains\",\"item\":\"https:\/\/www.paulmas.com\/en\/domains\/\"},{\"@type\":\"ListItem\",\"position\":3,\"name\":\"Ch\u00e2teau J\u00e9r\u00e9mie\"}]},{\"@type\":\"WebSite\",\"@id\":\"https:\/\/www.paulmas.com\/#website\",\"url\":\"https:\/\/www.paulmas.com\/\",\"name\":\"Les Domaines Paul Mas\",\"description\":\"Le luxe rural depuis 1892\",\"potentialAction\":[{\"@type\":\"SearchAction\",\"target\":{\"@type\":\"EntryPoint\",\"urlTemplate\":\"https:\/\/www.paulmas.com\/?s={search_term_string}\"},\"query-input\":{\"@type\":\"PropertyValueSpecification\",\"valueRequired\":true,\"valueName\":\"search_term_string\"}}],\"inLanguage\":\"en-US\"}]}<\/script>\n<!-- \/ Yoast SEO plugin. -->","yoast_head_json":{"title":"Ch\u00e2teau J\u00e9r\u00e9mie - Les Domaines Paul Mas","robots":{"index":"index","follow":"follow","max-snippet":"max-snippet:-1","max-image-preview":"max-image-preview:large","max-video-preview":"max-video-preview:-1"},"canonical":"https:\/\/www.paulmas.com\/les-domaines\/chateau-jeremie-2\/","og_locale":"en_US","og_type":"article","og_title":"Ch\u00e2teau J\u00e9r\u00e9mie - Les Domaines Paul Mas","og_description":"CH\u00c2TEAU J\u00c9R\u00c9MIE At the heart of the Corbi\u00e8resSTORY In the charming and endearing village of Fabrezan, in the heart of the Corbi\u00e8res, the sound of horse hooves and the armor of Cathar riders still seems to resonate in the Orbieu valley. In 2014, we completely renovated the winery which is a true work of architecture [&hellip;]","og_url":"https:\/\/www.paulmas.com\/les-domaines\/chateau-jeremie-2\/","og_site_name":"Les Domaines Paul Mas","article_modified_time":"2026-01-29T10:00:55+00:00","og_image":[{"width":2082,"height":2560,"url":"https:\/\/www.paulmas.com\/wp-content\/uploads\/2021\/03\/CHATEAU-JEREMIE.jpg","type":"image\/jpeg"}],"twitter_card":"summary_large_image","twitter_misc":{"Est. reading time":"8 minutes"},"schema":{"@context":"https:\/\/schema.org","@graph":[{"@type":"WebPage","@id":"https:\/\/www.paulmas.com\/les-domaines\/chateau-jeremie-2\/","url":"https:\/\/www.paulmas.com\/les-domaines\/chateau-jeremie-2\/","name":"Ch\u00e2teau J\u00e9r\u00e9mie - Les Domaines Paul Mas","isPartOf":{"@id":"https:\/\/www.paulmas.com\/#website"},"primaryImageOfPage":{"@id":"https:\/\/www.paulmas.com\/les-domaines\/chateau-jeremie-2\/#primaryimage"},"image":{"@id":"https:\/\/www.paulmas.com\/les-domaines\/chateau-jeremie-2\/#primaryimage"},"thumbnailUrl":"https:\/\/www.paulmas.com\/wp-content\/uploads\/2021\/03\/CHATEAU-JEREMIE.jpg","datePublished":"2021-12-16T09:10:29+00:00","dateModified":"2026-01-29T10:00:55+00:00","breadcrumb":{"@id":"https:\/\/www.paulmas.com\/les-domaines\/chateau-jeremie-2\/#breadcrumb"},"inLanguage":"en-US","potentialAction":[{"@type":"ReadAction","target":["https:\/\/www.paulmas.com\/les-domaines\/chateau-jeremie-2\/"]}]},{"@type":"ImageObject","inLanguage":"en-US","@id":"https:\/\/www.paulmas.com\/les-domaines\/chateau-jeremie-2\/#primaryimage","url":"https:\/\/www.paulmas.com\/wp-content\/uploads\/2021\/03\/CHATEAU-JEREMIE.jpg","contentUrl":"https:\/\/www.paulmas.com\/wp-content\/uploads\/2021\/03\/CHATEAU-JEREMIE.jpg","width":2082,"height":2560,"caption":"Logo Chateau Jeremie"},{"@type":"BreadcrumbList","@id":"https:\/\/www.paulmas.com\/les-domaines\/chateau-jeremie-2\/#breadcrumb","itemListElement":[{"@type":"ListItem","position":1,"name":"Accueil","item":"https:\/\/www.paulmas.com\/en\/"},{"@type":"ListItem","position":2,"name":"Domains","item":"https:\/\/www.paulmas.com\/en\/domains\/"},{"@type":"ListItem","position":3,"name":"Ch\u00e2teau J\u00e9r\u00e9mie"}]},{"@type":"WebSite","@id":"https:\/\/www.paulmas.com\/#website","url":"https:\/\/www.paulmas.com\/","name":"Les Domaines Paul Mas","description":"Le luxe rural depuis 1892","potentialAction":[{"@type":"SearchAction","target":{"@type":"EntryPoint","urlTemplate":"https:\/\/www.paulmas.com\/?s={search_term_string}"},"query-input":{"@type":"PropertyValueSpecification","valueRequired":true,"valueName":"search_term_string"}}],"inLanguage":"en-US"}]}},"_links":{"self":[{"href":"https:\/\/www.paulmas.com\/en\/wp-json\/wp\/v2\/pages\/7956","targetHints":{"allow":["GET"]}}],"collection":[{"href":"https:\/\/www.paulmas.com\/en\/wp-json\/wp\/v2\/pages"}],"about":[{"href":"https:\/\/www.paulmas.com\/en\/wp-json\/wp\/v2\/types\/page"}],"author":[{"embeddable":true,"href":"https:\/\/www.paulmas.com\/en\/wp-json\/wp\/v2\/users\/5"}],"replies":[{"embeddable":true,"href":"https:\/\/www.paulmas.com\/en\/wp-json\/wp\/v2\/comments?post=7956"}],"version-history":[{"count":10,"href":"https:\/\/www.paulmas.com\/en\/wp-json\/wp\/v2\/pages\/7956\/revisions"}],"predecessor-version":[{"id":16174,"href":"https:\/\/www.paulmas.com\/en\/wp-json\/wp\/v2\/pages\/7956\/revisions\/16174"}],"up":[{"embeddable":true,"href":"https:\/\/www.paulmas.com\/en\/wp-json\/wp\/v2\/pages\/1162"}],"wp:featuredmedia":[{"embeddable":true,"href":"https:\/\/www.paulmas.com\/en\/wp-json\/wp\/v2\/media\/5132"}],"wp:attachment":[{"href":"https:\/\/www.paulmas.com\/en\/wp-json\/wp\/v2\/media?parent=7956"}],"curies":[{"name":"wp","href":"https:\/\/api.w.org\/{rel}","templated":true}]}}