{"id":7242,"date":"2021-10-21T08:40:34","date_gmt":"2021-10-21T08:40:34","guid":{"rendered":"https:\/\/paulmas.com\/?page_id=7242"},"modified":"2026-01-29T11:46:34","modified_gmt":"2026-01-29T11:46:34","slug":"domaine-du-silene-2","status":"publish","type":"page","link":"https:\/\/www.paulmas.com\/en\/domains\/domaine-du-silene-2\/","title":{"rendered":"Domaine du Sil\u00e8ne"},"content":{"rendered":"<p>[et_pb_section fb_built=&#8221;1&#8243; custom_padding_last_edited=&#8221;on|tablet&#8221; _builder_version=&#8221;4.18.0&#8243; _module_preset=&#8221;default&#8221; background_video_mp4=&#8221;https:\/\/www.paulmas.com\/wp-content\/uploads\/videos-domaines\/silene.mp4&#8243; max_width=&#8221;100%&#8221; module_alignment=&#8221;center&#8221; min_height=&#8221;1079px&#8221; min_height_tablet=&#8221;auto&#8221; min_height_phone=&#8221;auto&#8221; min_height_last_edited=&#8221;on|phone&#8221; height=&#8221;1000px&#8221; height_tablet=&#8221;auto&#8221; height_phone=&#8221;auto&#8221; height_last_edited=&#8221;on|phone&#8221; max_height=&#8221;1000px&#8221; max_height_tablet=&#8221;&#8221; max_height_phone=&#8221;&#8221; max_height_last_edited=&#8221;on|phone&#8221; custom_padding=&#8221;||503px|||&#8221; custom_padding_tablet=&#8221;||350px||false|false&#8221; custom_padding_phone=&#8221;||200px||false|false&#8221; global_colors_info=&#8221;{}&#8221;][\/et_pb_section][et_pb_section fb_built=&#8221;1&#8243; _builder_version=&#8221;4.16&#8243; _module_preset=&#8221;default&#8221; custom_margin=&#8221;||-79px|||&#8221; global_colors_info=&#8221;{}&#8221;][et_pb_row _builder_version=&#8221;4.16&#8243; _module_preset=&#8221;default&#8221; global_colors_info=&#8221;{}&#8221;][et_pb_column type=&#8221;4_4&#8243; _builder_version=&#8221;4.16&#8243; _module_preset=&#8221;default&#8221; global_colors_info=&#8221;{}&#8221;][et_pb_text _builder_version=&#8221;4.16&#8243; _module_preset=&#8221;default&#8221; global_colors_info=&#8221;{}&#8221;]<\/p>\n<p><strong>\u00a0<\/strong><\/p>\n<h1><strong>DOMAINE DU SIL\u00c8NE<\/strong><\/h1>\n<h2><em>The paradise of the hawk and the Kestrel<\/em><\/h2>\n<p>[\/et_pb_text][\/et_pb_column][\/et_pb_row][\/et_pb_section][et_pb_section fb_built=&#8221;1&#8243; specialty=&#8221;on&#8221; _builder_version=&#8221;4.16&#8243; _module_preset=&#8221;default&#8221; custom_padding=&#8221;26px|||||&#8221; global_colors_info=&#8221;{}&#8221;][et_pb_column type=&#8221;1_2&#8243; _builder_version=&#8221;4.16&#8243; custom_padding=&#8221;|||&#8221; global_colors_info=&#8221;{}&#8221; custom_padding__hover=&#8221;|||&#8221;][et_pb_text _builder_version=&#8221;4.16&#8243; _module_preset=&#8221;default&#8221; custom_padding=&#8221;|20px||||&#8221; global_colors_info=&#8221;{}&#8221;]<\/p>\n<h2><strong>STORY<\/strong><\/h2>\n<p style=\"text-align: justify;\">\u201cAt Domaine du Sil\u00e8ne, the fusion of the best Italian know-how and the terroirs of the South of France is being prepared\u201d.<\/p>\n<p style=\"text-align: justify;\">It is the result of a collaboration started in 1992 between Jean-Claude Mas and his mentor, Giorgio Grai <em>(recognized as one of the greatest oenologists in the world, Luigi Verronelli Prize 2015),<\/em> which allowed Jean-Claude Mas to realize the dream of his grandfather, Raymond Mas, by acquiring the Domaine du Sil\u00e8ne in 2014.<\/p>\n<p style=\"text-align: justify;\">Adjacent to Ch\u00e2teau Paul Mas, near the Cistercian abbey of Valmagne, you can admire a 360\u00b0 view of the H\u00e9rault valley, the Mediterranean Sea, the C\u00e9vennes, the Montagne Noire and the Pyrenees. The vines are surrounded by truffle oaks, an olive grove, all protected by pine forests and scrubland. Rural Luxury at its peak.<\/p>\n<p style=\"text-align: justify;\">The name of <em>Sil\u00e8ne<\/em> was born from the discovery of a rock in its very stony ground (Peyrals) which would have represented the head of <em>Sil\u00e8ne<\/em>, the preceptor of Bacchus (Roman God corresponding to Dionysus in Greek mythology, the God of the vine).<\/p>\n<p>[\/et_pb_text][\/et_pb_column][et_pb_column type=&#8221;1_2&#8243; specialty_columns=&#8221;2&#8243; _builder_version=&#8221;4.16&#8243; custom_padding=&#8221;|||&#8221; global_colors_info=&#8221;{}&#8221; custom_padding__hover=&#8221;|||&#8221;][et_pb_row_inner _builder_version=&#8221;4.16&#8243; _module_preset=&#8221;default&#8221; width=&#8221;100%&#8221; module_alignment=&#8221;right&#8221; global_colors_info=&#8221;{}&#8221;][et_pb_column_inner saved_specialty_column_type=&#8221;1_2&#8243; _builder_version=&#8221;4.16&#8243; _module_preset=&#8221;default&#8221; global_colors_info=&#8221;{}&#8221;][et_pb_divider show_divider=&#8221;off&#8221; _builder_version=&#8221;4.16&#8243; _module_preset=&#8221;default&#8221; height=&#8221;100px&#8221; global_colors_info=&#8221;{}&#8221;][\/et_pb_divider][et_pb_image src=&#8221;https:\/\/www.paulmas.com\/wp-content\/uploads\/2026\/01\/Domaine-du-Silene.jpg&#8221; alt=&#8221;Domaine-du-Sil\u00e8ne&#8221; title_text=&#8221;Domaine-du-Sil\u00e8ne&#8221; _builder_version=&#8221;4.27.4&#8243; _module_preset=&#8221;default&#8221; width=&#8221;100%&#8221; module_alignment=&#8221;right&#8221; hover_enabled=&#8221;0&#8243; global_colors_info=&#8221;{}&#8221; sticky_enabled=&#8221;0&#8243;][\/et_pb_image][\/et_pb_column_inner][\/et_pb_row_inner][\/et_pb_column][\/et_pb_section][et_pb_section fb_built=&#8221;1&#8243; specialty=&#8221;on&#8221; _builder_version=&#8221;4.16&#8243; _module_preset=&#8221;default&#8221; custom_padding=&#8221;0px|||||&#8221; global_colors_info=&#8221;{}&#8221;][et_pb_column type=&#8221;1_2&#8243; specialty_columns=&#8221;2&#8243; _builder_version=&#8221;4.16&#8243; custom_padding=&#8221;|||&#8221; global_colors_info=&#8221;{}&#8221; custom_padding__hover=&#8221;|||&#8221;][et_pb_row_inner _builder_version=&#8221;4.16&#8243; _module_preset=&#8221;default&#8221; width=&#8221;92%&#8221; global_colors_info=&#8221;{}&#8221;][et_pb_column_inner saved_specialty_column_type=&#8221;1_2&#8243; _builder_version=&#8221;4.16&#8243; _module_preset=&#8221;default&#8221; global_colors_info=&#8221;{}&#8221;][et_pb_divider show_divider=&#8221;off&#8221; _builder_version=&#8221;4.16&#8243; _module_preset=&#8221;default&#8221; height=&#8221;25px&#8221; global_colors_info=&#8221;{}&#8221;][\/et_pb_divider][et_pb_image src=&#8221;https:\/\/www.paulmas.com\/wp-content\/uploads\/2026\/01\/Domaine-Silene-Gres-de-Montpellier.jpg&#8221; alt=&#8221;Domaine-Sil\u00e8ne-Gr\u00e8s-de-Montpellier&#8221; title_text=&#8221;Domaine-Sil\u00e8ne-Gr\u00e8s-de-Montpellier&#8221; align=&#8221;center&#8221; _builder_version=&#8221;4.27.4&#8243; _module_preset=&#8221;default&#8221; width=&#8221;90%&#8221; module_alignment=&#8221;left&#8221; hover_enabled=&#8221;0&#8243; global_colors_info=&#8221;{}&#8221; sticky_enabled=&#8221;0&#8243;][\/et_pb_image][\/et_pb_column_inner][\/et_pb_row_inner][\/et_pb_column][et_pb_column type=&#8221;1_2&#8243; _builder_version=&#8221;4.16&#8243; custom_padding=&#8221;|||&#8221; global_colors_info=&#8221;{}&#8221; custom_padding__hover=&#8221;|||&#8221;][et_pb_divider show_divider=&#8221;off&#8221; _builder_version=&#8221;4.16&#8243; _module_preset=&#8221;default&#8221; height=&#8221;30px&#8221; global_colors_info=&#8221;{}&#8221;][\/et_pb_divider][et_pb_divider show_divider=&#8221;off&#8221; _builder_version=&#8221;4.16&#8243; _module_preset=&#8221;default&#8221; height=&#8221;25px&#8221; global_colors_info=&#8221;{}&#8221;][\/et_pb_divider][et_pb_text _builder_version=&#8221;4.18.0&#8243; _module_preset=&#8221;default&#8221; global_colors_info=&#8221;{}&#8221;]<\/p>\n<h2><strong>TERROIR<\/strong><\/h2>\n<p style=\"text-align: justify;\">Covering an area of 52 hectares including 24 hectares of vineyards in the Languedoc &#8211; Gr\u00e9s de Montpellier appellation, Domaine du Sil\u00e8ne possesses an ideal terroir which sees flourishing different grape varieties: Grenache, Cinsault, Carignan and Syrah. It has been grown in organic and biodynamic agriculture since 1995. It enjoys a privileged location, protected by pine forests and scrubland, cradled by the Mediterranean climate and the beneficial north wind. It is also the paradise of the hawk and the Kestrel.<\/p>\n<p>[\/et_pb_text][\/et_pb_column][\/et_pb_section][et_pb_section fb_built=&#8221;1&#8243; _builder_version=&#8221;4.16&#8243; _module_preset=&#8221;default&#8221; global_colors_info=&#8221;{}&#8221;][et_pb_row _builder_version=&#8221;4.16&#8243; _module_preset=&#8221;default&#8221; global_colors_info=&#8221;{}&#8221;][et_pb_column type=&#8221;4_4&#8243; _builder_version=&#8221;4.16&#8243; _module_preset=&#8221;default&#8221; global_colors_info=&#8221;{}&#8221;][et_pb_text _builder_version=&#8221;4.16&#8243; _module_preset=&#8221;default&#8221; global_colors_info=&#8221;{}&#8221;]<\/p>\n<h2><strong>AT A GLANCE<\/strong><\/h2>\n<p>[\/et_pb_text][\/et_pb_column][\/et_pb_row][et_pb_row column_structure=&#8221;1_2,1_2&#8243; use_custom_gutter=&#8221;on&#8221; gutter_width=&#8221;1&#8243; make_equal=&#8221;on&#8221; custom_padding_last_edited=&#8221;on|phone&#8221; disabled_on=&#8221;off|off|off&#8221; _builder_version=&#8221;4.18.0&#8243; _module_preset=&#8221;default&#8221; width=&#8221;60%&#8221; width_tablet=&#8221;100%&#8221; width_phone=&#8221;100%&#8221; width_last_edited=&#8221;on|phone&#8221; max_width=&#8221;none&#8221; max_height_tablet=&#8221;&#8221; max_height_phone=&#8221;&#8221; max_height_last_edited=&#8221;on|phone&#8221; custom_padding=&#8221;||0px|50px|false|false&#8221; custom_padding_tablet=&#8221;||0px|50px|false|false&#8221; custom_padding_phone=&#8221;||0px|25px|false|false&#8221; module_alignment_tablet=&#8221;&#8221; module_alignment_phone=&#8221;left&#8221; module_alignment_last_edited=&#8221;on|phone&#8221; locked=&#8221;off&#8221; global_colors_info=&#8221;{}&#8221;][et_pb_column type=&#8221;1_2&#8243; _builder_version=&#8221;4.16&#8243; _module_preset=&#8221;default&#8221; global_colors_info=&#8221;{}&#8221;][et_pb_testimonial portrait_url=&#8221;https:\/\/www.paulmas.com\/wp-content\/uploads\/2022\/09\/Localisation-OR-Domaines-Paul-Mas.png&#8221; quote_icon=&#8221;off&#8221; _builder_version=&#8221;4.18.0&#8243; _module_preset=&#8221;default&#8221; background_color=&#8221;#FFFFFF&#8221; border_radii_portrait=&#8221;on|0px|0px|0px|0px&#8221; border_color_all_portrait=&#8221;RGBA(255,255,255,0)&#8221; border_style_all_portrait=&#8221;none&#8221; box_shadow_style_image=&#8221;preset1&#8243; global_colors_info=&#8221;{}&#8221;]<\/p>\n<p><span style=\"text-decoration: underline;\"><strong>Location<\/strong><\/span><\/p>\n<p>Between Montagnac and Saint Pons-de-Mauchiens, overlooking the Park de Bessilles and the Etang de Thau<\/p>\n<p>[\/et_pb_testimonial][et_pb_testimonial portrait_url=&#8221;https:\/\/www.paulmas.com\/wp-content\/uploads\/2022\/09\/Vignoble-OR-Domaines-Paul-Mas.png&#8221; quote_icon=&#8221;off&#8221; _builder_version=&#8221;4.18.0&#8243; _module_preset=&#8221;default&#8221; background_color=&#8221;#FFFFFF&#8221; border_radii_portrait=&#8221;on|20px|20px|20px|20px&#8221; box_shadow_style_image=&#8221;preset1&#8243; global_colors_info=&#8221;{}&#8221;]<\/p>\n<p><span style=\"text-decoration: underline;\"><strong>Vineyards<\/strong><\/span><\/p>\n<p>\u00a052 hectares, organically farmed<\/p>\n<p>[\/et_pb_testimonial][et_pb_testimonial portrait_url=&#8221;https:\/\/www.paulmas.com\/wp-content\/uploads\/2022\/09\/Sol-OR-Domaines-Paul-Mas.png&#8221; quote_icon=&#8221;off&#8221; _builder_version=&#8221;4.18.0&#8243; _module_preset=&#8221;default&#8221; background_color=&#8221;#FFFFFF&#8221; border_radii_portrait=&#8221;on|20px|20px|20px|20px&#8221; box_shadow_style_image=&#8221;preset1&#8243; global_colors_info=&#8221;{}&#8221;]<\/p>\n<p><span style=\"text-decoration: underline;\"><strong>Soil<\/strong><\/span><\/p>\n<p>Stony, compressed limestone and clay<\/p>\n<p>[\/et_pb_testimonial][\/et_pb_column][et_pb_column type=&#8221;1_2&#8243; _builder_version=&#8221;4.16&#8243; _module_preset=&#8221;default&#8221; global_colors_info=&#8221;{}&#8221;][et_pb_testimonial portrait_url=&#8221;https:\/\/www.paulmas.com\/wp-content\/uploads\/2022\/09\/Appellation-OR-Domaines-Paul-Mas.png&#8221; quote_icon=&#8221;off&#8221; _builder_version=&#8221;4.18.0&#8243; _module_preset=&#8221;default&#8221; background_color=&#8221;#FFFFFF&#8221; border_radii_portrait=&#8221;on|20px|20px|20px|20px&#8221; box_shadow_style_image=&#8221;preset1&#8243; global_colors_info=&#8221;{}&#8221;]<\/p>\n<p><span style=\"text-decoration: underline;\"><strong>Appellations<\/strong><\/span><\/p>\n<ul>\n<li>AOP Languedoc Gr\u00e9s de Montpellier<\/li>\n<li>IGP Pays d\u2019Oc<\/li>\n<\/ul>\n<p>[\/et_pb_testimonial][et_pb_testimonial portrait_url=&#8221;https:\/\/www.paulmas.com\/wp-content\/uploads\/2022\/09\/Altitude-OR.png&#8221; quote_icon=&#8221;off&#8221; _builder_version=&#8221;4.18.0&#8243; _module_preset=&#8221;default&#8221; background_color=&#8221;#FFFFFF&#8221; border_radii_portrait=&#8221;on|20px|20px|20px|20px&#8221; box_shadow_style_image=&#8221;preset1&#8243; global_colors_info=&#8221;{}&#8221;]<\/p>\n<p><span style=\"text-decoration: underline;\"><strong>Elevation<\/strong><\/span><\/p>\n<p>\u00a0110 metres<\/p>\n<p>[\/et_pb_testimonial][et_pb_testimonial portrait_url=&#8221;https:\/\/www.paulmas.com\/wp-content\/uploads\/2022\/09\/Climat-OR-Domaines-Paul-Mas.png&#8221; quote_icon=&#8221;off&#8221; _builder_version=&#8221;4.18.0&#8243; _module_preset=&#8221;default&#8221; background_color=&#8221;#FFFFFF&#8221; border_radii_portrait=&#8221;on|20px|20px|20px|20px&#8221; box_shadow_style_image=&#8221;preset1&#8243; global_colors_info=&#8221;{}&#8221;]<\/p>\n<p><span style=\"text-decoration: underline;\"><strong>Climate<\/strong><\/span><\/p>\n<p>Mediterranean, sunny, and windy<\/p>\n<p>[\/et_pb_testimonial][\/et_pb_column][\/et_pb_row][et_pb_row _builder_version=&#8221;4.16&#8243; _module_preset=&#8221;default&#8221; global_colors_info=&#8221;{}&#8221;][et_pb_column type=&#8221;4_4&#8243; _builder_version=&#8221;4.16&#8243; _module_preset=&#8221;default&#8221; global_colors_info=&#8221;{}&#8221;][et_pb_text _builder_version=&#8221;4.16&#8243; _module_preset=&#8221;default&#8221; global_colors_info=&#8221;{}&#8221;]<\/p>\n<h2><strong>THE WINES<\/strong><\/h2>\n<p>[\/et_pb_text][\/et_pb_column][\/et_pb_row][et_pb_row column_structure=&#8221;1_3,1_3,1_3&#8243; _builder_version=&#8221;4.16&#8243; _module_preset=&#8221;default&#8221; global_colors_info=&#8221;{}&#8221;][et_pb_column type=&#8221;1_3&#8243; _builder_version=&#8221;4.16&#8243; _module_preset=&#8221;default&#8221; global_colors_info=&#8221;{}&#8221;][et_pb_image src=&#8221;https:\/\/www.paulmas.com\/wp-content\/uploads\/2022\/11\/Mas-du-Silene-Gres-de-Montpellier-Bio.png&#8221; alt=&#8221;Mas-du-Sil\u00e8ne-Gr\u00e9s-de-Montpellier-Bio&#8221; title_text=&#8221;Mas-du-Sil\u00e8ne-Gr\u00e9s-de-Montpellier-Bio&#8221; url=&#8221;https:\/\/www.vivino.com\/FR\/fr\/domaine-du-silene-esprit-de-silene-blanc-vin-de-pays-doc\/w\/5643634&#8243; align_tablet=&#8221;center&#8221; align_phone=&#8221;center&#8221; align_last_edited=&#8221;on|phone&#8221; _builder_version=&#8221;4.18.0&#8243; _module_preset=&#8221;default&#8221; global_colors_info=&#8221;{}&#8221; transform_styles__hover_enabled=&#8221;on|hover&#8221; transform_scale__hover_enabled=&#8221;on|hover&#8221; transform_translate__hover_enabled=&#8221;on|desktop&#8221; transform_rotate__hover_enabled=&#8221;on|desktop&#8221; transform_skew__hover_enabled=&#8221;on|desktop&#8221; transform_origin__hover_enabled=&#8221;on|desktop&#8221; transform_scale__hover=&#8221;120%|120%&#8221;][\/et_pb_image][\/et_pb_column][et_pb_column type=&#8221;1_3&#8243; _builder_version=&#8221;4.16&#8243; _module_preset=&#8221;default&#8221; global_colors_info=&#8221;{}&#8221;][et_pb_image src=&#8221;https:\/\/www.paulmas.com\/wp-content\/uploads\/2021\/10\/ImageWeb-SLN-CRU-BC-0000-RED-SILENUS-GRES-DE-MONTPELLIER-HD-NEW.jpg&#8221; alt=&#8221;Ch\u00e2teau Martinolles Chardonnay Vieilles Vignes&#8221; title_text=&#8221;ImageWeb-SLN-CRU-BC-0000-RED-SILENUS-GRES-DE-MONTPELLIER-HD-NEW&#8221; url=&#8221;https:\/\/www.vivino.com\/FR\/fr\/domaine-du-silene-silenus-languedoc\/w\/6978587&#8243; align_tablet=&#8221;center&#8221; align_phone=&#8221;center&#8221; align_last_edited=&#8221;on|phone&#8221; _builder_version=&#8221;4.18.0&#8243; _module_preset=&#8221;default&#8221; global_colors_info=&#8221;{}&#8221; transform_styles__hover_enabled=&#8221;on|hover&#8221; transform_scale__hover_enabled=&#8221;on|hover&#8221; transform_translate__hover_enabled=&#8221;on|desktop&#8221; transform_rotate__hover_enabled=&#8221;on|desktop&#8221; transform_skew__hover_enabled=&#8221;on|desktop&#8221; transform_origin__hover_enabled=&#8221;on|desktop&#8221; transform_scale__hover=&#8221;120%|120%&#8221;][\/et_pb_image][\/et_pb_column][et_pb_column type=&#8221;1_3&#8243; _builder_version=&#8221;4.16&#8243; _module_preset=&#8221;default&#8221; global_colors_info=&#8221;{}&#8221;][et_pb_image src=&#8221;https:\/\/www.paulmas.com\/wp-content\/uploads\/2021\/10\/ImageWeb-DS_ORG-BC-0000-RED-GRES-DE-MONTPELLIER-HD-SANS-FOND.jpg&#8221; title_text=&#8221;ImageWeb-DS_ORG-BC-0000-RED-GRES-DE-MONTPELLIER-HD-SANS-FOND&#8221; align_tablet=&#8221;center&#8221; align_phone=&#8221;center&#8221; align_last_edited=&#8221;on|phone&#8221; _builder_version=&#8221;4.18.0&#8243; _module_preset=&#8221;default&#8221; height=&#8221;601px&#8221; global_colors_info=&#8221;{}&#8221; transform_styles__hover_enabled=&#8221;on|hover&#8221; transform_scale__hover_enabled=&#8221;on|hover&#8221; transform_translate__hover_enabled=&#8221;on|desktop&#8221; transform_rotate__hover_enabled=&#8221;on|desktop&#8221; transform_skew__hover_enabled=&#8221;on|desktop&#8221; transform_origin__hover_enabled=&#8221;on|desktop&#8221; transform_scale__hover=&#8221;120%|120%&#8221;][\/et_pb_image][\/et_pb_column][\/et_pb_row][\/et_pb_section]<\/p>\n","protected":false},"excerpt":{"rendered":"<p>\u00a0 DOMAINE DU SIL\u00c8NE The paradise of the hawk and the KestrelSTORY \u201cAt Domaine du Sil\u00e8ne, the fusion of the best Italian know-how and the terroirs of the South of France is being prepared\u201d. It is the result of a collaboration started in 1992 between Jean-Claude Mas and his mentor, Giorgio Grai (recognized as one [&hellip;]<\/p>\n","protected":false},"author":5,"featured_media":10844,"parent":1162,"menu_order":0,"comment_status":"closed","ping_status":"closed","template":"","meta":{"_et_pb_use_builder":"on","_et_pb_old_content":"","_et_gb_content_width":"","footnotes":""},"class_list":["post-7242","page","type-page","status-publish","has-post-thumbnail","hentry"],"yoast_head":"<!-- This site is optimized with the Yoast SEO plugin v27.1.1 - https:\/\/yoast.com\/product\/yoast-seo-wordpress\/ -->\n<title>Domaine du Sil\u00e8ne - Les Domaines Paul Mas<\/title>\n<meta name=\"robots\" content=\"index, follow, max-snippet:-1, max-image-preview:large, max-video-preview:-1\" \/>\n<link rel=\"canonical\" href=\"https:\/\/www.paulmas.com\/en\/domains\/domaine-du-silene-2\/\" \/>\n<meta property=\"og:locale\" content=\"en_US\" \/>\n<meta property=\"og:type\" content=\"article\" \/>\n<meta property=\"og:title\" content=\"Domaine du Sil\u00e8ne - Les Domaines Paul Mas\" \/>\n<meta property=\"og:description\" content=\"\u00a0 DOMAINE DU SIL\u00c8NE The paradise of the hawk and the KestrelSTORY \u201cAt Domaine du Sil\u00e8ne, the fusion of the best Italian know-how and the terroirs of the South of France is being prepared\u201d. It is the result of a collaboration started in 1992 between Jean-Claude Mas and his mentor, Giorgio Grai (recognized as one [&hellip;]\" \/>\n<meta property=\"og:url\" content=\"https:\/\/www.paulmas.com\/en\/domains\/domaine-du-silene-2\/\" \/>\n<meta property=\"og:site_name\" content=\"Les Domaines Paul Mas\" \/>\n<meta property=\"article:modified_time\" content=\"2026-01-29T11:46:34+00:00\" \/>\n<meta property=\"og:image\" content=\"https:\/\/www.paulmas.com\/wp-content\/uploads\/2015\/03\/domainedesilene-logo.jpg\" \/>\n\t<meta property=\"og:image:width\" content=\"200\" \/>\n\t<meta property=\"og:image:height\" content=\"200\" \/>\n\t<meta property=\"og:image:type\" content=\"image\/jpeg\" \/>\n<meta name=\"twitter:card\" content=\"summary_large_image\" \/>\n<meta name=\"twitter:label1\" content=\"Est. reading time\" \/>\n\t<meta name=\"twitter:data1\" content=\"8 minutes\" \/>\n<script type=\"application\/ld+json\" class=\"yoast-schema-graph\">{\"@context\":\"https:\/\/schema.org\",\"@graph\":[{\"@type\":\"WebPage\",\"@id\":\"https:\/\/www.paulmas.com\/en\/domains\/domaine-du-silene-2\/\",\"url\":\"https:\/\/www.paulmas.com\/en\/domains\/domaine-du-silene-2\/\",\"name\":\"Domaine du Sil\u00e8ne - Les Domaines Paul Mas\",\"isPartOf\":{\"@id\":\"https:\/\/www.paulmas.com\/#website\"},\"primaryImageOfPage\":{\"@id\":\"https:\/\/www.paulmas.com\/en\/domains\/domaine-du-silene-2\/#primaryimage\"},\"image\":{\"@id\":\"https:\/\/www.paulmas.com\/en\/domains\/domaine-du-silene-2\/#primaryimage\"},\"thumbnailUrl\":\"https:\/\/www.paulmas.com\/wp-content\/uploads\/2015\/03\/domainedesilene-logo.jpg\",\"datePublished\":\"2021-10-21T08:40:34+00:00\",\"dateModified\":\"2026-01-29T11:46:34+00:00\",\"breadcrumb\":{\"@id\":\"https:\/\/www.paulmas.com\/en\/domains\/domaine-du-silene-2\/#breadcrumb\"},\"inLanguage\":\"en-US\",\"potentialAction\":[{\"@type\":\"ReadAction\",\"target\":[\"https:\/\/www.paulmas.com\/en\/domains\/domaine-du-silene-2\/\"]}]},{\"@type\":\"ImageObject\",\"inLanguage\":\"en-US\",\"@id\":\"https:\/\/www.paulmas.com\/en\/domains\/domaine-du-silene-2\/#primaryimage\",\"url\":\"https:\/\/www.paulmas.com\/wp-content\/uploads\/2015\/03\/domainedesilene-logo.jpg\",\"contentUrl\":\"https:\/\/www.paulmas.com\/wp-content\/uploads\/2015\/03\/domainedesilene-logo.jpg\",\"width\":200,\"height\":200,\"caption\":\"Domaine du Sil\u00e8ne Domaines Paul Mas Montagnac\"},{\"@type\":\"BreadcrumbList\",\"@id\":\"https:\/\/www.paulmas.com\/en\/domains\/domaine-du-silene-2\/#breadcrumb\",\"itemListElement\":[{\"@type\":\"ListItem\",\"position\":1,\"name\":\"Accueil\",\"item\":\"https:\/\/www.paulmas.com\/en\/\"},{\"@type\":\"ListItem\",\"position\":2,\"name\":\"Domains\",\"item\":\"https:\/\/www.paulmas.com\/en\/domains\/\"},{\"@type\":\"ListItem\",\"position\":3,\"name\":\"Domaine du Sil\u00e8ne\"}]},{\"@type\":\"WebSite\",\"@id\":\"https:\/\/www.paulmas.com\/#website\",\"url\":\"https:\/\/www.paulmas.com\/\",\"name\":\"Les Domaines Paul Mas\",\"description\":\"Le luxe rural depuis 1892\",\"potentialAction\":[{\"@type\":\"SearchAction\",\"target\":{\"@type\":\"EntryPoint\",\"urlTemplate\":\"https:\/\/www.paulmas.com\/?s={search_term_string}\"},\"query-input\":{\"@type\":\"PropertyValueSpecification\",\"valueRequired\":true,\"valueName\":\"search_term_string\"}}],\"inLanguage\":\"en-US\"}]}<\/script>\n<!-- \/ Yoast SEO plugin. -->","yoast_head_json":{"title":"Domaine du Sil\u00e8ne - Les Domaines Paul Mas","robots":{"index":"index","follow":"follow","max-snippet":"max-snippet:-1","max-image-preview":"max-image-preview:large","max-video-preview":"max-video-preview:-1"},"canonical":"https:\/\/www.paulmas.com\/en\/domains\/domaine-du-silene-2\/","og_locale":"en_US","og_type":"article","og_title":"Domaine du Sil\u00e8ne - Les Domaines Paul Mas","og_description":"\u00a0 DOMAINE DU SIL\u00c8NE The paradise of the hawk and the KestrelSTORY \u201cAt Domaine du Sil\u00e8ne, the fusion of the best Italian know-how and the terroirs of the South of France is being prepared\u201d. It is the result of a collaboration started in 1992 between Jean-Claude Mas and his mentor, Giorgio Grai (recognized as one [&hellip;]","og_url":"https:\/\/www.paulmas.com\/en\/domains\/domaine-du-silene-2\/","og_site_name":"Les Domaines Paul Mas","article_modified_time":"2026-01-29T11:46:34+00:00","og_image":[{"width":200,"height":200,"url":"https:\/\/www.paulmas.com\/wp-content\/uploads\/2015\/03\/domainedesilene-logo.jpg","type":"image\/jpeg"}],"twitter_card":"summary_large_image","twitter_misc":{"Est. reading time":"8 minutes"},"schema":{"@context":"https:\/\/schema.org","@graph":[{"@type":"WebPage","@id":"https:\/\/www.paulmas.com\/en\/domains\/domaine-du-silene-2\/","url":"https:\/\/www.paulmas.com\/en\/domains\/domaine-du-silene-2\/","name":"Domaine du Sil\u00e8ne - Les Domaines Paul Mas","isPartOf":{"@id":"https:\/\/www.paulmas.com\/#website"},"primaryImageOfPage":{"@id":"https:\/\/www.paulmas.com\/en\/domains\/domaine-du-silene-2\/#primaryimage"},"image":{"@id":"https:\/\/www.paulmas.com\/en\/domains\/domaine-du-silene-2\/#primaryimage"},"thumbnailUrl":"https:\/\/www.paulmas.com\/wp-content\/uploads\/2015\/03\/domainedesilene-logo.jpg","datePublished":"2021-10-21T08:40:34+00:00","dateModified":"2026-01-29T11:46:34+00:00","breadcrumb":{"@id":"https:\/\/www.paulmas.com\/en\/domains\/domaine-du-silene-2\/#breadcrumb"},"inLanguage":"en-US","potentialAction":[{"@type":"ReadAction","target":["https:\/\/www.paulmas.com\/en\/domains\/domaine-du-silene-2\/"]}]},{"@type":"ImageObject","inLanguage":"en-US","@id":"https:\/\/www.paulmas.com\/en\/domains\/domaine-du-silene-2\/#primaryimage","url":"https:\/\/www.paulmas.com\/wp-content\/uploads\/2015\/03\/domainedesilene-logo.jpg","contentUrl":"https:\/\/www.paulmas.com\/wp-content\/uploads\/2015\/03\/domainedesilene-logo.jpg","width":200,"height":200,"caption":"Domaine du Sil\u00e8ne Domaines Paul Mas Montagnac"},{"@type":"BreadcrumbList","@id":"https:\/\/www.paulmas.com\/en\/domains\/domaine-du-silene-2\/#breadcrumb","itemListElement":[{"@type":"ListItem","position":1,"name":"Accueil","item":"https:\/\/www.paulmas.com\/en\/"},{"@type":"ListItem","position":2,"name":"Domains","item":"https:\/\/www.paulmas.com\/en\/domains\/"},{"@type":"ListItem","position":3,"name":"Domaine du Sil\u00e8ne"}]},{"@type":"WebSite","@id":"https:\/\/www.paulmas.com\/#website","url":"https:\/\/www.paulmas.com\/","name":"Les Domaines Paul Mas","description":"Le luxe rural depuis 1892","potentialAction":[{"@type":"SearchAction","target":{"@type":"EntryPoint","urlTemplate":"https:\/\/www.paulmas.com\/?s={search_term_string}"},"query-input":{"@type":"PropertyValueSpecification","valueRequired":true,"valueName":"search_term_string"}}],"inLanguage":"en-US"}]}},"_links":{"self":[{"href":"https:\/\/www.paulmas.com\/en\/wp-json\/wp\/v2\/pages\/7242","targetHints":{"allow":["GET"]}}],"collection":[{"href":"https:\/\/www.paulmas.com\/en\/wp-json\/wp\/v2\/pages"}],"about":[{"href":"https:\/\/www.paulmas.com\/en\/wp-json\/wp\/v2\/types\/page"}],"author":[{"embeddable":true,"href":"https:\/\/www.paulmas.com\/en\/wp-json\/wp\/v2\/users\/5"}],"replies":[{"embeddable":true,"href":"https:\/\/www.paulmas.com\/en\/wp-json\/wp\/v2\/comments?post=7242"}],"version-history":[{"count":21,"href":"https:\/\/www.paulmas.com\/en\/wp-json\/wp\/v2\/pages\/7242\/revisions"}],"predecessor-version":[{"id":16189,"href":"https:\/\/www.paulmas.com\/en\/wp-json\/wp\/v2\/pages\/7242\/revisions\/16189"}],"up":[{"embeddable":true,"href":"https:\/\/www.paulmas.com\/en\/wp-json\/wp\/v2\/pages\/1162"}],"wp:featuredmedia":[{"embeddable":true,"href":"https:\/\/www.paulmas.com\/en\/wp-json\/wp\/v2\/media\/10844"}],"wp:attachment":[{"href":"https:\/\/www.paulmas.com\/en\/wp-json\/wp\/v2\/media?parent=7242"}],"curies":[{"name":"wp","href":"https:\/\/api.w.org\/{rel}","templated":true}]}}