{"id":6664,"date":"2021-10-21T07:47:40","date_gmt":"2021-10-21T07:47:40","guid":{"rendered":"https:\/\/paulmas.com\/?page_id=6664"},"modified":"2021-10-21T07:47:41","modified_gmt":"2021-10-21T07:47:41","slug":"cote-mas-2","status":"publish","type":"page","link":"https:\/\/www.paulmas.com\/en\/the-signatures-jean-claude-mas\/cote-mas-2\/","title":{"rendered":"C\u00f4t\u00e9 Mas"},"content":{"rendered":"\n[et_pb_section fb_built=&#8221;1&#8243; _builder_version=&#8221;4.9.4&#8243; _module_preset=&#8221;default&#8221; background_video_mp4=&#8221;https:\/\/www.paulmas.com\/wp-content\/uploads\/videos-domaines\/paul-mas.mp4&#8243; max_width=&#8221;97%&#8221; module_alignment=&#8221;center&#8221; min_height=&#8221;1079px&#8221; height=&#8221;1000px&#8221; max_height=&#8221;1000px&#8221; custom_padding=&#8221;||503px|||&#8221; global_colors_info=&#8221;{}&#8221;][\/et_pb_section][et_pb_section fb_built=&#8221;1&#8243; _builder_version=&#8221;4.9.4&#8243; _module_preset=&#8221;default&#8221; custom_margin=&#8221;||-79px|||&#8221; global_colors_info=&#8221;{}&#8221;][et_pb_row _builder_version=&#8221;4.9.4&#8243; _module_preset=&#8221;default&#8221; global_colors_info=&#8221;{}&#8221;][et_pb_column type=&#8221;4_4&#8243; _builder_version=&#8221;4.9.4&#8243; _module_preset=&#8221;default&#8221; global_colors_info=&#8221;{}&#8221;][et_pb_text _builder_version=&#8221;4.9.4&#8243; _module_preset=&#8221;default&#8221; global_colors_info=&#8221;{}&#8221;]<h1><strong>C\u00d4TE MAS<\/strong><\/h1>\r\n<h2><em>Table et wines<\/em><\/h2>[\/et_pb_text][\/et_pb_column][\/et_pb_row][\/et_pb_section][et_pb_section fb_built=&#8221;1&#8243; specialty=&#8221;on&#8221; _builder_version=&#8221;4.9.4&#8243; _module_preset=&#8221;default&#8221; custom_padding=&#8221;26px|||||&#8221; global_colors_info=&#8221;{}&#8221;][et_pb_column type=&#8221;1_2&#8243; _builder_version=&#8221;3.25&#8243; custom_padding=&#8221;|||&#8221; global_colors_info=&#8221;{}&#8221; custom_padding__hover=&#8221;|||&#8221;][et_pb_divider _builder_version=&#8221;4.10.7&#8243; _module_preset=&#8221;default&#8221; show_divider=&#8221;off&#8221; height=&#8221;100px&#8221; hover_enabled=&#8221;0&#8243; sticky_enabled=&#8221;0&#8243;][\/et_pb_divider][et_pb_text _builder_version=&#8221;4.9.4&#8243; _module_preset=&#8221;default&#8221; global_colors_info=&#8221;{}&#8221;]<h2><strong>STORY<\/strong><\/h2>\r\n<p>C\u00f4t\u00e9 Mas is an invitation to the heart of the Languedoc region. These wines represent the diversity of the terroirs within the same appellation but also the essence of each traditional appellation of Languedoc. They are a fusion between the winemaking tradition and the new approach to wine, represented by Jean-Claude Mas and his partner-winegrowers. He has expertly blended the best grape varieties from Languedoc, to highlight the diversity and expression of the fruits of the Mediterranean region.<\/p>[\/et_pb_text][\/et_pb_column][et_pb_column type=&#8221;1_2&#8243; specialty_columns=&#8221;2&#8243; _builder_version=&#8221;3.25&#8243; custom_padding=&#8221;|||&#8221; global_colors_info=&#8221;{}&#8221; custom_padding__hover=&#8221;|||&#8221;][et_pb_row_inner _builder_version=&#8221;4.9.4&#8243; _module_preset=&#8221;default&#8221; global_colors_info=&#8221;{}&#8221;][et_pb_column_inner saved_specialty_column_type=&#8221;1_2&#8243; _builder_version=&#8221;4.9.4&#8243; _module_preset=&#8221;default&#8221; global_colors_info=&#8221;{}&#8221;][et_pb_image src=&#8221;https:\/\/www.paulmas.com\/wp-content\/uploads\/2021\/07\/Page-Cote-Mas-Image1.jpg&#8221; alt=&#8221; Cote Mas &#8221; title_text=&#8221; Cote Mas &#8221; _builder_version=&#8221;4.10.7&#8243; _module_preset=&#8221;default&#8221; width=&#8221;55%&#8221; module_alignment=&#8221;center&#8221; hover_enabled=&#8221;0&#8243; global_colors_info=&#8221;{}&#8221; sticky_enabled=&#8221;0&#8243;][\/et_pb_image][\/et_pb_column_inner][\/et_pb_row_inner][\/et_pb_column][\/et_pb_section][et_pb_section fb_built=&#8221;1&#8243; specialty=&#8221;on&#8221; _builder_version=&#8221;4.9.4&#8243; _module_preset=&#8221;default&#8221; custom_padding=&#8221;0px|||||&#8221; global_colors_info=&#8221;{}&#8221;][et_pb_column type=&#8221;1_2&#8243; specialty_columns=&#8221;2&#8243; _builder_version=&#8221;3.25&#8243; custom_padding=&#8221;|||&#8221; global_colors_info=&#8221;{}&#8221; custom_padding__hover=&#8221;|||&#8221;][et_pb_row_inner _builder_version=&#8221;4.9.4&#8243; _module_preset=&#8221;default&#8221; width=&#8221;70%&#8221; global_colors_info=&#8221;{}&#8221;][et_pb_column_inner saved_specialty_column_type=&#8221;1_2&#8243; _builder_version=&#8221;4.9.4&#8243; _module_preset=&#8221;default&#8221; global_colors_info=&#8221;{}&#8221;][et_pb_image src=&#8221;https:\/\/www.paulmas.com\/wp-content\/uploads\/2021\/07\/Page-Cote-Mas-Image2.jpg&#8221; alt=&#8221;Cot\u00e9 Mas Domaine Paul Mas&#8221; title_text=&#8221;Cot\u00e9 Mas Domaine Paul Mas&#8221; _builder_version=&#8221;4.9.4&#8243; _module_preset=&#8221;default&#8221; module_alignment=&#8221;left&#8221; global_colors_info=&#8221;{}&#8221;][\/et_pb_image][et_pb_image src=&#8221;https:\/\/www.paulmas.com\/wp-content\/uploads\/2021\/07\/Page-Cote-Mas-Image3.jpg&#8221; alt=&#8221;Cot\u00e9 Mas Domaine Paul Mas&#8221; title_text=&#8221;Cot\u00e9 Mas Domaine Paul Mas&#8221; _builder_version=&#8221;4.9.4&#8243; _module_preset=&#8221;default&#8221; global_colors_info=&#8221;{}&#8221;][\/et_pb_image][\/et_pb_column_inner][\/et_pb_row_inner][\/et_pb_column][et_pb_column type=&#8221;1_2&#8243; _builder_version=&#8221;3.25&#8243; custom_padding=&#8221;|||&#8221; global_colors_info=&#8221;{}&#8221; custom_padding__hover=&#8221;|||&#8221;][et_pb_divider _builder_version=&#8221;4.10.7&#8243; _module_preset=&#8221;default&#8221; show_divider=&#8221;off&#8221; height=&#8221;70px&#8221; hover_enabled=&#8221;0&#8243; sticky_enabled=&#8221;0&#8243;][\/et_pb_divider][et_pb_text _builder_version=&#8221;4.9.4&#8243; _module_preset=&#8221;default&#8221; global_colors_info=&#8221;{}&#8221;]<h2><strong>TABLE ET WINES<\/strong><\/h2>\r\n<p>C\u00f4t\u00e9 Mas is also a haven of peace. Find, in the middle of our olive grove and our vineyards, a gourmet restaurant. Built in the &#8220;Rural Luxury &#8221; spirit, discover innovative, authentic cuisine, using fresh local products from our farmers, our gardens and our orchards.<\/p>\r\n<p>Stop by our wine boutique and discover our Languedoc wines through the wide range of wines from the Domaines Paul Mas, which includes over 150 references. Here, wine is king, but prices remain reasonable, precisely to promote discovery.<\/p>[\/et_pb_text][\/et_pb_column][\/et_pb_section][et_pb_section fb_built=&#8221;1&#8243; _builder_version=&#8221;4.9.4&#8243; _module_preset=&#8221;default&#8221; global_colors_info=&#8221;{}&#8221;][et_pb_row _builder_version=&#8221;4.9.4&#8243; _module_preset=&#8221;default&#8221; global_colors_info=&#8221;{}&#8221;][et_pb_column type=&#8221;4_4&#8243; _builder_version=&#8221;4.9.4&#8243; _module_preset=&#8221;default&#8221; global_colors_info=&#8221;{}&#8221;][et_pb_text _builder_version=&#8221;4.9.4&#8243; _module_preset=&#8221;default&#8221; global_colors_info=&#8221;{}&#8221;]<h2><strong>AT A GLANCE<\/strong><\/h2>[\/et_pb_text][et_pb_image src=&#8221;https:\/\/www.paulmas.com\/wp-content\/uploads\/2021\/07\/Sans-titre-16.png&#8221; alt=&#8221;At a Glance C\u00f4t\u00e9 Mas&#8221; title_text=&#8221;At a Glance C\u00f4t\u00e9 Mas&#8221; _builder_version=&#8221;4.9.4&#8243; _module_preset=&#8221;default&#8221; global_colors_info=&#8221;{}&#8221;][\/et_pb_image][et_pb_divider show_divider=&#8221;off&#8221; _builder_version=&#8221;4.9.4&#8243; _module_preset=&#8221;default&#8221; min_height=&#8221;50px&#8221; global_colors_info=&#8221;{}&#8221;][\/et_pb_divider][et_pb_text _builder_version=&#8221;4.9.4&#8243; _module_preset=&#8221;default&#8221; global_colors_info=&#8221;{}&#8221;]<h2><strong>WINES<\/strong><\/h2>[\/et_pb_text][\/et_pb_column][\/et_pb_row][et_pb_row column_structure=&#8221;1_5,1_5,1_5,1_5,1_5&#8243; _builder_version=&#8221;4.9.4&#8243; _module_preset=&#8221;default&#8221; global_colors_info=&#8221;{}&#8221;][et_pb_column type=&#8221;1_5&#8243; _builder_version=&#8221;4.9.4&#8243; _module_preset=&#8221;default&#8221; global_colors_info=&#8221;{}&#8221;][et_pb_image src=&#8221;https:\/\/www.paulmas.com\/wp-content\/uploads\/2021\/07\/CM_CLC-BC-0000-RED-COTE-MAS-SYRAH-GRENACHE-HD-NEW-1.png&#8221; title_text=&#8221;CM_CLC-BC-0000-RED-COTE-MAS-SYRAH-GRENACHE-HD-NEW&#8221; _builder_version=&#8221;4.10.7&#8243; _module_preset=&#8221;default&#8221; hover_enabled=&#8221;0&#8243; global_colors_info=&#8221;{}&#8221; transform_styles__hover_enabled=&#8221;on|hover&#8221; transform_scale__hover_enabled=&#8221;on|hover&#8221; transform_translate__hover_enabled=&#8221;on|desktop&#8221; transform_rotate__hover_enabled=&#8221;on|desktop&#8221; transform_skew__hover_enabled=&#8221;on|desktop&#8221; transform_origin__hover_enabled=&#8221;on|desktop&#8221; transform_scale__hover=&#8221;120%|120%&#8221; url=&#8221;https:\/\/www.cote-mas.fr\/produit\/cote-mas-intense-igp-pays-doc-2018-75cl\/&#8221; sticky_enabled=&#8221;0&#8243;][\/et_pb_image][\/et_pb_column][et_pb_column type=&#8221;1_5&#8243; _builder_version=&#8221;4.9.4&#8243; _module_preset=&#8221;default&#8221; global_colors_info=&#8221;{}&#8221;][et_pb_image src=&#8221;https:\/\/www.paulmas.com\/wp-content\/uploads\/2021\/07\/CM_CLC-BC-0000-WHITE-COTE-MAS-BLANC-SAUVIGNON-VERMENTINO-HD-NEW-3.png&#8221; title_text=&#8221;CM_CLC-BC-0000-WHITE-COTE-MAS-BLANC-SAUVIGNON-VERMENTINO-HD-NEW&#8221; url=&#8221;https:\/\/www.cote-mas.fr\/produit\/cote-mas-sauvignon-vermentino-2019\/&#8221; _builder_version=&#8221;4.10.7&#8243; _module_preset=&#8221;default&#8221; hover_enabled=&#8221;0&#8243; global_colors_info=&#8221;{}&#8221; transform_styles__hover_enabled=&#8221;on|hover&#8221; transform_scale__hover_enabled=&#8221;on|hover&#8221; transform_translate__hover_enabled=&#8221;on|desktop&#8221; transform_rotate__hover_enabled=&#8221;on|desktop&#8221; transform_skew__hover_enabled=&#8221;on|desktop&#8221; transform_origin__hover_enabled=&#8221;on|desktop&#8221; transform_scale__hover=&#8221;120%|120%&#8221; sticky_enabled=&#8221;0&#8243;][\/et_pb_image][\/et_pb_column][et_pb_column type=&#8221;1_5&#8243; _builder_version=&#8221;4.9.4&#8243; _module_preset=&#8221;default&#8221; global_colors_info=&#8221;{}&#8221;][et_pb_image src=&#8221;https:\/\/www.paulmas.com\/wp-content\/uploads\/2021\/07\/CM_CLC-BC-0000-ROSE-COTE-MAS-ROSE-AURORE-HD-NEW.png&#8221; title_text=&#8221;CM_CLC-BC-0000-ROSE-COTE-MAS-ROSE-AURORE-HD-NEW&#8221; _builder_version=&#8221;4.9.4&#8243; _module_preset=&#8221;default&#8221; global_colors_info=&#8221;{}&#8221; transform_styles__hover_enabled=&#8221;on|hover&#8221; transform_scale__hover_enabled=&#8221;on|hover&#8221; transform_translate__hover_enabled=&#8221;on|desktop&#8221; transform_rotate__hover_enabled=&#8221;on|desktop&#8221; transform_skew__hover_enabled=&#8221;on|desktop&#8221; transform_origin__hover_enabled=&#8221;on|desktop&#8221; transform_scale__hover=&#8221;120%|120%&#8221;][\/et_pb_image][\/et_pb_column][et_pb_column type=&#8221;1_5&#8243; _builder_version=&#8221;4.9.4&#8243; _module_preset=&#8221;default&#8221; global_colors_info=&#8221;{}&#8221;][et_pb_image src=&#8221;https:\/\/www.paulmas.com\/wp-content\/uploads\/2021\/07\/CM_SPARK-0000-WHITE-COTE-MAS-CREMANT-DE-LIMOUX-BRUT-HD_v2.png&#8221; title_text=&#8221;CM_SPARK-0000-WHITE-COTE-MAS-CREMANT-DE-LIMOUX-BRUT-HD_v2&#8243; _builder_version=&#8221;4.10.7&#8243; _module_preset=&#8221;default&#8221; hover_enabled=&#8221;0&#8243; global_colors_info=&#8221;{}&#8221; transform_styles__hover_enabled=&#8221;on|hover&#8221; transform_scale__hover_enabled=&#8221;on|hover&#8221; transform_translate__hover_enabled=&#8221;on|desktop&#8221; transform_rotate__hover_enabled=&#8221;on|desktop&#8221; transform_skew__hover_enabled=&#8221;on|desktop&#8221; transform_origin__hover_enabled=&#8221;on|desktop&#8221; transform_scale__hover=&#8221;120%|120%&#8221; sticky_enabled=&#8221;0&#8243;][\/et_pb_image][\/et_pb_column][et_pb_column type=&#8221;1_5&#8243; _builder_version=&#8221;4.9.4&#8243; _module_preset=&#8221;default&#8221; global_colors_info=&#8221;{}&#8221;][et_pb_image src=&#8221;https:\/\/www.paulmas.com\/wp-content\/uploads\/2021\/07\/CM_SPARK-0000-ROSE-COTE-MAS-CREMANT-ROSE-HD.png&#8221; title_text=&#8221;CM_SPARK-0000-ROSE-COTE-MAS-CREMANT-ROSE-HD&#8221; _builder_version=&#8221;4.9.4&#8243; _module_preset=&#8221;default&#8221; global_colors_info=&#8221;{}&#8221; transform_styles__hover_enabled=&#8221;on|hover&#8221; transform_scale__hover_enabled=&#8221;on|hover&#8221; transform_translate__hover_enabled=&#8221;on|desktop&#8221; transform_rotate__hover_enabled=&#8221;on|desktop&#8221; transform_skew__hover_enabled=&#8221;on|desktop&#8221; transform_origin__hover_enabled=&#8221;on|desktop&#8221; transform_scale__hover=&#8221;120%|120%&#8221;][\/et_pb_image][\/et_pb_column][\/et_pb_row][\/et_pb_section][et_pb_section fb_built=&#8221;1&#8243; _builder_version=&#8221;4.9.4&#8243; _module_preset=&#8221;default&#8221; global_colors_info=&#8221;{}&#8221;][et_pb_row _builder_version=&#8221;4.9.4&#8243; _module_preset=&#8221;default&#8221; global_colors_info=&#8221;{}&#8221;][et_pb_column type=&#8221;4_4&#8243; _builder_version=&#8221;4.9.4&#8243; _module_preset=&#8221;default&#8221; global_colors_info=&#8221;{}&#8221;][et_pb_image src=&#8221;https:\/\/www.paulmas.com\/wp-content\/uploads\/2021\/04\/Restaurant-Cote-Mas-Eboutique-Montage-Site-Internet-1.jpg&#8221; alt=&#8221;C\u00f4t\u00e9 Mas Restaurant Caveau E boutique&#8221; title_text=&#8221;C\u00f4t\u00e9 Mas Restaurant Caveau E boutique&#8221; url=&#8221;https:\/\/www.cote-mas.fr\/&#8221; _builder_version=&#8221;4.9.4&#8243; _module_preset=&#8221;default&#8221; global_colors_info=&#8221;{}&#8221;][\/et_pb_image][\/et_pb_column][\/et_pb_row][\/et_pb_section]\n","protected":false},"excerpt":{"rendered":"<p>The owner winemaker, Jean-Claude Mas, Ambassador of \u201cRural Luxury\u201d, invites to his table all lovers of wine, good food and beautiful landscapes<\/p>\n","protected":false},"author":5,"featured_media":5425,"parent":1180,"menu_order":0,"comment_status":"closed","ping_status":"closed","template":"","meta":{"_et_pb_use_builder":"on","_et_pb_old_content":"","_et_gb_content_width":"","footnotes":""},"class_list":["post-6664","page","type-page","status-publish","has-post-thumbnail","hentry"],"yoast_head":"<!-- This site is optimized with the Yoast SEO plugin v27.1.1 - https:\/\/yoast.com\/product\/yoast-seo-wordpress\/ -->\n<title>C\u00f4t\u00e9 Mas - Les Domaines Paul Mas<\/title>\n<meta name=\"robots\" content=\"index, follow, max-snippet:-1, max-image-preview:large, max-video-preview:-1\" \/>\n<link rel=\"canonical\" href=\"https:\/\/www.paulmas.com\/en\/the-signatures-jean-claude-mas\/cote-mas-2\/\" \/>\n<meta property=\"og:locale\" content=\"en_US\" \/>\n<meta property=\"og:type\" content=\"article\" \/>\n<meta property=\"og:title\" content=\"C\u00f4t\u00e9 Mas - Les Domaines Paul Mas\" \/>\n<meta property=\"og:description\" content=\"The owner winemaker, Jean-Claude Mas, Ambassador of \u201cRural Luxury\u201d, invites to his table all lovers of wine, good food and beautiful landscapes\" \/>\n<meta property=\"og:url\" content=\"https:\/\/www.paulmas.com\/en\/the-signatures-jean-claude-mas\/cote-mas-2\/\" \/>\n<meta property=\"og:site_name\" content=\"Les Domaines Paul Mas\" \/>\n<meta property=\"article:modified_time\" content=\"2021-10-21T07:47:41+00:00\" \/>\n<meta property=\"og:image\" content=\"https:\/\/www.paulmas.com\/wp-content\/uploads\/2021\/04\/Restaurant-Cote-Mas-Eboutique-Montage-Site-Internet-1.jpg\" \/>\n\t<meta property=\"og:image:width\" content=\"1800\" \/>\n\t<meta property=\"og:image:height\" content=\"704\" \/>\n\t<meta property=\"og:image:type\" content=\"image\/jpeg\" \/>\n<meta name=\"twitter:card\" content=\"summary_large_image\" \/>\n<meta name=\"twitter:label1\" content=\"Est. reading time\" \/>\n\t<meta name=\"twitter:data1\" content=\"7 minutes\" \/>\n<script type=\"application\/ld+json\" class=\"yoast-schema-graph\">{\"@context\":\"https:\/\/schema.org\",\"@graph\":[{\"@type\":\"WebPage\",\"@id\":\"https:\/\/www.paulmas.com\/en\/the-signatures-jean-claude-mas\/cote-mas-2\/\",\"url\":\"https:\/\/www.paulmas.com\/en\/the-signatures-jean-claude-mas\/cote-mas-2\/\",\"name\":\"C\u00f4t\u00e9 Mas - Les Domaines Paul Mas\",\"isPartOf\":{\"@id\":\"https:\/\/www.paulmas.com\/#website\"},\"primaryImageOfPage\":{\"@id\":\"https:\/\/www.paulmas.com\/en\/the-signatures-jean-claude-mas\/cote-mas-2\/#primaryimage\"},\"image\":{\"@id\":\"https:\/\/www.paulmas.com\/en\/the-signatures-jean-claude-mas\/cote-mas-2\/#primaryimage\"},\"thumbnailUrl\":\"https:\/\/www.paulmas.com\/wp-content\/uploads\/2021\/04\/Restaurant-Cote-Mas-Eboutique-Montage-Site-Internet-1.jpg\",\"datePublished\":\"2021-10-21T07:47:40+00:00\",\"dateModified\":\"2021-10-21T07:47:41+00:00\",\"breadcrumb\":{\"@id\":\"https:\/\/www.paulmas.com\/en\/the-signatures-jean-claude-mas\/cote-mas-2\/#breadcrumb\"},\"inLanguage\":\"en-US\",\"potentialAction\":[{\"@type\":\"ReadAction\",\"target\":[\"https:\/\/www.paulmas.com\/en\/the-signatures-jean-claude-mas\/cote-mas-2\/\"]}]},{\"@type\":\"ImageObject\",\"inLanguage\":\"en-US\",\"@id\":\"https:\/\/www.paulmas.com\/en\/the-signatures-jean-claude-mas\/cote-mas-2\/#primaryimage\",\"url\":\"https:\/\/www.paulmas.com\/wp-content\/uploads\/2021\/04\/Restaurant-Cote-Mas-Eboutique-Montage-Site-Internet-1.jpg\",\"contentUrl\":\"https:\/\/www.paulmas.com\/wp-content\/uploads\/2021\/04\/Restaurant-Cote-Mas-Eboutique-Montage-Site-Internet-1.jpg\",\"width\":1800,\"height\":704,\"caption\":\"C\u00f4t\u00e9 Mas Restaurant Caveau E boutique\"},{\"@type\":\"BreadcrumbList\",\"@id\":\"https:\/\/www.paulmas.com\/en\/the-signatures-jean-claude-mas\/cote-mas-2\/#breadcrumb\",\"itemListElement\":[{\"@type\":\"ListItem\",\"position\":1,\"name\":\"Accueil\",\"item\":\"https:\/\/www.paulmas.com\/en\/\"},{\"@type\":\"ListItem\",\"position\":2,\"name\":\"The Signatures Jean-Claude Mas\",\"item\":\"https:\/\/www.paulmas.com\/en\/the-signatures-jean-claude-mas\/\"},{\"@type\":\"ListItem\",\"position\":3,\"name\":\"C\u00f4t\u00e9 Mas\"}]},{\"@type\":\"WebSite\",\"@id\":\"https:\/\/www.paulmas.com\/#website\",\"url\":\"https:\/\/www.paulmas.com\/\",\"name\":\"Les Domaines Paul Mas\",\"description\":\"Le luxe rural depuis 1892\",\"potentialAction\":[{\"@type\":\"SearchAction\",\"target\":{\"@type\":\"EntryPoint\",\"urlTemplate\":\"https:\/\/www.paulmas.com\/?s={search_term_string}\"},\"query-input\":{\"@type\":\"PropertyValueSpecification\",\"valueRequired\":true,\"valueName\":\"search_term_string\"}}],\"inLanguage\":\"en-US\"}]}<\/script>\n<!-- \/ Yoast SEO plugin. -->","yoast_head_json":{"title":"C\u00f4t\u00e9 Mas - Les Domaines Paul Mas","robots":{"index":"index","follow":"follow","max-snippet":"max-snippet:-1","max-image-preview":"max-image-preview:large","max-video-preview":"max-video-preview:-1"},"canonical":"https:\/\/www.paulmas.com\/en\/the-signatures-jean-claude-mas\/cote-mas-2\/","og_locale":"en_US","og_type":"article","og_title":"C\u00f4t\u00e9 Mas - Les Domaines Paul Mas","og_description":"The owner winemaker, Jean-Claude Mas, Ambassador of \u201cRural Luxury\u201d, invites to his table all lovers of wine, good food and beautiful landscapes","og_url":"https:\/\/www.paulmas.com\/en\/the-signatures-jean-claude-mas\/cote-mas-2\/","og_site_name":"Les Domaines Paul Mas","article_modified_time":"2021-10-21T07:47:41+00:00","og_image":[{"width":1800,"height":704,"url":"https:\/\/www.paulmas.com\/wp-content\/uploads\/2021\/04\/Restaurant-Cote-Mas-Eboutique-Montage-Site-Internet-1.jpg","type":"image\/jpeg"}],"twitter_card":"summary_large_image","twitter_misc":{"Est. reading time":"7 minutes"},"schema":{"@context":"https:\/\/schema.org","@graph":[{"@type":"WebPage","@id":"https:\/\/www.paulmas.com\/en\/the-signatures-jean-claude-mas\/cote-mas-2\/","url":"https:\/\/www.paulmas.com\/en\/the-signatures-jean-claude-mas\/cote-mas-2\/","name":"C\u00f4t\u00e9 Mas - Les Domaines Paul Mas","isPartOf":{"@id":"https:\/\/www.paulmas.com\/#website"},"primaryImageOfPage":{"@id":"https:\/\/www.paulmas.com\/en\/the-signatures-jean-claude-mas\/cote-mas-2\/#primaryimage"},"image":{"@id":"https:\/\/www.paulmas.com\/en\/the-signatures-jean-claude-mas\/cote-mas-2\/#primaryimage"},"thumbnailUrl":"https:\/\/www.paulmas.com\/wp-content\/uploads\/2021\/04\/Restaurant-Cote-Mas-Eboutique-Montage-Site-Internet-1.jpg","datePublished":"2021-10-21T07:47:40+00:00","dateModified":"2021-10-21T07:47:41+00:00","breadcrumb":{"@id":"https:\/\/www.paulmas.com\/en\/the-signatures-jean-claude-mas\/cote-mas-2\/#breadcrumb"},"inLanguage":"en-US","potentialAction":[{"@type":"ReadAction","target":["https:\/\/www.paulmas.com\/en\/the-signatures-jean-claude-mas\/cote-mas-2\/"]}]},{"@type":"ImageObject","inLanguage":"en-US","@id":"https:\/\/www.paulmas.com\/en\/the-signatures-jean-claude-mas\/cote-mas-2\/#primaryimage","url":"https:\/\/www.paulmas.com\/wp-content\/uploads\/2021\/04\/Restaurant-Cote-Mas-Eboutique-Montage-Site-Internet-1.jpg","contentUrl":"https:\/\/www.paulmas.com\/wp-content\/uploads\/2021\/04\/Restaurant-Cote-Mas-Eboutique-Montage-Site-Internet-1.jpg","width":1800,"height":704,"caption":"C\u00f4t\u00e9 Mas Restaurant Caveau E boutique"},{"@type":"BreadcrumbList","@id":"https:\/\/www.paulmas.com\/en\/the-signatures-jean-claude-mas\/cote-mas-2\/#breadcrumb","itemListElement":[{"@type":"ListItem","position":1,"name":"Accueil","item":"https:\/\/www.paulmas.com\/en\/"},{"@type":"ListItem","position":2,"name":"The Signatures Jean-Claude Mas","item":"https:\/\/www.paulmas.com\/en\/the-signatures-jean-claude-mas\/"},{"@type":"ListItem","position":3,"name":"C\u00f4t\u00e9 Mas"}]},{"@type":"WebSite","@id":"https:\/\/www.paulmas.com\/#website","url":"https:\/\/www.paulmas.com\/","name":"Les Domaines Paul Mas","description":"Le luxe rural depuis 1892","potentialAction":[{"@type":"SearchAction","target":{"@type":"EntryPoint","urlTemplate":"https:\/\/www.paulmas.com\/?s={search_term_string}"},"query-input":{"@type":"PropertyValueSpecification","valueRequired":true,"valueName":"search_term_string"}}],"inLanguage":"en-US"}]}},"_links":{"self":[{"href":"https:\/\/www.paulmas.com\/en\/wp-json\/wp\/v2\/pages\/6664","targetHints":{"allow":["GET"]}}],"collection":[{"href":"https:\/\/www.paulmas.com\/en\/wp-json\/wp\/v2\/pages"}],"about":[{"href":"https:\/\/www.paulmas.com\/en\/wp-json\/wp\/v2\/types\/page"}],"author":[{"embeddable":true,"href":"https:\/\/www.paulmas.com\/en\/wp-json\/wp\/v2\/users\/5"}],"replies":[{"embeddable":true,"href":"https:\/\/www.paulmas.com\/en\/wp-json\/wp\/v2\/comments?post=6664"}],"version-history":[{"count":9,"href":"https:\/\/www.paulmas.com\/en\/wp-json\/wp\/v2\/pages\/6664\/revisions"}],"predecessor-version":[{"id":7311,"href":"https:\/\/www.paulmas.com\/en\/wp-json\/wp\/v2\/pages\/6664\/revisions\/7311"}],"up":[{"embeddable":true,"href":"https:\/\/www.paulmas.com\/en\/wp-json\/wp\/v2\/pages\/1180"}],"wp:featuredmedia":[{"embeddable":true,"href":"https:\/\/www.paulmas.com\/en\/wp-json\/wp\/v2\/media\/5425"}],"wp:attachment":[{"href":"https:\/\/www.paulmas.com\/en\/wp-json\/wp\/v2\/media?parent=6664"}],"curies":[{"name":"wp","href":"https:\/\/api.w.org\/{rel}","templated":true}]}}