{"id":5806,"date":"2021-05-03T10:53:50","date_gmt":"2021-05-03T10:53:50","guid":{"rendered":"https:\/\/paulmas.com\/?page_id=5806"},"modified":"2021-05-03T10:53:59","modified_gmt":"2021-05-03T10:53:59","slug":"supremedevolaille","status":"publish","type":"page","link":"https:\/\/www.paulmas.com\/en\/restaurant-cote-mas\/recipes\/supremedevolaille\/","title":{"rendered":"Supreme de volaille"},"content":{"rendered":"\n[et_pb_section fb_built=&#8221;1&#8243; fullwidth=&#8221;on&#8221; _builder_version=&#8221;3.22&#8243; background_image=&#8221;https:\/\/www.paulmas.com\/wp-content\/uploads\/2015\/03\/cote-mas-vigne-restaurant.jpg&#8221; custom_padding=&#8221;||0px|&#8221;][et_pb_fullwidth_header title=&#8221;C\u00f4t\u00e9 Mas &#8211; Luxe Rural&#8221; content_max_width=&#8221;none&#8221; _builder_version=&#8221;3.16&#8243; background_color=&#8221;rgba(255, 255, 255, 0)&#8221; button_one_letter_spacing_hover=&#8221;0&#8243; button_two_letter_spacing_hover=&#8221;0&#8243; button_one_text_size__hover_enabled=&#8221;off&#8221; button_two_text_size__hover_enabled=&#8221;off&#8221; button_one_text_color__hover_enabled=&#8221;off&#8221; button_two_text_color__hover_enabled=&#8221;off&#8221; button_one_border_width__hover_enabled=&#8221;off&#8221; button_two_border_width__hover_enabled=&#8221;off&#8221; button_one_border_color__hover_enabled=&#8221;off&#8221; button_two_border_color__hover_enabled=&#8221;off&#8221; button_one_border_radius__hover_enabled=&#8221;off&#8221; button_two_border_radius__hover_enabled=&#8221;off&#8221; button_one_letter_spacing__hover_enabled=&#8221;on&#8221; button_one_letter_spacing__hover=&#8221;0&#8243; button_two_letter_spacing__hover_enabled=&#8221;on&#8221; button_two_letter_spacing__hover=&#8221;0&#8243; button_one_bg_color__hover_enabled=&#8221;off&#8221; button_two_bg_color__hover_enabled=&#8221;off&#8221;][\/et_pb_fullwidth_header][\/et_pb_section][et_pb_section fb_built=&#8221;1&#8243; _builder_version=&#8221;3.22&#8243; custom_padding=&#8221;5px|||&#8221;][\/et_pb_section][et_pb_section fb_built=&#8221;1&#8243; _builder_version=&#8221;3.22&#8243; custom_padding=&#8221;0px|||&#8221; animation_style=&#8221;flip&#8221;][et_pb_row make_equal=&#8221;on&#8221; _builder_version=&#8221;3.25&#8243;][et_pb_column type=&#8221;4_4&#8243; _builder_version=&#8221;3.25&#8243; custom_padding=&#8221;|||&#8221; custom_padding__hover=&#8221;|||&#8221;][et_pb_text _builder_version=&#8221;4.6.1&#8243; _module_preset=&#8221;default&#8221; text_text_color=&#8221;#261402&#8243; background_color=&#8221;#f5e7d4&#8243; custom_padding=&#8221;10px|10px|10px|10px|false|false&#8221;]<h3>Chicken supreme<\/h3>[\/et_pb_text][et_pb_image src=&#8221;https:\/\/www.paulmas.com\/wp-content\/uploads\/2021\/04\/Supreme-de-Volaille-1000.jpg&#8221; alt=&#8221;recette supr\u00eame de volaille&#8221; title_text=&#8221;Supr\u00eame de Volaille-1000&#8243; align=&#8221;center&#8221; _builder_version=&#8221;4.9.4&#8243; _module_preset=&#8221;default&#8221; custom_padding=&#8221;20px|20px|20px|20px|false|false&#8221;][\/et_pb_image][et_pb_text _builder_version=&#8221;4.9.4&#8243; _module_preset=&#8221;default&#8221; text_text_color=&#8221;#261402&#8243; border_color_all=&#8221;#261402&#8243; border_width_bottom=&#8221;1px&#8221;]<h4>Ingredients\u00a0<\/h4>[\/et_pb_text][et_pb_text _builder_version=&#8221;4.9.4&#8243; _module_preset=&#8221;default&#8221; text_text_color=&#8221;#707070&#8243;]<p>4 chicken breasts<br \/>4 carrots<br \/>2 Agata varietal potatoes<br \/>1 red onion<br \/>Truffle oil<br \/>300g cr\u00e8me fraiche<br \/>60g salted butter<br \/>Salt<br \/>Timut pepper<\/p>[\/et_pb_text][et_pb_text _builder_version=&#8221;4.9.4&#8243; _module_preset=&#8221;default&#8221; text_text_color=&#8221;#261402&#8243; border_color_all=&#8221;#261402&#8243; border_width_bottom=&#8221;1px&#8221;]<h4>Pr\u00e9paration&nbsp;<\/h4>[\/et_pb_text][et_pb_text _builder_version=&#8221;4.9.4&#8243; _module_preset=&#8221;default&#8221; text_text_color=&#8221;#707070&#8243;]<p>1. Peel and cut your potatoes, then cook them in 300gof cr\u00e8me fraiche, and 300g of salted water. Oncecooked, mix everything. Season with truffle oil to yourtaste.<br \/>2. Peel your carrots and cut them in half, lengthwise. Ina frying pan, melt 30g butter, and cook your carrotsover low heat for about 10 minutes on each side.Adjust the seasoning to your taste.<br \/>3. Cut the red onion into 6 pieces, cook them over lowheat in butter for about 10 minutes (you can cook themwith the carrots).<br \/>4. In a very hot pan, drizzle the olive oil, the saltedbutter, and add your chicken breasts. Lower the heatdirectly and cook them for about 5 minutes on eachside. Finish cooking in the oven for about 8 minutes at180\u00b0C.<br \/>5. Serve hot.\u00a0<\/p>\n<ol><\/ol>[\/et_pb_text][\/et_pb_column][\/et_pb_row][et_pb_row _builder_version=&#8221;4.8.1&#8243; _module_preset=&#8221;default&#8221;][et_pb_column type=&#8221;4_4&#8243; _builder_version=&#8221;4.8.1&#8243; _module_preset=&#8221;default&#8221;][et_pb_button button_url=&#8221;https:\/\/www.paulmas.com\/wp-content\/uploads\/2021\/04\/RECIPE-CHICKEN-SUPREME.pdf&#8221; url_new_window=&#8221;on&#8221; button_text=&#8221;Download the recipe&#8221; _builder_version=&#8221;4.9.4&#8243; _module_preset=&#8221;default&#8221; hover_enabled=&#8221;0&#8243; sticky_enabled=&#8221;0&#8243;][\/et_pb_button][\/et_pb_column][\/et_pb_row][\/et_pb_section]\n","protected":false},"excerpt":{"rendered":"<p>Chicken supremeIngredients\u00a04 chicken breasts4 carrots2 Agata varietal potatoes1 red onionTruffle oil300g cr\u00e8me fraiche60g salted butterSaltTimut pepperPr\u00e9paration&nbsp;1. Peel and cut your potatoes, then cook them in 300gof cr\u00e8me fraiche, and 300g of salted water. Oncecooked, mix everything. Season with truffle oil to yourtaste.2. Peel your carrots and cut them in half, lengthwise. Ina frying pan, melt [&hellip;]<\/p>\n","protected":false},"author":5,"featured_media":0,"parent":4772,"menu_order":0,"comment_status":"closed","ping_status":"closed","template":"","meta":{"_et_pb_use_builder":"on","_et_pb_old_content":"[et_pb_section fb_built=\"1\" fullwidth=\"on\" _builder_version=\"3.22\" background_image=\"https:\/\/www.paulmas.com\/wp-content\/uploads\/2015\/03\/cote-mas-vigne-restaurant.jpg\" custom_padding=\"||0px|\"][et_pb_fullwidth_header title=\"C\u00f4t\u00e9 Mas - Luxe Rural\" content_max_width=\"none\" _builder_version=\"3.16\" background_color=\"rgba(255, 255, 255, 0)\" button_one_letter_spacing_hover=\"0\" button_two_letter_spacing_hover=\"0\" button_one_text_size__hover_enabled=\"off\" button_two_text_size__hover_enabled=\"off\" button_one_text_color__hover_enabled=\"off\" button_two_text_color__hover_enabled=\"off\" button_one_border_width__hover_enabled=\"off\" button_two_border_width__hover_enabled=\"off\" button_one_border_color__hover_enabled=\"off\" button_two_border_color__hover_enabled=\"off\" button_one_border_radius__hover_enabled=\"off\" button_two_border_radius__hover_enabled=\"off\" button_one_letter_spacing__hover_enabled=\"on\" button_one_letter_spacing__hover=\"0\" button_two_letter_spacing__hover_enabled=\"on\" button_two_letter_spacing__hover=\"0\" button_one_bg_color__hover_enabled=\"off\" button_two_bg_color__hover_enabled=\"off\"][\/et_pb_fullwidth_header][\/et_pb_section][et_pb_section fb_built=\"1\" _builder_version=\"3.22\" custom_padding=\"5px|||\"][\/et_pb_section][et_pb_section fb_built=\"1\" _builder_version=\"3.22\" custom_padding=\"0px|||\" animation_style=\"flip\"][et_pb_row make_equal=\"on\" _builder_version=\"3.25\"][et_pb_column type=\"4_4\" _builder_version=\"3.25\" custom_padding=\"|||\" custom_padding__hover=\"|||\"][et_pb_text _builder_version=\"4.6.1\" _module_preset=\"default\" text_text_color=\"#261402\" background_color=\"#f5e7d4\" custom_padding=\"10px|10px|10px|10px|false|false\"]\n<h3>Supr\u00eame de volaille<\/h3>\n[\/et_pb_text][et_pb_image src=\"https:\/\/www.paulmas.com\/wp-content\/uploads\/2021\/04\/Supreme-de-Volaille-1000.jpg\" alt=\"recette supr\u00eame de volaille\" title_text=\"Supr\u00eame de Volaille-1000\" align=\"center\" _builder_version=\"4.9.4\" _module_preset=\"default\" custom_padding=\"20px|20px|20px|20px|false|false\"][\/et_pb_image][et_pb_text _builder_version=\"4.9.4\" _module_preset=\"default\" text_text_color=\"#261402\" border_color_all=\"#261402\" border_width_bottom=\"1px\"]\n<h4>Ingr\u00e9dients&nbsp;<\/h4>\n[\/et_pb_text][et_pb_text _builder_version=\"4.9.4\" _module_preset=\"default\" text_text_color=\"#707070\"]\n<ul>\n \t<li>\n<div class=\"page\" title=\"Page 1\">\n<div class=\"section\">\n<div class=\"layoutArea\">\n<div class=\"column\">\n\n<span>4 supr\u00eames de volaille<\/span>\n\n<\/div>\n<\/div>\n<\/div>\n<\/div><\/li>\n \t<li>\n<div class=\"page\" title=\"Page 1\">\n<div class=\"section\">\n<div class=\"layoutArea\">\n<div class=\"column\">\n\n<span>4 carottes<\/span>\n\n<\/div>\n<\/div>\n<\/div>\n<\/div><\/li>\n \t<li>\n<div class=\"page\" title=\"Page 1\">\n<div class=\"section\">\n<div class=\"layoutArea\">\n<div class=\"column\">\n\n<span>1 oignon rouge<\/span>\n\n<\/div>\n<\/div>\n<\/div>\n<\/div><\/li>\n \t<li>\n<div class=\"page\" title=\"Page 1\">\n<div class=\"section\">\n<div class=\"layoutArea\">\n<div class=\"column\">\n\n<span>Huile de truffe<\/span>\n\n<\/div>\n<\/div>\n<\/div>\n<\/div><\/li>\n \t<li>\n<div class=\"page\" title=\"Page 1\">\n<div class=\"section\">\n<div class=\"layoutArea\">\n<div class=\"column\">\n\n<span>300g de cr\u00e8me<\/span>\n\n<\/div>\n<\/div>\n<\/div>\n<\/div><\/li>\n \t<li>\n<div class=\"page\" title=\"Page 1\">\n<div class=\"section\">\n<div class=\"layoutArea\">\n<div class=\"column\">\n\n<span>60g de beurre demi sel<\/span>\n\n<\/div>\n<\/div>\n<\/div>\n<\/div><\/li>\n \t<li>\n<div class=\"page\" title=\"Page 1\">\n<div class=\"section\">\n<div class=\"layoutArea\">\n<div class=\"column\">\n\n<span>Sel<\/span>\n\n<\/div>\n<\/div>\n<\/div>\n<\/div><\/li>\n \t<li>Poivre de Timut<\/li>\n<\/ul>\n[\/et_pb_text][et_pb_text _builder_version=\"4.9.4\" _module_preset=\"default\" text_text_color=\"#261402\" border_color_all=\"#261402\" border_width_bottom=\"1px\"]\n<h4>Pr\u00e9paration&nbsp;<\/h4>\n[\/et_pb_text][et_pb_text _builder_version=\"4.9.4\" _module_preset=\"default\" text_text_color=\"#707070\" hover_enabled=\"0\" sticky_enabled=\"0\"]\n<ol>\n \t<li>\n<div class=\"et_pb_module et_pb_text et_pb_text_4  et_pb_text_align_left et_pb_bg_layout_light\">\n<div class=\"et_pb_text_inner\">\n\n<span style=\"font-size: 14px;\">\u00c9<\/span><span style=\"font-size: 14px;\">pluchez&nbsp;<\/span><span style=\"font-size: 14px;\">et coupez&nbsp;<\/span><span style=\"font-size: 14px;\">vos pommes&nbsp;<\/span><span style=\"font-size: 14px;\">de terres, puis&nbsp;<\/span><span style=\"font-size: 14px;\">mettez-les&nbsp;<\/span><span style=\"font-size: 14px;\">en cuisson&nbsp;<\/span><span style=\"font-size: 14px;\">dans les 300g de cr\u00e8me et 300g&nbsp;<\/span><span style=\"font-size: 14px;\">d'eau sal\u00e9e. Une fois cuit mixez le tout. Assaisonnez&nbsp;<\/span><span style=\"font-size: 14px;\">d'huile de truffe selon vos go\u00fbts.<\/span>\n\n<\/div>\n<\/div>\n<div class=\"et_pb_module et_pb_text et_pb_text_5  et_pb_text_align_left et_pb_bg_layout_light\">\n<div class=\"et_pb_text_inner\">\n\n<span>2. \u00c9pluchez vos carottes et coupez-les&nbsp;en deux dans la&nbsp;longueur.&nbsp;Dans une po\u00eale faire fondre 30g beurre,&nbsp;et&nbsp;faites cuire vos carottes&nbsp;\u00e0 feu doux environ&nbsp;10 minutes&nbsp;de chaque c\u00f4t\u00e9. Rectifiez l'assaisonnement si besoin.<\/span>\n\n3.<span>Dans une po\u00eale bien chaude,&nbsp;<\/span><span>mettez l\u2019huile d'olive, le&nbsp;<\/span><span>beurre demi-sel,&nbsp;<\/span><span>et ajoutez&nbsp;<\/span><span>vos supr\u00eames&nbsp;<\/span><span>de volaille&nbsp;<\/span><span>\u00e0&nbsp;<\/span><span>cuire c\u00f4t\u00e9 peau. Baissez&nbsp;<\/span><span>directement&nbsp;<\/span><span>le feu et faites-les <\/span><span>cuire environ&nbsp;<\/span><span>5minutes&nbsp;<\/span><span>de chaque&nbsp;<\/span><span>c\u00f4t\u00e9. Terminez&nbsp;<\/span><span>la <\/span><span>cuisson au four environ 8minutes \u00e0 180\u00b0C.<\/span>\n\n4.&nbsp;<span>E\u0301talez la pa\u0302te feuillete\u0301e. E\u0301talez les champignons sur la pa\u0302te feuillete\u0301e en dessinant un carre\u0301 au centre de la pa\u0302te. De\u0301posez le filet de b\u0153uf sur les champignons et refermez les bords de la pa\u0302te feuillete\u0301e pour enfermer la pre\u0301paration de fac\u0327on herme\u0301tique.<\/span>\n\n&nbsp;\n<div class=\"page\" title=\"Page 1\">\n<div class=\"section\">\n<div class=\"layoutArea\">\n<div class=\"column\">\n\n<strong>Pre\u0301parez une dorure<span>&nbsp;<\/span><\/strong><span><strong>:<\/strong>&nbsp;Me\u0301langez les 2 jaunes d\u2019\u0153ufs a\u0300 20 cl de lait. Badigeonnez la pa\u0302te feuillete\u0301e. Enfournez a\u0300 180\u00b0 pendant 40 min.<\/span>\n\n<span><\/span>\n\n<\/div>\n<\/div>\n<\/div>\n<\/div>\n<div class=\"page\" title=\"Page 1\">\n<div class=\"section\">\n<div class=\"layoutArea\">\n<div class=\"column\">\n\n<strong>Le petit plus du chef<span>&nbsp;<\/span><\/strong><span><strong>:<\/strong>&nbsp;Pour un effet \u00ab waouh \u00bb fai\u0302tes un de\u0301cor au couteau sur la pa\u0302te feuillete\u0301e avant d\u2019enfourner au four. Mais attention ne percez pas la pa\u0302te !<\/span>\n\n<\/div>\n<\/div>\n<\/div>\n<\/div>\n<\/div>\n<\/div><\/li>\n<\/ol>\n&nbsp;\n<ol><\/ol>\n[\/et_pb_text][\/et_pb_column][\/et_pb_row][et_pb_row _builder_version=\"4.8.1\" _module_preset=\"default\"][et_pb_column type=\"4_4\" _builder_version=\"4.8.1\" _module_preset=\"default\"][et_pb_button button_url=\"https:\/\/www.paulmas.com\/wp-content\/uploads\/2021\/04\/RECETTE-SUPREME-DE-VOLAILLE-1.pdf\" url_new_window=\"on\" button_text=\"Recette \u00e0 t\u00e9l\u00e9charger\" _builder_version=\"4.9.4\" _module_preset=\"default\" hover_enabled=\"0\" sticky_enabled=\"0\"][\/et_pb_button][\/et_pb_column][\/et_pb_row][\/et_pb_section]","_et_gb_content_width":"","footnotes":""},"class_list":["post-5806","page","type-page","status-publish","hentry"],"yoast_head":"<!-- This site is optimized with the Yoast SEO plugin v27.4 - https:\/\/yoast.com\/product\/yoast-seo-wordpress\/ -->\n<title>Supreme de volaille - Les Domaines Paul Mas<\/title>\n<meta name=\"robots\" content=\"index, follow, max-snippet:-1, max-image-preview:large, max-video-preview:-1\" \/>\n<link rel=\"canonical\" href=\"https:\/\/www.paulmas.com\/cote-mas\/recettes\/supreme-de-volaille\/\" \/>\n<meta property=\"og:locale\" content=\"en_US\" \/>\n<meta property=\"og:type\" content=\"article\" \/>\n<meta property=\"og:title\" content=\"Supreme de volaille - Les Domaines Paul Mas\" \/>\n<meta property=\"og:description\" content=\"Chicken supremeIngredients\u00a04 chicken breasts4 carrots2 Agata varietal potatoes1 red onionTruffle oil300g cr\u00e8me fraiche60g salted butterSaltTimut pepperPr\u00e9paration&nbsp;1. Peel and cut your potatoes, then cook them in 300gof cr\u00e8me fraiche, and 300g of salted water. Oncecooked, mix everything. Season with truffle oil to yourtaste.2. Peel your carrots and cut them in half, lengthwise. Ina frying pan, melt [&hellip;]\" \/>\n<meta property=\"og:url\" content=\"https:\/\/www.paulmas.com\/cote-mas\/recettes\/supreme-de-volaille\/\" \/>\n<meta property=\"og:site_name\" content=\"Les Domaines Paul Mas\" \/>\n<meta property=\"article:modified_time\" content=\"2021-05-03T10:53:59+00:00\" \/>\n<meta name=\"twitter:card\" content=\"summary_large_image\" \/>\n<meta name=\"twitter:label1\" content=\"Est. reading time\" \/>\n\t<meta name=\"twitter:data1\" content=\"3 minutes\" \/>\n<script type=\"application\/ld+json\" class=\"yoast-schema-graph\">{\"@context\":\"https:\\\/\\\/schema.org\",\"@graph\":[{\"@type\":\"WebPage\",\"@id\":\"https:\\\/\\\/www.paulmas.com\\\/cote-mas\\\/recettes\\\/supreme-de-volaille\\\/\",\"url\":\"https:\\\/\\\/www.paulmas.com\\\/cote-mas\\\/recettes\\\/supreme-de-volaille\\\/\",\"name\":\"Supreme de volaille - Les Domaines Paul Mas\",\"isPartOf\":{\"@id\":\"https:\\\/\\\/www.paulmas.com\\\/#website\"},\"datePublished\":\"2021-05-03T10:53:50+00:00\",\"dateModified\":\"2021-05-03T10:53:59+00:00\",\"breadcrumb\":{\"@id\":\"https:\\\/\\\/www.paulmas.com\\\/cote-mas\\\/recettes\\\/supreme-de-volaille\\\/#breadcrumb\"},\"inLanguage\":\"en-US\",\"potentialAction\":[{\"@type\":\"ReadAction\",\"target\":[\"https:\\\/\\\/www.paulmas.com\\\/cote-mas\\\/recettes\\\/supreme-de-volaille\\\/\"]}]},{\"@type\":\"BreadcrumbList\",\"@id\":\"https:\\\/\\\/www.paulmas.com\\\/cote-mas\\\/recettes\\\/supreme-de-volaille\\\/#breadcrumb\",\"itemListElement\":[{\"@type\":\"ListItem\",\"position\":1,\"name\":\"Accueil\",\"item\":\"https:\\\/\\\/www.paulmas.com\\\/en\\\/\"},{\"@type\":\"ListItem\",\"position\":2,\"name\":\"Private: Restaurant C\u00f4t\u00e9 Mas\",\"item\":\"https:\\\/\\\/www.paulmas.com\\\/en\\\/?page_id=1208\"},{\"@type\":\"ListItem\",\"position\":3,\"name\":\"Recipes\",\"item\":\"https:\\\/\\\/www.paulmas.com\\\/en\\\/restaurant-cote-mas\\\/recipes\\\/\"},{\"@type\":\"ListItem\",\"position\":4,\"name\":\"Supreme de volaille\"}]},{\"@type\":\"WebSite\",\"@id\":\"https:\\\/\\\/www.paulmas.com\\\/#website\",\"url\":\"https:\\\/\\\/www.paulmas.com\\\/\",\"name\":\"Les Domaines Paul Mas\",\"description\":\"Le luxe rural depuis 1892\",\"potentialAction\":[{\"@type\":\"SearchAction\",\"target\":{\"@type\":\"EntryPoint\",\"urlTemplate\":\"https:\\\/\\\/www.paulmas.com\\\/?s={search_term_string}\"},\"query-input\":{\"@type\":\"PropertyValueSpecification\",\"valueRequired\":true,\"valueName\":\"search_term_string\"}}],\"inLanguage\":\"en-US\"}]}<\/script>\n<!-- \/ Yoast SEO plugin. -->","yoast_head_json":{"title":"Supreme de volaille - Les Domaines Paul Mas","robots":{"index":"index","follow":"follow","max-snippet":"max-snippet:-1","max-image-preview":"max-image-preview:large","max-video-preview":"max-video-preview:-1"},"canonical":"https:\/\/www.paulmas.com\/cote-mas\/recettes\/supreme-de-volaille\/","og_locale":"en_US","og_type":"article","og_title":"Supreme de volaille - Les Domaines Paul Mas","og_description":"Chicken supremeIngredients\u00a04 chicken breasts4 carrots2 Agata varietal potatoes1 red onionTruffle oil300g cr\u00e8me fraiche60g salted butterSaltTimut pepperPr\u00e9paration&nbsp;1. Peel and cut your potatoes, then cook them in 300gof cr\u00e8me fraiche, and 300g of salted water. Oncecooked, mix everything. Season with truffle oil to yourtaste.2. Peel your carrots and cut them in half, lengthwise. Ina frying pan, melt [&hellip;]","og_url":"https:\/\/www.paulmas.com\/cote-mas\/recettes\/supreme-de-volaille\/","og_site_name":"Les Domaines Paul Mas","article_modified_time":"2021-05-03T10:53:59+00:00","twitter_card":"summary_large_image","twitter_misc":{"Est. reading time":"3 minutes"},"schema":{"@context":"https:\/\/schema.org","@graph":[{"@type":"WebPage","@id":"https:\/\/www.paulmas.com\/cote-mas\/recettes\/supreme-de-volaille\/","url":"https:\/\/www.paulmas.com\/cote-mas\/recettes\/supreme-de-volaille\/","name":"Supreme de volaille - Les Domaines Paul Mas","isPartOf":{"@id":"https:\/\/www.paulmas.com\/#website"},"datePublished":"2021-05-03T10:53:50+00:00","dateModified":"2021-05-03T10:53:59+00:00","breadcrumb":{"@id":"https:\/\/www.paulmas.com\/cote-mas\/recettes\/supreme-de-volaille\/#breadcrumb"},"inLanguage":"en-US","potentialAction":[{"@type":"ReadAction","target":["https:\/\/www.paulmas.com\/cote-mas\/recettes\/supreme-de-volaille\/"]}]},{"@type":"BreadcrumbList","@id":"https:\/\/www.paulmas.com\/cote-mas\/recettes\/supreme-de-volaille\/#breadcrumb","itemListElement":[{"@type":"ListItem","position":1,"name":"Accueil","item":"https:\/\/www.paulmas.com\/en\/"},{"@type":"ListItem","position":2,"name":"Private: Restaurant C\u00f4t\u00e9 Mas","item":"https:\/\/www.paulmas.com\/en\/?page_id=1208"},{"@type":"ListItem","position":3,"name":"Recipes","item":"https:\/\/www.paulmas.com\/en\/restaurant-cote-mas\/recipes\/"},{"@type":"ListItem","position":4,"name":"Supreme de volaille"}]},{"@type":"WebSite","@id":"https:\/\/www.paulmas.com\/#website","url":"https:\/\/www.paulmas.com\/","name":"Les Domaines Paul Mas","description":"Le luxe rural depuis 1892","potentialAction":[{"@type":"SearchAction","target":{"@type":"EntryPoint","urlTemplate":"https:\/\/www.paulmas.com\/?s={search_term_string}"},"query-input":{"@type":"PropertyValueSpecification","valueRequired":true,"valueName":"search_term_string"}}],"inLanguage":"en-US"}]}},"_links":{"self":[{"href":"https:\/\/www.paulmas.com\/en\/wp-json\/wp\/v2\/pages\/5806","targetHints":{"allow":["GET"]}}],"collection":[{"href":"https:\/\/www.paulmas.com\/en\/wp-json\/wp\/v2\/pages"}],"about":[{"href":"https:\/\/www.paulmas.com\/en\/wp-json\/wp\/v2\/types\/page"}],"author":[{"embeddable":true,"href":"https:\/\/www.paulmas.com\/en\/wp-json\/wp\/v2\/users\/5"}],"replies":[{"embeddable":true,"href":"https:\/\/www.paulmas.com\/en\/wp-json\/wp\/v2\/comments?post=5806"}],"version-history":[{"count":5,"href":"https:\/\/www.paulmas.com\/en\/wp-json\/wp\/v2\/pages\/5806\/revisions"}],"predecessor-version":[{"id":5821,"href":"https:\/\/www.paulmas.com\/en\/wp-json\/wp\/v2\/pages\/5806\/revisions\/5821"}],"up":[{"embeddable":true,"href":"https:\/\/www.paulmas.com\/en\/wp-json\/wp\/v2\/pages\/4772"}],"wp:attachment":[{"href":"https:\/\/www.paulmas.com\/en\/wp-json\/wp\/v2\/media?parent=5806"}],"curies":[{"name":"wp","href":"https:\/\/api.w.org\/{rel}","templated":true}]}}