{"id":4822,"date":"2020-11-29T20:56:47","date_gmt":"2020-11-29T20:56:47","guid":{"rendered":"https:\/\/paulmas.com\/?page_id=4822"},"modified":"2020-12-01T09:48:34","modified_gmt":"2020-12-01T09:48:34","slug":"chocolate-caramel-pie","status":"publish","type":"page","link":"https:\/\/www.paulmas.com\/en\/restaurant-cote-mas\/recipes\/chocolate-caramel-pie\/","title":{"rendered":"Chocolate Caramel Pie"},"content":{"rendered":"<p>[et_pb_section fb_built=&#8221;1&#8243; fullwidth=&#8221;on&#8221; _builder_version=&#8221;3.22&#8243; background_image=&#8221;https:\/\/www.paulmas.com\/wp-content\/uploads\/2015\/03\/cote-mas-vigne-restaurant.jpg&#8221; custom_padding=&#8221;||0px|&#8221;][et_pb_fullwidth_header title=&#8221;C\u00f4t\u00e9 Mas &#8211; Luxe Rural&#8221; content_max_width=&#8221;none&#8221; _builder_version=&#8221;3.16&#8243; background_color=&#8221;rgba(255, 255, 255, 0)&#8221; button_one_letter_spacing_hover=&#8221;0&#8243; button_two_letter_spacing_hover=&#8221;0&#8243; button_one_text_size__hover_enabled=&#8221;off&#8221; button_two_text_size__hover_enabled=&#8221;off&#8221; button_one_text_color__hover_enabled=&#8221;off&#8221; button_two_text_color__hover_enabled=&#8221;off&#8221; button_one_border_width__hover_enabled=&#8221;off&#8221; button_two_border_width__hover_enabled=&#8221;off&#8221; button_one_border_color__hover_enabled=&#8221;off&#8221; button_two_border_color__hover_enabled=&#8221;off&#8221; button_one_border_radius__hover_enabled=&#8221;off&#8221; button_two_border_radius__hover_enabled=&#8221;off&#8221; button_one_letter_spacing__hover_enabled=&#8221;on&#8221; button_one_letter_spacing__hover=&#8221;0&#8243; button_two_letter_spacing__hover_enabled=&#8221;on&#8221; button_two_letter_spacing__hover=&#8221;0&#8243; button_one_bg_color__hover_enabled=&#8221;off&#8221; button_two_bg_color__hover_enabled=&#8221;off&#8221;][\/et_pb_fullwidth_header][\/et_pb_section][et_pb_section fb_built=&#8221;1&#8243; _builder_version=&#8221;3.22&#8243; custom_padding=&#8221;5px|||&#8221;][\/et_pb_section][et_pb_section fb_built=&#8221;1&#8243; _builder_version=&#8221;3.22&#8243; custom_padding=&#8221;0px|||&#8221; animation_style=&#8221;flip&#8221;][et_pb_row make_equal=&#8221;on&#8221; _builder_version=&#8221;3.25&#8243;][et_pb_column type=&#8221;4_4&#8243; _builder_version=&#8221;3.25&#8243; custom_padding=&#8221;|||&#8221; custom_padding__hover=&#8221;|||&#8221;][et_pb_text _builder_version=&#8221;4.6.1&#8243; _module_preset=&#8221;default&#8221; text_text_color=&#8221;#261402&#8243; background_color=&#8221;#f5e7d4&#8243; custom_padding=&#8221;10px|10px|10px|10px|false|false&#8221;]<\/p>\n<h3><span style=\"color: #800000;\"><span style=\"color: #800000;\"><\/span><\/span>Chocolat Caramel pie<\/h3>\n<p>[\/et_pb_text][et_pb_image src=&#8221;https:\/\/www.paulmas.com\/wp-content\/uploads\/2020\/12\/Chocolate-pie-CM-Brut-Rose-1000.jpg&#8221; title_text=&#8221;chocolate and caramel tart on dark blue background&#8221; align=&#8221;center&#8221; _builder_version=&#8221;4.6.1&#8243; _module_preset=&#8221;default&#8221; custom_padding=&#8221;20px|20px|20px|20px|false|false&#8221; hover_enabled=&#8221;0&#8243; sticky_enabled=&#8221;0&#8243;][\/et_pb_image][et_pb_text _builder_version=&#8221;4.6.1&#8243; _module_preset=&#8221;default&#8221; text_text_color=&#8221;#707070&#8243;]<\/p>\n<p><strong>WINE PAIRING SUGGESTION : C\u00d4T\u00c9 MAS CR\u00c9MANT DE LIMOUX BRUT ROS\u00c9<\/strong><\/p>\n<p><a href=\"https:\/\/www.vivino.com\/cote-mas-cremant-de-limoux-brut-rose\/w\/1495446?ref=nav-search\">https:\/\/www.vivino.com\/cote-mas-cremant-de-limoux-brut-rose\/w\/1495446?ref=nav-search<\/a><\/p>\n<p>[\/et_pb_text][et_pb_text _builder_version=&#8221;4.6.1&#8243; _module_preset=&#8221;default&#8221; text_text_color=&#8221;#261402&#8243; border_color_all=&#8221;#261402&#8243; border_width_bottom=&#8221;1px&#8221;]<\/p>\n<h4>Pie Ingredients<\/h4>\n<p>[\/et_pb_text][et_pb_text _builder_version=&#8221;4.6.1&#8243; _module_preset=&#8221;default&#8221; text_text_color=&#8221;#707070&#8243;]<\/p>\n<ul>\n<li>95g powdered sugar<\/li>\n<li><span>150g butter at room temperature<\/span><\/li>\n<li>30g almond powder<\/li>\n<li><span>1 pinch of salt<\/span><\/li>\n<li><span>225g of flour<\/span><\/li>\n<li><span>15g of cocoa powder<\/span><\/li>\n<li><span>1 egg<\/span><\/li>\n<\/ul>\n<p>[\/et_pb_text][et_pb_text _builder_version=&#8221;4.6.1&#8243; _module_preset=&#8221;default&#8221; text_text_color=&#8221;#261402&#8243; border_color_all=&#8221;#261402&#8243; border_width_bottom=&#8221;1px&#8221;]<\/p>\n<h4>Pie preparation (step 1)<\/h4>\n<p>[\/et_pb_text][et_pb_text _builder_version=&#8221;4.6.1&#8243; _module_preset=&#8221;default&#8221; text_text_color=&#8221;#707070&#8243;]<\/p>\n<ol>\n<li>Mix together, by hand, powdered <span>sugar, butter and almond powder.<\/span><\/li>\n<li><span>Add the flour, salt and cocoa.<\/span><\/li>\n<li>Add the egg.<\/li>\n<li><span>Mix the dough with the palm of your hand.<\/span><\/li>\n<li><span>Roll out the dough, make small holes in it with a fork \u2013 if the dough is too soft, put it in the fridge a few minutes and try to roll it out.<\/span><\/li>\n<li><span>Place it in a pie pan.<\/span><\/li>\n<li><span>Bake at 335F for 20 min.<\/span><\/li>\n<\/ol>\n<p>[\/et_pb_text][et_pb_text _builder_version=&#8221;4.6.1&#8243; _module_preset=&#8221;default&#8221; text_text_color=&#8221;#261402&#8243; border_color_all=&#8221;#261402&#8243; border_width_bottom=&#8221;1px&#8221;]<\/p>\n<h4>Caramel sauce Ingredients<\/h4>\n<p>[\/et_pb_text][et_pb_text _builder_version=&#8221;4.6.1&#8243; _module_preset=&#8221;default&#8221; text_text_color=&#8221;#707070&#8243;]<\/p>\n<ul>\n<li>150g 30% cream\u00a0<\/li>\n<li>60g of butter<\/li>\n<li>2 pinch of salt<\/li>\n<li>150g of caster with sugar<\/li>\n<li>3 tbsp of water<\/li>\n<\/ul>\n<p>[\/et_pb_text][et_pb_text _builder_version=&#8221;4.6.1&#8243; _module_preset=&#8221;default&#8221; text_text_color=&#8221;#261402&#8243; border_color_all=&#8221;#261402&#8243; border_width_bottom=&#8221;1px&#8221;]<\/p>\n<h4>Caramel sauce preparation (step 2)<\/h4>\n<p>[\/et_pb_text][et_pb_text _builder_version=&#8221;4.6.1&#8243; _module_preset=&#8221;default&#8221; text_text_color=&#8221;#707070&#8243;]<\/p>\n<ol>\n<li><span>Make a caramel with the sugar. In a saucepan, pour the sugar with the water and mix over medium heat until caramel color.<\/span><\/li>\n<li><span>Add the butter and mix.<\/span><\/li>\n<li><span>Once well mixed, progressively add the cream in 3 times.<\/span><\/li>\n<li>Add the salt.<\/li>\n<li><span>Pour the mixture into the cooked pie crust.<\/span><\/li>\n<li><span>Put this preparation in the fridge while you prepare the chocolate mousse.<\/span><\/li>\n<\/ol>\n<p>[\/et_pb_text][et_pb_text _builder_version=&#8221;4.6.1&#8243; _module_preset=&#8221;default&#8221; text_text_color=&#8221;#261402&#8243; border_color_all=&#8221;#261402&#8243; border_width_bottom=&#8221;1px&#8221;]<\/p>\n<h4>Chocolate mousse Ingredients<\/h4>\n<p>[\/et_pb_text][et_pb_text _builder_version=&#8221;4.6.1&#8243; _module_preset=&#8221;default&#8221; text_text_color=&#8221;#707070&#8243;]<\/p>\n<ul>\n<li><span>200g semi-sweet baking chocolate<\/span><\/li>\n<li>400g 35% cream\u00a0<\/li>\n<li>200g of whole milk<\/li>\n<li>20g of cocoa<span> powder<\/span><\/li>\n<\/ul>\n<p>[\/et_pb_text][et_pb_text _builder_version=&#8221;4.6.1&#8243; _module_preset=&#8221;default&#8221; text_text_color=&#8221;#261402&#8243; border_color_all=&#8221;#261402&#8243; border_width_bottom=&#8221;1px&#8221;]<\/p>\n<h4>Chocolate mousse preparation (step 3)<\/h4>\n<p>[\/et_pb_text][et_pb_text _builder_version=&#8221;4.6.1&#8243; _module_preset=&#8221;default&#8221; text_text_color=&#8221;#707070&#8243;]<\/p>\n<ol>\n<li><span>In a pan, warm up the cocoa and milk until it starts bubbling. <\/span><\/li>\n<li><span>Add the baking chocolate in the pan <strong>out the fire<\/strong><\/span><\/li>\n<li><span>Separately, whip the cream by hand or with a mixer until the mixture whitens and doubles in volume to form a thick and smooth cream, which flows like a ribbon and falls back into folds when you lift the whisk.<\/span><\/li>\n<li><span>Add the cream to the first mixture.<\/span><\/li>\n<li><span>Pour into the pie, over the caramel sauce<\/span><\/li>\n<li>Sprinkle with cocoa<\/li>\n<\/ol>\n<p>[\/et_pb_text][\/et_pb_column][\/et_pb_row][\/et_pb_section]<\/p>\n","protected":false},"excerpt":{"rendered":"<p>Chocolat Caramel pieWINE PAIRING SUGGESTION : C\u00d4T\u00c9 MAS CR\u00c9MANT DE LIMOUX BRUT ROS\u00c9 https:\/\/www.vivino.com\/cote-mas-cremant-de-limoux-brut-rose\/w\/1495446?ref=nav-searchPie Ingredients 95g powdered sugar 150g butter at room temperature 30g almond powder 1 pinch of salt 225g of flour 15g of cocoa powder 1 egg Pie preparation (step 1) Mix together, by hand, powdered sugar, butter and almond powder. Add the [&hellip;]<\/p>\n","protected":false},"author":2,"featured_media":0,"parent":4772,"menu_order":0,"comment_status":"closed","ping_status":"closed","template":"","meta":{"_et_pb_use_builder":"on","_et_pb_old_content":"","_et_gb_content_width":"","footnotes":""},"class_list":["post-4822","page","type-page","status-publish","hentry"],"yoast_head":"<!-- This site is optimized with the Yoast SEO plugin v27.1.1 - https:\/\/yoast.com\/product\/yoast-seo-wordpress\/ -->\n<title>Chocolate Caramel Pie - Les Domaines Paul Mas<\/title>\n<meta name=\"robots\" content=\"index, follow, max-snippet:-1, max-image-preview:large, max-video-preview:-1\" \/>\n<link rel=\"canonical\" href=\"https:\/\/www.paulmas.com\/en\/restaurant-cote-mas\/recipes\/chocolate-caramel-pie\/\" \/>\n<meta property=\"og:locale\" content=\"en_US\" \/>\n<meta property=\"og:type\" content=\"article\" \/>\n<meta property=\"og:title\" content=\"Chocolate Caramel Pie - Les Domaines Paul Mas\" \/>\n<meta property=\"og:description\" content=\"Chocolat Caramel pieWINE PAIRING SUGGESTION : C\u00d4T\u00c9 MAS CR\u00c9MANT DE LIMOUX BRUT ROS\u00c9 https:\/\/www.vivino.com\/cote-mas-cremant-de-limoux-brut-rose\/w\/1495446?ref=nav-searchPie Ingredients 95g powdered sugar 150g butter at room temperature 30g almond powder 1 pinch of salt 225g of flour 15g of cocoa powder 1 egg Pie preparation (step 1) Mix together, by hand, powdered sugar, butter and almond powder. Add the [&hellip;]\" \/>\n<meta property=\"og:url\" content=\"https:\/\/www.paulmas.com\/en\/restaurant-cote-mas\/recipes\/chocolate-caramel-pie\/\" \/>\n<meta property=\"og:site_name\" content=\"Les Domaines Paul Mas\" \/>\n<meta property=\"article:modified_time\" content=\"2020-12-01T09:48:34+00:00\" \/>\n<meta name=\"twitter:card\" content=\"summary_large_image\" \/>\n<meta name=\"twitter:label1\" content=\"Est. reading time\" \/>\n\t<meta name=\"twitter:data1\" content=\"4 minutes\" \/>\n<script type=\"application\/ld+json\" class=\"yoast-schema-graph\">{\"@context\":\"https:\/\/schema.org\",\"@graph\":[{\"@type\":\"WebPage\",\"@id\":\"https:\/\/www.paulmas.com\/en\/restaurant-cote-mas\/recipes\/chocolate-caramel-pie\/\",\"url\":\"https:\/\/www.paulmas.com\/en\/restaurant-cote-mas\/recipes\/chocolate-caramel-pie\/\",\"name\":\"Chocolate Caramel Pie - Les Domaines Paul Mas\",\"isPartOf\":{\"@id\":\"https:\/\/www.paulmas.com\/#website\"},\"datePublished\":\"2020-11-29T20:56:47+00:00\",\"dateModified\":\"2020-12-01T09:48:34+00:00\",\"breadcrumb\":{\"@id\":\"https:\/\/www.paulmas.com\/en\/restaurant-cote-mas\/recipes\/chocolate-caramel-pie\/#breadcrumb\"},\"inLanguage\":\"en-US\",\"potentialAction\":[{\"@type\":\"ReadAction\",\"target\":[\"https:\/\/www.paulmas.com\/en\/restaurant-cote-mas\/recipes\/chocolate-caramel-pie\/\"]}]},{\"@type\":\"BreadcrumbList\",\"@id\":\"https:\/\/www.paulmas.com\/en\/restaurant-cote-mas\/recipes\/chocolate-caramel-pie\/#breadcrumb\",\"itemListElement\":[{\"@type\":\"ListItem\",\"position\":1,\"name\":\"Accueil\",\"item\":\"https:\/\/www.paulmas.com\/en\/\"},{\"@type\":\"ListItem\",\"position\":2,\"name\":\"Private: Restaurant C\u00f4t\u00e9 Mas\",\"item\":\"https:\/\/www.paulmas.com\/en\/?page_id=1208\"},{\"@type\":\"ListItem\",\"position\":3,\"name\":\"Recipes\",\"item\":\"https:\/\/www.paulmas.com\/en\/restaurant-cote-mas\/recipes\/\"},{\"@type\":\"ListItem\",\"position\":4,\"name\":\"Chocolate Caramel Pie\"}]},{\"@type\":\"WebSite\",\"@id\":\"https:\/\/www.paulmas.com\/#website\",\"url\":\"https:\/\/www.paulmas.com\/\",\"name\":\"Les Domaines Paul Mas\",\"description\":\"Le luxe rural depuis 1892\",\"potentialAction\":[{\"@type\":\"SearchAction\",\"target\":{\"@type\":\"EntryPoint\",\"urlTemplate\":\"https:\/\/www.paulmas.com\/?s={search_term_string}\"},\"query-input\":{\"@type\":\"PropertyValueSpecification\",\"valueRequired\":true,\"valueName\":\"search_term_string\"}}],\"inLanguage\":\"en-US\"}]}<\/script>\n<!-- \/ Yoast SEO plugin. -->","yoast_head_json":{"title":"Chocolate Caramel Pie - Les Domaines Paul Mas","robots":{"index":"index","follow":"follow","max-snippet":"max-snippet:-1","max-image-preview":"max-image-preview:large","max-video-preview":"max-video-preview:-1"},"canonical":"https:\/\/www.paulmas.com\/en\/restaurant-cote-mas\/recipes\/chocolate-caramel-pie\/","og_locale":"en_US","og_type":"article","og_title":"Chocolate Caramel Pie - Les Domaines Paul Mas","og_description":"Chocolat Caramel pieWINE PAIRING SUGGESTION : C\u00d4T\u00c9 MAS CR\u00c9MANT DE LIMOUX BRUT ROS\u00c9 https:\/\/www.vivino.com\/cote-mas-cremant-de-limoux-brut-rose\/w\/1495446?ref=nav-searchPie Ingredients 95g powdered sugar 150g butter at room temperature 30g almond powder 1 pinch of salt 225g of flour 15g of cocoa powder 1 egg Pie preparation (step 1) Mix together, by hand, powdered sugar, butter and almond powder. Add the [&hellip;]","og_url":"https:\/\/www.paulmas.com\/en\/restaurant-cote-mas\/recipes\/chocolate-caramel-pie\/","og_site_name":"Les Domaines Paul Mas","article_modified_time":"2020-12-01T09:48:34+00:00","twitter_card":"summary_large_image","twitter_misc":{"Est. reading time":"4 minutes"},"schema":{"@context":"https:\/\/schema.org","@graph":[{"@type":"WebPage","@id":"https:\/\/www.paulmas.com\/en\/restaurant-cote-mas\/recipes\/chocolate-caramel-pie\/","url":"https:\/\/www.paulmas.com\/en\/restaurant-cote-mas\/recipes\/chocolate-caramel-pie\/","name":"Chocolate Caramel Pie - Les Domaines Paul Mas","isPartOf":{"@id":"https:\/\/www.paulmas.com\/#website"},"datePublished":"2020-11-29T20:56:47+00:00","dateModified":"2020-12-01T09:48:34+00:00","breadcrumb":{"@id":"https:\/\/www.paulmas.com\/en\/restaurant-cote-mas\/recipes\/chocolate-caramel-pie\/#breadcrumb"},"inLanguage":"en-US","potentialAction":[{"@type":"ReadAction","target":["https:\/\/www.paulmas.com\/en\/restaurant-cote-mas\/recipes\/chocolate-caramel-pie\/"]}]},{"@type":"BreadcrumbList","@id":"https:\/\/www.paulmas.com\/en\/restaurant-cote-mas\/recipes\/chocolate-caramel-pie\/#breadcrumb","itemListElement":[{"@type":"ListItem","position":1,"name":"Accueil","item":"https:\/\/www.paulmas.com\/en\/"},{"@type":"ListItem","position":2,"name":"Private: Restaurant C\u00f4t\u00e9 Mas","item":"https:\/\/www.paulmas.com\/en\/?page_id=1208"},{"@type":"ListItem","position":3,"name":"Recipes","item":"https:\/\/www.paulmas.com\/en\/restaurant-cote-mas\/recipes\/"},{"@type":"ListItem","position":4,"name":"Chocolate Caramel Pie"}]},{"@type":"WebSite","@id":"https:\/\/www.paulmas.com\/#website","url":"https:\/\/www.paulmas.com\/","name":"Les Domaines Paul Mas","description":"Le luxe rural depuis 1892","potentialAction":[{"@type":"SearchAction","target":{"@type":"EntryPoint","urlTemplate":"https:\/\/www.paulmas.com\/?s={search_term_string}"},"query-input":{"@type":"PropertyValueSpecification","valueRequired":true,"valueName":"search_term_string"}}],"inLanguage":"en-US"}]}},"_links":{"self":[{"href":"https:\/\/www.paulmas.com\/en\/wp-json\/wp\/v2\/pages\/4822","targetHints":{"allow":["GET"]}}],"collection":[{"href":"https:\/\/www.paulmas.com\/en\/wp-json\/wp\/v2\/pages"}],"about":[{"href":"https:\/\/www.paulmas.com\/en\/wp-json\/wp\/v2\/types\/page"}],"author":[{"embeddable":true,"href":"https:\/\/www.paulmas.com\/en\/wp-json\/wp\/v2\/users\/2"}],"replies":[{"embeddable":true,"href":"https:\/\/www.paulmas.com\/en\/wp-json\/wp\/v2\/comments?post=4822"}],"version-history":[{"count":6,"href":"https:\/\/www.paulmas.com\/en\/wp-json\/wp\/v2\/pages\/4822\/revisions"}],"predecessor-version":[{"id":4941,"href":"https:\/\/www.paulmas.com\/en\/wp-json\/wp\/v2\/pages\/4822\/revisions\/4941"}],"up":[{"embeddable":true,"href":"https:\/\/www.paulmas.com\/en\/wp-json\/wp\/v2\/pages\/4772"}],"wp:attachment":[{"href":"https:\/\/www.paulmas.com\/en\/wp-json\/wp\/v2\/media?parent=4822"}],"curies":[{"name":"wp","href":"https:\/\/api.w.org\/{rel}","templated":true}]}}