{"id":3978,"date":"2018-10-08T09:07:27","date_gmt":"2018-10-08T09:07:27","guid":{"rendered":"https:\/\/paulmas.com\/?page_id=3978"},"modified":"2026-03-10T16:28:48","modified_gmt":"2026-03-10T16:28:48","slug":"awards","status":"publish","type":"page","link":"https:\/\/www.paulmas.com\/en\/awards\/","title":{"rendered":"Awards"},"content":{"rendered":"<p>[et_pb_section fb_built=&#8221;1&#8243; _builder_version=&#8221;4.16&#8243; custom_padding=&#8221;4px|0px|49.7188px|0px|false|false&#8221; global_colors_info=&#8221;{}&#8221;][et_pb_row _builder_version=&#8221;4.16&#8243; custom_padding=&#8221;24.8594px|0px|5px|0px|false|false&#8221; border_width_bottom=&#8221;2px&#8221; border_style_bottom=&#8221;groove&#8221; global_colors_info=&#8221;{}&#8221;][et_pb_column type=&#8221;4_4&#8243; _builder_version=&#8221;4.16&#8243; custom_padding=&#8221;|||&#8221; global_colors_info=&#8221;{}&#8221; custom_padding__hover=&#8221;|||&#8221;][et_pb_text _builder_version=&#8221;4.16&#8243; text_font=&#8221;|700||on|||||&#8221; text_font_size=&#8221;20px&#8221; text_letter_spacing=&#8221;3px&#8221; custom_margin=&#8221;36px|||||&#8221; custom_padding=&#8221;5px||5px|||&#8221; text_text_shadow_style=&#8221;preset4&#8243; locked=&#8221;off&#8221; global_colors_info=&#8221;{}&#8221;]<\/p>\n<p>News Scores<\/p>\n<p>[\/et_pb_text][et_pb_divider _builder_version=&#8221;4.16&#8243; _module_preset=&#8221;default&#8221; global_colors_info=&#8221;{}&#8221;][\/et_pb_divider][et_pb_blog fullwidth=&#8221;off&#8221; posts_number=&#8221;16&#8243; include_categories=&#8221;9&#8243; show_more=&#8221;on&#8221; show_author=&#8221;off&#8221; show_categories=&#8221;off&#8221; _builder_version=&#8221;4.27.6&#8243; _module_preset=&#8221;default&#8221; hover_enabled=&#8221;0&#8243; border_width_all_image=&#8221;1px&#8221; global_colors_info=&#8221;{}&#8221; use_manual_excerpt=&#8221;off&#8221; show_date=&#8221;off&#8221; show_excerpt=&#8221;off&#8221; sticky_enabled=&#8221;0&#8243;][\/et_pb_blog][et_pb_text _builder_version=&#8221;4.16&#8243; text_font=&#8221;|700||on|||||&#8221; text_font_size=&#8221;20px&#8221; text_letter_spacing=&#8221;3px&#8221; custom_margin=&#8221;36px|||||&#8221; custom_padding=&#8221;5px||5px|||&#8221; text_text_shadow_style=&#8221;preset4&#8243; global_colors_info=&#8221;{}&#8221;]<\/p>\n<p>RATINGS 2021<\/p>\n<p>[\/et_pb_text][et_pb_divider _builder_version=&#8221;4.16&#8243; _module_preset=&#8221;default&#8221; global_colors_info=&#8221;{}&#8221;][\/et_pb_divider][et_pb_image src=&#8221;https:\/\/www.paulmas.com\/wp-content\/uploads\/2021\/06\/New-Scores_par-domaine_2021-9-scaled.jpg&#8221; alt=&#8221;Scores  Domaine Paul Mas wines&#8221; title_text=&#8221;New-Scores_par-domaine_2021-9&#8243; _builder_version=&#8221;4.16&#8243; _module_preset=&#8221;default&#8221; global_colors_info=&#8221;{}&#8221;][\/et_pb_image][et_pb_image src=&#8221;https:\/\/www.paulmas.com\/wp-content\/uploads\/2021\/06\/New-Scores_par-domaine_2021-8-scaled.jpg&#8221; alt=&#8221;Scores bouteilles Domaine Paul Mas&#8221; title_text=&#8221;New-Scores_par-domaine_2021-8&#8243; _builder_version=&#8221;4.16&#8243; _module_preset=&#8221;default&#8221; global_colors_info=&#8221;{}&#8221;][\/et_pb_image][et_pb_image src=&#8221;https:\/\/www.paulmas.com\/wp-content\/uploads\/2021\/06\/New-Scores_par-domaine_2021-7-scaled.jpg&#8221; alt=&#8221;Scores bouteilles Domaine Paul Mas&#8221; title_text=&#8221;New-Scores_par-domaine_2021-7&#8243; _builder_version=&#8221;4.16&#8243; _module_preset=&#8221;default&#8221; global_colors_info=&#8221;{}&#8221;][\/et_pb_image][et_pb_image src=&#8221;https:\/\/www.paulmas.com\/wp-content\/uploads\/2021\/06\/New-Scores_par-domaine_2021-6-scaled.jpg&#8221; alt=&#8221;Scores bouteilles Domaine Paul Mas&#8221; title_text=&#8221;New-Scores_par-domaine_2021-6&#8243; _builder_version=&#8221;4.16&#8243; _module_preset=&#8221;default&#8221; global_colors_info=&#8221;{}&#8221;][\/et_pb_image][et_pb_image src=&#8221;https:\/\/www.paulmas.com\/wp-content\/uploads\/2021\/06\/New-Scores_par-domaine_2021-5-scaled.jpg&#8221; alt=&#8221;Scores bouteilles Domaine Paul Mas&#8221; title_text=&#8221;New-Scores_par-domaine_2021-5&#8243; _builder_version=&#8221;4.16&#8243; _module_preset=&#8221;default&#8221; global_colors_info=&#8221;{}&#8221;][\/et_pb_image][et_pb_image src=&#8221;https:\/\/www.paulmas.com\/wp-content\/uploads\/2021\/06\/New-Scores_par-domaine_2021-4-scaled.jpg&#8221; alt=&#8221;Scores bouteille Domaine Paul Mas&#8221; title_text=&#8221;New-Scores_par-domaine_2021-4&#8243; _builder_version=&#8221;4.16&#8243; _module_preset=&#8221;default&#8221; global_colors_info=&#8221;{}&#8221;][\/et_pb_image][et_pb_image src=&#8221;https:\/\/www.paulmas.com\/wp-content\/uploads\/2021\/06\/New-Scores_par-domaine_2021-3-scaled.jpg&#8221; alt=&#8221;Scores bouteilles Domaine Paul Mas&#8221; title_text=&#8221;New-Scores_par-domaine_2021-3&#8243; _builder_version=&#8221;4.16&#8243; _module_preset=&#8221;default&#8221; global_colors_info=&#8221;{}&#8221;][\/et_pb_image][et_pb_image src=&#8221;https:\/\/www.paulmas.com\/wp-content\/uploads\/2021\/06\/New-Scores_par-domaine_2021-2-scaled.jpg&#8221; alt=&#8221;Scores bouteilles Domaine Paul Mas&#8221; title_text=&#8221;New-Scores_par-domaine_2021-2&#8243; _builder_version=&#8221;4.16&#8243; _module_preset=&#8221;default&#8221; global_colors_info=&#8221;{}&#8221;][\/et_pb_image][et_pb_image src=&#8221;https:\/\/www.paulmas.com\/wp-content\/uploads\/2021\/06\/New-Scores_par-domaine_2021-1-scaled.jpg&#8221; alt=&#8221;Scores bouteilles Domaine Paul Mas&#8221; title_text=&#8221;New-Scores_par-domaine_2021-1&#8243; _builder_version=&#8221;4.16&#8243; _module_preset=&#8221;default&#8221; global_colors_info=&#8221;{}&#8221;][\/et_pb_image][et_pb_text _builder_version=&#8221;4.16&#8243; text_font=&#8221;|700||on|||||&#8221; text_font_size=&#8221;20px&#8221; text_letter_spacing=&#8221;3px&#8221; custom_margin=&#8221;36px|||||&#8221; custom_padding=&#8221;5px||5px|||&#8221; text_text_shadow_style=&#8221;preset4&#8243; global_colors_info=&#8221;{}&#8221;]<\/p>\n<p>RATINGS 2020<\/p>\n<p>[\/et_pb_text][\/et_pb_column][\/et_pb_row][et_pb_row _builder_version=&#8221;4.16&#8243; _module_preset=&#8221;default&#8221; global_colors_info=&#8221;{}&#8221;][et_pb_column type=&#8221;4_4&#8243; _builder_version=&#8221;4.16&#8243; _module_preset=&#8221;default&#8221; global_colors_info=&#8221;{}&#8221;][et_pb_image src=&#8221;https:\/\/www.paulmas.com\/wp-content\/uploads\/2020\/09\/Affiche-New-Scores-USA_Summer-2020-v2-1.jpg&#8221; title_text=&#8221;Affiche-New-Scores-USA_Summer-2020-v2-1&#8243; _builder_version=&#8221;4.16&#8243; _module_preset=&#8221;default&#8221; global_colors_info=&#8221;{}&#8221;][\/et_pb_image][et_pb_image src=&#8221;https:\/\/www.paulmas.com\/wp-content\/uploads\/2020\/09\/Affiche-New-Scores-USA_Summer-2020-v2-2.jpg&#8221; title_text=&#8221;Affiche-New-Scores-USA_Summer-2020-v2-2&#8243; _builder_version=&#8221;4.16&#8243; _module_preset=&#8221;default&#8221; global_colors_info=&#8221;{}&#8221;][\/et_pb_image][\/et_pb_column][\/et_pb_row][et_pb_row use_custom_gutter=&#8221;on&#8221; make_equal=&#8221;on&#8221; _builder_version=&#8221;4.16&#8243; module_alignment=&#8221;center&#8221; custom_margin=&#8221;5px||10px|&#8221; custom_padding=&#8221;0|0px|27px|0px|false|false&#8221; border_width_bottom=&#8221;2px&#8221; global_colors_info=&#8221;{}&#8221;][et_pb_column type=&#8221;4_4&#8243; _builder_version=&#8221;4.16&#8243; custom_padding=&#8221;|||&#8221; global_colors_info=&#8221;{}&#8221; custom_padding__hover=&#8221;|||&#8221;][et_pb_text _builder_version=&#8221;4.16&#8243; text_font=&#8221;|700||on|||||&#8221; text_font_size=&#8221;20px&#8221; text_letter_spacing=&#8221;3px&#8221; width=&#8221;100%&#8221; custom_margin=&#8221;|-259px||||&#8221; text_text_shadow_style=&#8221;preset4&#8243; global_colors_info=&#8221;{}&#8221;]<\/p>\n<p>Concours des Vignerons Ind\u00e9pendants 2019<\/p>\n<p>[\/et_pb_text][\/et_pb_column][\/et_pb_row][et_pb_row column_structure=&#8221;1_3,1_3,1_3&#8243; use_custom_gutter=&#8221;on&#8221; make_equal=&#8221;on&#8221; _builder_version=&#8221;4.16&#8243; module_alignment=&#8221;center&#8221; custom_margin=&#8221;5px||10px|&#8221; custom_padding=&#8221;0|0px|0|0px|false|false&#8221; global_colors_info=&#8221;{}&#8221;][et_pb_column type=&#8221;1_3&#8243; _builder_version=&#8221;4.16&#8243; custom_padding=&#8221;|||&#8221; global_colors_info=&#8221;{}&#8221; custom_padding__hover=&#8221;|||&#8221;][et_pb_image_n10s src=&#8221;https:\/\/www.paulmas.com\/wp-content\/uploads\/2019\/03\/CVI-2019.jpg&#8221; n10s_type=&#8221;madison&#8221; show_in_lightbox=&#8221;on&#8221; animation=&#8221;off&#8221; _builder_version=&#8221;4.16&#8243; global_colors_info=&#8221;{}&#8221;]<\/p>\n<p>\n&nbsp;<\/p>\n<p>[\/et_pb_image_n10s][\/et_pb_column][et_pb_column type=&#8221;1_3&#8243; _builder_version=&#8221;4.16&#8243; _module_preset=&#8221;default&#8221; global_colors_info=&#8221;{}&#8221;][\/et_pb_column][et_pb_column type=&#8221;1_3&#8243; _builder_version=&#8221;4.16&#8243; custom_padding=&#8221;|||&#8221; global_colors_info=&#8221;{}&#8221; custom_padding__hover=&#8221;|||&#8221;][et_pb_image_n10s src=&#8221;https:\/\/www.paulmas.com\/wp-content\/uploads\/2019\/03\/CVI-2019-Argent.jpg&#8221; n10s_type=&#8221;berlin&#8221; show_in_lightbox=&#8221;on&#8221; _builder_version=&#8221;4.16&#8243; global_colors_info=&#8221;{}&#8221;][\/et_pb_image_n10s][\/et_pb_column][\/et_pb_row][et_pb_row _builder_version=&#8221;4.16&#8243; custom_padding=&#8221;24.8594px|0px|5px|0px|false|false&#8221; border_width_bottom=&#8221;2px&#8221; border_style_bottom=&#8221;groove&#8221; global_colors_info=&#8221;{}&#8221;][et_pb_column type=&#8221;4_4&#8243; _builder_version=&#8221;4.16&#8243; custom_padding=&#8221;|||&#8221; global_colors_info=&#8221;{}&#8221; custom_padding__hover=&#8221;|||&#8221;][et_pb_text _builder_version=&#8221;4.16&#8243; text_font=&#8221;|700||on|||||&#8221; text_font_size=&#8221;20px&#8221; text_letter_spacing=&#8221;3px&#8221; text_text_shadow_style=&#8221;preset4&#8243; global_colors_info=&#8221;{}&#8221;]<\/p>\n<p>Mundus Vini 2019<\/p>\n<p>[\/et_pb_text][\/et_pb_column][\/et_pb_row][et_pb_row column_structure=&#8221;1_2,1_2&#8243; use_custom_gutter=&#8221;on&#8221; make_equal=&#8221;on&#8221; _builder_version=&#8221;4.16&#8243; module_alignment=&#8221;center&#8221; custom_margin=&#8221;5px||10px|&#8221; custom_padding=&#8221;0|0px|0|0px|false|false&#8221; global_colors_info=&#8221;{}&#8221;][et_pb_column type=&#8221;1_2&#8243; _builder_version=&#8221;4.16&#8243; custom_padding=&#8221;|||&#8221; global_colors_info=&#8221;{}&#8221; custom_padding__hover=&#8221;|||&#8221;][et_pb_image_n10s src=&#8221;https:\/\/www.paulmas.com\/wp-content\/uploads\/2019\/03\/BestFrenchProducer.jpg&#8221; n10s_type=&#8221;berlin&#8221; show_in_lightbox=&#8221;on&#8221; animation=&#8221;off&#8221; _builder_version=&#8221;4.16&#8243; global_colors_info=&#8221;{}&#8221;]<\/p>\n<p>\n&nbsp;<\/p>\n<p>[\/et_pb_image_n10s][\/et_pb_column][et_pb_column type=&#8221;1_2&#8243; _builder_version=&#8221;4.16&#8243; custom_padding=&#8221;|||&#8221; global_colors_info=&#8221;{}&#8221; custom_padding__hover=&#8221;|||&#8221;][et_pb_image_n10s src=&#8221;https:\/\/www.paulmas.com\/wp-content\/uploads\/2019\/03\/BestOfShow-e1553764417562.jpg&#8221; n10s_type=&#8221;berlin&#8221; show_in_lightbox=&#8221;on&#8221; animation=&#8221;off&#8221; _builder_version=&#8221;4.16&#8243; global_colors_info=&#8221;{}&#8221;]<\/p>\n<p>\n&nbsp;<\/p>\n<p>[\/et_pb_image_n10s][\/et_pb_column][\/et_pb_row][et_pb_row _builder_version=&#8221;4.16&#8243; custom_padding=&#8221;24.8594px|0px|5px|0px|false|false&#8221; border_width_bottom=&#8221;2px&#8221; border_style_bottom=&#8221;groove&#8221; global_colors_info=&#8221;{}&#8221;][et_pb_column type=&#8221;4_4&#8243; _builder_version=&#8221;4.16&#8243; custom_padding=&#8221;|||&#8221; global_colors_info=&#8221;{}&#8221; custom_padding__hover=&#8221;|||&#8221;][et_pb_text _builder_version=&#8221;4.16&#8243; text_font=&#8221;|700||on|||||&#8221; text_font_size=&#8221;20px&#8221; text_letter_spacing=&#8221;3px&#8221; text_text_shadow_style=&#8221;preset4&#8243; global_colors_info=&#8221;{}&#8221;]<\/p>\n<p>Concours G\u00e9n\u00e9ral Agricole 2019<\/p>\n<p>[\/et_pb_text][\/et_pb_column][\/et_pb_row][et_pb_row column_structure=&#8221;1_3,1_3,1_3&#8243; use_custom_gutter=&#8221;on&#8221; make_equal=&#8221;on&#8221; _builder_version=&#8221;4.16&#8243; module_alignment=&#8221;center&#8221; custom_margin=&#8221;5px||10px|&#8221; custom_padding=&#8221;0|0px|0|0px|false|false&#8221; global_colors_info=&#8221;{}&#8221;][et_pb_column type=&#8221;1_3&#8243; _builder_version=&#8221;4.16&#8243; custom_padding=&#8221;|||&#8221; global_colors_info=&#8221;{}&#8221; custom_padding__hover=&#8221;|||&#8221;][et_pb_image_n10s src=&#8221;https:\/\/www.paulmas.com\/wp-content\/uploads\/2019\/03\/Paul-Mas-CGA-SM.jpg&#8221; size=&#8221;medium&#8221; n10s_type=&#8221;madison&#8221; image_as_url=&#8221;on&#8221; url=&#8221;https:\/\/paulmas.com\/actualite\/14-medailles-dor-au-concours-general-agricole-2019\/&#8221; animation=&#8221;off&#8221; image_alpha_hover=&#8221;0.75&#8243; _builder_version=&#8221;4.16&#8243; global_colors_info=&#8221;{}&#8221;]<\/p>\n<p>\n&nbsp;<\/p>\n<p>[\/et_pb_image_n10s][\/et_pb_column][et_pb_column type=&#8221;1_3&#8243; _builder_version=&#8221;4.16&#8243; custom_padding=&#8221;|||&#8221; global_colors_info=&#8221;{}&#8221; custom_padding__hover=&#8221;|||&#8221;][et_pb_image_n10s src=&#8221;https:\/\/www.paulmas.com\/wp-content\/uploads\/2019\/03\/CGA-AF-Pinot-Noir.jpg&#8221; size=&#8221;medium&#8221; n10s_type=&#8221;berlin&#8221; image_as_url=&#8221;on&#8221; url=&#8221;https:\/\/paulmas.com\/actualite\/14-medailles-dor-au-concours-general-agricole-2019\/&#8221; animation=&#8221;off&#8221; image_alpha_hover=&#8221;0&#8243; _builder_version=&#8221;4.16&#8243; global_colors_info=&#8221;{}&#8221;]<\/p>\n<p>\n&nbsp;<\/p>\n<p>[\/et_pb_image_n10s][\/et_pb_column][et_pb_column type=&#8221;1_3&#8243; _builder_version=&#8221;4.16&#8243; custom_padding=&#8221;|||&#8221; global_colors_info=&#8221;{}&#8221; custom_padding__hover=&#8221;|||&#8221;][et_pb_image_n10s src=&#8221;https:\/\/www.paulmas.com\/wp-content\/uploads\/2019\/03\/AUTRES-CGA-SM.jpg&#8221; size=&#8221;medium&#8221; n10s_type=&#8221;berlin&#8221; image_as_url=&#8221;on&#8221; url=&#8221;https:\/\/paulmas.com\/actualite\/14-medailles-dor-au-concours-general-agricole-2019\/&#8221; animation=&#8221;off&#8221; _builder_version=&#8221;4.16&#8243; global_colors_info=&#8221;{}&#8221;]<\/p>\n<p>\n&nbsp;<\/p>\n<p>[\/et_pb_image_n10s][\/et_pb_column][\/et_pb_row][et_pb_row _builder_version=&#8221;4.16&#8243; custom_padding=&#8221;24.8594px|0px|5px|0px|false|false&#8221; border_width_bottom=&#8221;2px&#8221; border_style_bottom=&#8221;groove&#8221; global_colors_info=&#8221;{}&#8221;][et_pb_column type=&#8221;4_4&#8243; _builder_version=&#8221;4.16&#8243; custom_padding=&#8221;|||&#8221; global_colors_info=&#8221;{}&#8221; custom_padding__hover=&#8221;|||&#8221;][et_pb_text _builder_version=&#8221;4.16&#8243; text_font=&#8221;|700||on|||||&#8221; text_font_size=&#8221;20px&#8221; text_letter_spacing=&#8221;3px&#8221; text_text_shadow_style=&#8221;preset4&#8243; global_colors_info=&#8221;{}&#8221;]<\/p>\n<p>\nWine Awards 2018<\/p>\n<p>[\/et_pb_text][\/et_pb_column][\/et_pb_row][et_pb_row column_structure=&#8221;1_3,1_3,1_3&#8243; use_custom_gutter=&#8221;on&#8221; make_equal=&#8221;on&#8221; _builder_version=&#8221;4.16&#8243; module_alignment=&#8221;center&#8221; custom_margin=&#8221;5px||10px|&#8221; custom_padding=&#8221;0|0px|0|0px|false|false&#8221; global_colors_info=&#8221;{}&#8221;][et_pb_column type=&#8221;1_3&#8243; _builder_version=&#8221;4.16&#8243; custom_padding=&#8221;|||&#8221; global_colors_info=&#8221;{}&#8221; custom_padding__hover=&#8221;|||&#8221;][et_pb_image_n10s src=&#8221;https:\/\/www.paulmas.com\/wp-content\/uploads\/2018\/10\/lauriga-soleil-blanc-1.jpg&#8221; n10s_type=&#8221;madison&#8221; image_as_url=&#8221;on&#8221; url=&#8221;https:\/\/paulmas.com\/en\/press-book\/tasted-100-blind-by-andreas-our-best-wine-tasting-notes-in-video\/&#8221; animation=&#8221;off&#8221; image_alpha_hover=&#8221;0.75&#8243; _builder_version=&#8221;4.16&#8243; global_colors_info=&#8221;{}&#8221;]<\/p>\n<p>\n&nbsp;<\/p>\n<p>[\/et_pb_image_n10s][\/et_pb_column][et_pb_column type=&#8221;1_3&#8243; _builder_version=&#8221;4.16&#8243; custom_padding=&#8221;|||&#8221; global_colors_info=&#8221;{}&#8221; custom_padding__hover=&#8221;|||&#8221;][et_pb_image_n10s src=&#8221;https:\/\/www.paulmas.com\/wp-content\/uploads\/2018\/10\/CGA-2018.jpg&#8221; n10s_type=&#8221;berlin&#8221; caption_overlay=&#8221;>> EN SAVOIR PLUS&#8221; image_as_url=&#8221;on&#8221; url=&#8221;https:\/\/paulmas.com\/concours\/21-medailles-dor-au-concours-generale-agricole-de-paris\/&#8221; animation=&#8221;off&#8221; image_alpha_hover=&#8221;0&#8243; _builder_version=&#8221;4.16&#8243; global_colors_info=&#8221;{}&#8221;]<\/p>\n<p>\n&nbsp;<\/p>\n<p>[\/et_pb_image_n10s][\/et_pb_column][et_pb_column type=&#8221;1_3&#8243; _builder_version=&#8221;4.16&#8243; custom_padding=&#8221;|||&#8221; global_colors_info=&#8221;{}&#8221; custom_padding__hover=&#8221;|||&#8221;][et_pb_image_n10s src=&#8221;https:\/\/www.paulmas.com\/wp-content\/uploads\/2018\/10\/decanter.jpg&#8221; n10s_type=&#8221;berlin&#8221; image_as_url=&#8221;off&#8221; animation=&#8221;off&#8221; _builder_version=&#8221;4.16&#8243; global_colors_info=&#8221;{}&#8221;]<\/p>\n<p>\n&nbsp;<\/p>\n<p>[\/et_pb_image_n10s][\/et_pb_column][\/et_pb_row][\/et_pb_section]<\/p>\n","protected":false},"excerpt":{"rendered":"<p>News ScoresRATINGS 2021RATINGS 2020Concours des Vignerons Ind\u00e9pendants 2019 &nbsp; Mundus Vini 2019 &nbsp; &nbsp; Concours G\u00e9n\u00e9ral Agricole 2019 &nbsp; &nbsp; &nbsp; Wine Awards 2018 &nbsp; &nbsp; &nbsp;<\/p>\n","protected":false},"author":2,"featured_media":8248,"parent":0,"menu_order":0,"comment_status":"closed","ping_status":"closed","template":"","meta":{"_et_pb_use_builder":"on","_et_pb_old_content":"","_et_gb_content_width":"","footnotes":""},"class_list":["post-3978","page","type-page","status-publish","has-post-thumbnail","hentry"],"yoast_head":"<!-- This site is optimized with the Yoast SEO plugin v27.1.1 - https:\/\/yoast.com\/product\/yoast-seo-wordpress\/ -->\n<title>Awards - Les Domaines Paul Mas<\/title>\n<meta name=\"robots\" content=\"index, follow, max-snippet:-1, max-image-preview:large, max-video-preview:-1\" \/>\n<link rel=\"canonical\" href=\"https:\/\/www.paulmas.com\/en\/awards\/\" \/>\n<meta property=\"og:locale\" content=\"en_US\" \/>\n<meta property=\"og:type\" content=\"article\" \/>\n<meta property=\"og:title\" content=\"Awards - Les Domaines Paul Mas\" \/>\n<meta property=\"og:description\" content=\"News ScoresRATINGS 2021RATINGS 2020Concours des Vignerons Ind\u00e9pendants 2019 &nbsp; Mundus Vini 2019 &nbsp; &nbsp; Concours G\u00e9n\u00e9ral Agricole 2019 &nbsp; &nbsp; &nbsp; Wine Awards 2018 &nbsp; &nbsp; &nbsp;\" \/>\n<meta property=\"og:url\" content=\"https:\/\/www.paulmas.com\/en\/awards\/\" \/>\n<meta property=\"og:site_name\" content=\"Les Domaines Paul Mas\" \/>\n<meta property=\"article:modified_time\" content=\"2026-03-10T16:28:48+00:00\" \/>\n<meta property=\"og:image\" content=\"https:\/\/www.paulmas.com\/wp-content\/uploads\/2022\/01\/Terroir-Domaine-les-Verrieres.jpg\" \/>\n\t<meta property=\"og:image:width\" content=\"600\" \/>\n\t<meta property=\"og:image:height\" content=\"900\" \/>\n\t<meta property=\"og:image:type\" content=\"image\/jpeg\" \/>\n<meta name=\"twitter:card\" content=\"summary_large_image\" \/>\n<meta name=\"twitter:label1\" content=\"Est. reading time\" \/>\n\t<meta name=\"twitter:data1\" content=\"9 minutes\" \/>\n<script type=\"application\/ld+json\" class=\"yoast-schema-graph\">{\"@context\":\"https:\/\/schema.org\",\"@graph\":[{\"@type\":\"WebPage\",\"@id\":\"https:\/\/www.paulmas.com\/en\/awards\/\",\"url\":\"https:\/\/www.paulmas.com\/en\/awards\/\",\"name\":\"Awards - Les Domaines Paul Mas\",\"isPartOf\":{\"@id\":\"https:\/\/www.paulmas.com\/#website\"},\"primaryImageOfPage\":{\"@id\":\"https:\/\/www.paulmas.com\/en\/awards\/#primaryimage\"},\"image\":{\"@id\":\"https:\/\/www.paulmas.com\/en\/awards\/#primaryimage\"},\"thumbnailUrl\":\"https:\/\/www.paulmas.com\/wp-content\/uploads\/2022\/01\/Terroir-Domaine-les-Verrieres.jpg\",\"datePublished\":\"2018-10-08T09:07:27+00:00\",\"dateModified\":\"2026-03-10T16:28:48+00:00\",\"breadcrumb\":{\"@id\":\"https:\/\/www.paulmas.com\/en\/awards\/#breadcrumb\"},\"inLanguage\":\"en-US\",\"potentialAction\":[{\"@type\":\"ReadAction\",\"target\":[\"https:\/\/www.paulmas.com\/en\/awards\/\"]}]},{\"@type\":\"ImageObject\",\"inLanguage\":\"en-US\",\"@id\":\"https:\/\/www.paulmas.com\/en\/awards\/#primaryimage\",\"url\":\"https:\/\/www.paulmas.com\/wp-content\/uploads\/2022\/01\/Terroir-Domaine-les-Verrieres.jpg\",\"contentUrl\":\"https:\/\/www.paulmas.com\/wp-content\/uploads\/2022\/01\/Terroir-Domaine-les-Verrieres.jpg\",\"width\":600,\"height\":900,\"caption\":\"Domaine les Verri\u00e8res AOP Languedoc Domaines Paul Mas\"},{\"@type\":\"BreadcrumbList\",\"@id\":\"https:\/\/www.paulmas.com\/en\/awards\/#breadcrumb\",\"itemListElement\":[{\"@type\":\"ListItem\",\"position\":1,\"name\":\"Accueil\",\"item\":\"https:\/\/www.paulmas.com\/en\/\"},{\"@type\":\"ListItem\",\"position\":2,\"name\":\"Awards\"}]},{\"@type\":\"WebSite\",\"@id\":\"https:\/\/www.paulmas.com\/#website\",\"url\":\"https:\/\/www.paulmas.com\/\",\"name\":\"Les Domaines Paul Mas\",\"description\":\"Le luxe rural depuis 1892\",\"potentialAction\":[{\"@type\":\"SearchAction\",\"target\":{\"@type\":\"EntryPoint\",\"urlTemplate\":\"https:\/\/www.paulmas.com\/?s={search_term_string}\"},\"query-input\":{\"@type\":\"PropertyValueSpecification\",\"valueRequired\":true,\"valueName\":\"search_term_string\"}}],\"inLanguage\":\"en-US\"}]}<\/script>\n<!-- \/ Yoast SEO plugin. -->","yoast_head_json":{"title":"Awards - Les Domaines Paul Mas","robots":{"index":"index","follow":"follow","max-snippet":"max-snippet:-1","max-image-preview":"max-image-preview:large","max-video-preview":"max-video-preview:-1"},"canonical":"https:\/\/www.paulmas.com\/en\/awards\/","og_locale":"en_US","og_type":"article","og_title":"Awards - Les Domaines Paul Mas","og_description":"News ScoresRATINGS 2021RATINGS 2020Concours des Vignerons Ind\u00e9pendants 2019 &nbsp; Mundus Vini 2019 &nbsp; &nbsp; Concours G\u00e9n\u00e9ral Agricole 2019 &nbsp; &nbsp; &nbsp; Wine Awards 2018 &nbsp; &nbsp; &nbsp;","og_url":"https:\/\/www.paulmas.com\/en\/awards\/","og_site_name":"Les Domaines Paul Mas","article_modified_time":"2026-03-10T16:28:48+00:00","og_image":[{"width":600,"height":900,"url":"https:\/\/www.paulmas.com\/wp-content\/uploads\/2022\/01\/Terroir-Domaine-les-Verrieres.jpg","type":"image\/jpeg"}],"twitter_card":"summary_large_image","twitter_misc":{"Est. reading time":"9 minutes"},"schema":{"@context":"https:\/\/schema.org","@graph":[{"@type":"WebPage","@id":"https:\/\/www.paulmas.com\/en\/awards\/","url":"https:\/\/www.paulmas.com\/en\/awards\/","name":"Awards - Les Domaines Paul Mas","isPartOf":{"@id":"https:\/\/www.paulmas.com\/#website"},"primaryImageOfPage":{"@id":"https:\/\/www.paulmas.com\/en\/awards\/#primaryimage"},"image":{"@id":"https:\/\/www.paulmas.com\/en\/awards\/#primaryimage"},"thumbnailUrl":"https:\/\/www.paulmas.com\/wp-content\/uploads\/2022\/01\/Terroir-Domaine-les-Verrieres.jpg","datePublished":"2018-10-08T09:07:27+00:00","dateModified":"2026-03-10T16:28:48+00:00","breadcrumb":{"@id":"https:\/\/www.paulmas.com\/en\/awards\/#breadcrumb"},"inLanguage":"en-US","potentialAction":[{"@type":"ReadAction","target":["https:\/\/www.paulmas.com\/en\/awards\/"]}]},{"@type":"ImageObject","inLanguage":"en-US","@id":"https:\/\/www.paulmas.com\/en\/awards\/#primaryimage","url":"https:\/\/www.paulmas.com\/wp-content\/uploads\/2022\/01\/Terroir-Domaine-les-Verrieres.jpg","contentUrl":"https:\/\/www.paulmas.com\/wp-content\/uploads\/2022\/01\/Terroir-Domaine-les-Verrieres.jpg","width":600,"height":900,"caption":"Domaine les Verri\u00e8res AOP Languedoc Domaines Paul Mas"},{"@type":"BreadcrumbList","@id":"https:\/\/www.paulmas.com\/en\/awards\/#breadcrumb","itemListElement":[{"@type":"ListItem","position":1,"name":"Accueil","item":"https:\/\/www.paulmas.com\/en\/"},{"@type":"ListItem","position":2,"name":"Awards"}]},{"@type":"WebSite","@id":"https:\/\/www.paulmas.com\/#website","url":"https:\/\/www.paulmas.com\/","name":"Les Domaines Paul Mas","description":"Le luxe rural depuis 1892","potentialAction":[{"@type":"SearchAction","target":{"@type":"EntryPoint","urlTemplate":"https:\/\/www.paulmas.com\/?s={search_term_string}"},"query-input":{"@type":"PropertyValueSpecification","valueRequired":true,"valueName":"search_term_string"}}],"inLanguage":"en-US"}]}},"_links":{"self":[{"href":"https:\/\/www.paulmas.com\/en\/wp-json\/wp\/v2\/pages\/3978","targetHints":{"allow":["GET"]}}],"collection":[{"href":"https:\/\/www.paulmas.com\/en\/wp-json\/wp\/v2\/pages"}],"about":[{"href":"https:\/\/www.paulmas.com\/en\/wp-json\/wp\/v2\/types\/page"}],"author":[{"embeddable":true,"href":"https:\/\/www.paulmas.com\/en\/wp-json\/wp\/v2\/users\/2"}],"replies":[{"embeddable":true,"href":"https:\/\/www.paulmas.com\/en\/wp-json\/wp\/v2\/comments?post=3978"}],"version-history":[{"count":14,"href":"https:\/\/www.paulmas.com\/en\/wp-json\/wp\/v2\/pages\/3978\/revisions"}],"predecessor-version":[{"id":16582,"href":"https:\/\/www.paulmas.com\/en\/wp-json\/wp\/v2\/pages\/3978\/revisions\/16582"}],"wp:featuredmedia":[{"embeddable":true,"href":"https:\/\/www.paulmas.com\/en\/wp-json\/wp\/v2\/media\/8248"}],"wp:attachment":[{"href":"https:\/\/www.paulmas.com\/en\/wp-json\/wp\/v2\/media?parent=3978"}],"curies":[{"name":"wp","href":"https:\/\/api.w.org\/{rel}","templated":true}]}}