{"id":129,"date":"2015-03-02T14:23:21","date_gmt":"2015-03-02T14:23:21","guid":{"rendered":"https:\/\/paulmas.com\/?page_id=129"},"modified":"2021-09-14T08:16:04","modified_gmt":"2021-09-14T08:16:04","slug":"once-upon-a-time","status":"publish","type":"page","link":"https:\/\/www.paulmas.com\/en\/a-propos\/once-upon-a-time\/","title":{"rendered":"Once upon a time"},"content":{"rendered":"<p>[et_pb_section fb_built=&#8221;1&#8243; _builder_version=&#8221;3.22&#8243; global_colors_info=&#8221;{}&#8221;][et_pb_row _builder_version=&#8221;3.25&#8243; background_size=&#8221;initial&#8221; background_position=&#8221;top_left&#8221; background_repeat=&#8221;repeat&#8221; global_colors_info=&#8221;{}&#8221;][et_pb_column type=&#8221;4_4&#8243; _builder_version=&#8221;3.25&#8243; custom_padding=&#8221;|||&#8221; global_colors_info=&#8221;{}&#8221; custom_padding__hover=&#8221;|||&#8221;][et_pb_text admin_label=&#8221;Text&#8221; _builder_version=&#8221;3.27.4&#8243; background_size=&#8221;initial&#8221; background_position=&#8221;top_left&#8221; background_repeat=&#8221;repeat&#8221; global_colors_info=&#8221;{}&#8221;]<\/p>\n<p>\n&nbsp;<\/p>\n<h1>Once upon a time&#8230;<\/h1>\n<p>Les Domaines Paul Mas,\u00a0a family story.<\/p>\n<p>[\/et_pb_text][et_pb_image src=&#8221;https:\/\/www.paulmas.com\/wp-content\/uploads\/2015\/03\/il-etait-une-fois-domaines-paul-mas.jpg&#8221; show_in_lightbox=&#8221;on&#8221; show_bottom_space=&#8221;off&#8221; align_tablet=&#8221;center&#8221; align_phone=&#8221;&#8221; align_last_edited=&#8221;on|desktop&#8221; admin_label=&#8221;bandeau dpm&#8221; _builder_version=&#8221;3.23&#8243; animation_style=&#8221;slide&#8221; animation_direction=&#8221;bottom&#8221; animation_duration=&#8221;500ms&#8221; animation_intensity_slide=&#8221;10%&#8221; animation=&#8221;bottom&#8221; sticky=&#8221;on&#8221; global_colors_info=&#8221;{}&#8221;][\/et_pb_image][\/et_pb_column][\/et_pb_row][et_pb_row column_structure=&#8221;3_4,1_4&#8243; _builder_version=&#8221;3.25&#8243; background_size=&#8221;initial&#8221; background_position=&#8221;top_left&#8221; background_repeat=&#8221;repeat&#8221; global_colors_info=&#8221;{}&#8221;][et_pb_column type=&#8221;3_4&#8243; _builder_version=&#8221;3.25&#8243; custom_padding=&#8221;|||&#8221; global_colors_info=&#8221;{}&#8221; custom_padding__hover=&#8221;|||&#8221;][et_pb_text admin_label=&#8221;Text&#8221; _builder_version=&#8221;3.27.4&#8243; background_size=&#8221;initial&#8221; background_position=&#8221;top_left&#8221; background_repeat=&#8221;repeat&#8221; global_colors_info=&#8221;{}&#8221;]<\/p>\n<p style=\"text-align: justify;\">The story begins at Ch\u00e2teau Paul Mas in Conas hamlet, in the splendid town of P\u00e9zenas, the city of famous playwright Moli\u00e8re. The estates then expanded to Montagnac, with Nicole vineyard and Mas des Tannes, to Malras near Limoux, with Domaine Astruc, to Gaja et Villedieu, with Ch\u00e2teau Arrogant Frog, and to Ceyras, with Ch\u00e2teau Cr\u00e8s Ricards.<\/p>\n<p style=\"text-align: justify;\">Jean-Claude Mas\u2019s great-grandfather, Auguste Mas, bought the first family vineyard<br \/>in 1892, when he aquired 9 ha (22 acres) of vines in the Mas de Bicq, near the village of St Pons de Mauschiens (close to Montagnac).<br \/>In 1934, Raymond Mas brings the family vineyard to a surface of 15 ha in Domaine Montredon (Montagnac).<br \/>In 1954, Paul Mas develops the vineyard to 120 ha (296 acres) with his brother, Maxime Mas.<br \/>In 1987, Paul Mas gives 35 ha to his son, Jean-Claude, who creates 13 years later Domaines Paul Mas.<\/p>\n<p style=\"text-align: justify;\"><strong>Ch\u00e2teau Paul Mas in P\u00e9zenas<\/strong><br \/>The Conas hamlet in P\u00e9zenas is the historical cradle of Domaines Paul Mas. Located on the Ile de Conas Estate, the castle has a long history, going back more than a thousand years. Domaine de Conas was split in 1792 and sold at auction. Only the ch\u00e2teau and the mill remained together with 27 hectares (66 acres), which became Raymond Mas\u2019 (Jean Claude\u2019s grandfather) property from 1954.<\/p>\n<p>[\/et_pb_text][\/et_pb_column][et_pb_column type=&#8221;1_4&#8243; _builder_version=&#8221;3.25&#8243; custom_padding=&#8221;|||&#8221; global_colors_info=&#8221;{}&#8221; custom_padding__hover=&#8221;|||&#8221;][et_pb_image src=&#8221;https:\/\/www.paulmas.com\/wp-content\/uploads\/2015\/03\/paul-mas-1892.jpg&#8221; show_in_lightbox=&#8221;on&#8221; show_bottom_space=&#8221;off&#8221; align_tablet=&#8221;center&#8221; align_phone=&#8221;&#8221; align_last_edited=&#8221;on|desktop&#8221; admin_label=&#8221;carte&#8221; _builder_version=&#8221;3.23&#8243; animation_style=&#8221;slide&#8221; animation_direction=&#8221;left&#8221; animation_duration=&#8221;500ms&#8221; animation_intensity_slide=&#8221;10%&#8221; animation=&#8221;left&#8221; sticky=&#8221;on&#8221; global_colors_info=&#8221;{}&#8221;][\/et_pb_image][\/et_pb_column][\/et_pb_row][et_pb_row _builder_version=&#8221;3.25&#8243; background_size=&#8221;initial&#8221; background_position=&#8221;top_left&#8221; background_repeat=&#8221;repeat&#8221; global_colors_info=&#8221;{}&#8221;][et_pb_column type=&#8221;4_4&#8243; _builder_version=&#8221;3.25&#8243; custom_padding=&#8221;|||&#8221; global_colors_info=&#8221;{}&#8221; custom_padding__hover=&#8221;|||&#8221;][et_pb_testimonial author=&#8221;Jean-Claude Mas&#8221; job_title=&#8221;Founder and Executive Manager&#8221; company_name=&#8221;Les Domaines Paul Mas&#8221; portrait_url=&#8221;https:\/\/www.paulmas.com\/wp-content\/uploads\/2015\/03\/jean-claude-mas-luxe-rural.jpg&#8221; admin_label=&#8221;Testimonial&#8221; _builder_version=&#8221;3.2&#8243; background_color=&#8221;#ddd3c3&#8243; background_size=&#8221;initial&#8221; background_position=&#8221;top_left&#8221; background_repeat=&#8221;repeat&#8221; border_style=&#8221;solid&#8221; global_colors_info=&#8221;{}&#8221;]<\/p>\n<p>\nLuxury does not&nbsp;always equate to&nbsp;quality.&nbsp;We are all about&nbsp;quality, which is,&nbsp;by its very nature,&nbsp;luxurious.<\/p>\n<p>&nbsp;<\/p>\n<p>[\/et_pb_testimonial][\/et_pb_column][\/et_pb_row][et_pb_row _builder_version=&#8221;3.25&#8243; background_size=&#8221;initial&#8221; background_position=&#8221;top_left&#8221; background_repeat=&#8221;repeat&#8221; global_colors_info=&#8221;{}&#8221;][et_pb_column type=&#8221;4_4&#8243; _builder_version=&#8221;3.25&#8243; custom_padding=&#8221;|||&#8221; global_colors_info=&#8221;{}&#8221; custom_padding__hover=&#8221;|||&#8221;][et_pb_text admin_label=&#8221;Text&#8221; _builder_version=&#8221;3.27.4&#8243; background_size=&#8221;initial&#8221; background_position=&#8221;top_left&#8221; background_repeat=&#8221;repeat&#8221; global_colors_info=&#8221;{}&#8221;]<\/p>\n<p>\n&nbsp;<\/p>\n<h2>Share and discover Domaines Paul Mas :<\/h2>\n<p>&nbsp;<\/p>\n<p>[\/et_pb_text][\/et_pb_column][\/et_pb_row][et_pb_row _builder_version=&#8221;3.25&#8243; background_size=&#8221;initial&#8221; background_position=&#8221;top_left&#8221; background_repeat=&#8221;repeat&#8221; global_colors_info=&#8221;{}&#8221;][et_pb_column type=&#8221;4_4&#8243; _builder_version=&#8221;3.25&#8243; custom_padding=&#8221;|||&#8221; global_colors_info=&#8221;{}&#8221; custom_padding__hover=&#8221;|||&#8221;][et_pb_video src=&#8221;https:\/\/www.youtube.com\/watch?v=dlnwZKrj6Jo&#8221; image_src=&#8221;\/\/i.ytimg.com\/vi\/dlnwZKrj6Jo\/hqdefault.jpg&#8221; admin_label=&#8221;Video institutionelle&#8221; _builder_version=&#8221;4.10.7&#8243; hover_enabled=&#8221;0&#8243; global_colors_info=&#8221;{}&#8221; sticky_enabled=&#8221;0&#8243;][\/et_pb_video][\/et_pb_column][\/et_pb_row][\/et_pb_section]<\/p>\n","protected":false},"excerpt":{"rendered":"<p>&nbsp; Once upon a time&#8230; Les Domaines Paul Mas,\u00a0a family story. The story begins at Ch\u00e2teau Paul Mas in Conas hamlet, in the splendid town of P\u00e9zenas, the city of famous playwright Moli\u00e8re. The estates then expanded to Montagnac, with Nicole vineyard and Mas des Tannes, to Malras near Limoux, with Domaine Astruc, to Gaja [&hellip;]<\/p>\n","protected":false},"author":2,"featured_media":0,"parent":125,"menu_order":0,"comment_status":"open","ping_status":"open","template":"","meta":{"_et_pb_use_builder":"on","_et_pb_old_content":"","_et_gb_content_width":"","footnotes":""},"class_list":["post-129","page","type-page","status-publish","hentry"],"yoast_head":"<!-- This site is optimized with the Yoast SEO plugin v27.1.1 - https:\/\/yoast.com\/product\/yoast-seo-wordpress\/ -->\n<title>Once upon a time - Les Domaines Paul Mas<\/title>\n<meta name=\"robots\" content=\"index, follow, max-snippet:-1, max-image-preview:large, max-video-preview:-1\" \/>\n<link rel=\"canonical\" href=\"https:\/\/www.paulmas.com\/en\/a-propos\/once-upon-a-time\/\" \/>\n<meta property=\"og:locale\" content=\"en_US\" \/>\n<meta property=\"og:type\" content=\"article\" \/>\n<meta property=\"og:title\" content=\"Once upon a time - Les Domaines Paul Mas\" \/>\n<meta property=\"og:description\" content=\"&nbsp; Once upon a time... Les Domaines Paul Mas,\u00a0a family story. The story begins at Ch\u00e2teau Paul Mas in Conas hamlet, in the splendid town of P\u00e9zenas, the city of famous playwright Moli\u00e8re. The estates then expanded to Montagnac, with Nicole vineyard and Mas des Tannes, to Malras near Limoux, with Domaine Astruc, to Gaja [&hellip;]\" \/>\n<meta property=\"og:url\" content=\"https:\/\/www.paulmas.com\/en\/a-propos\/once-upon-a-time\/\" \/>\n<meta property=\"og:site_name\" content=\"Les Domaines Paul Mas\" \/>\n<meta property=\"article:modified_time\" content=\"2021-09-14T08:16:04+00:00\" \/>\n<meta name=\"twitter:card\" content=\"summary_large_image\" \/>\n<meta name=\"twitter:label1\" content=\"Est. reading time\" \/>\n\t<meta name=\"twitter:data1\" content=\"4 minutes\" \/>\n<script type=\"application\/ld+json\" class=\"yoast-schema-graph\">{\"@context\":\"https:\/\/schema.org\",\"@graph\":[{\"@type\":\"WebPage\",\"@id\":\"https:\/\/www.paulmas.com\/en\/a-propos\/once-upon-a-time\/\",\"url\":\"https:\/\/www.paulmas.com\/en\/a-propos\/once-upon-a-time\/\",\"name\":\"Once upon a time - Les Domaines Paul Mas\",\"isPartOf\":{\"@id\":\"https:\/\/www.paulmas.com\/#website\"},\"datePublished\":\"2015-03-02T14:23:21+00:00\",\"dateModified\":\"2021-09-14T08:16:04+00:00\",\"breadcrumb\":{\"@id\":\"https:\/\/www.paulmas.com\/en\/a-propos\/once-upon-a-time\/#breadcrumb\"},\"inLanguage\":\"en-US\",\"potentialAction\":[{\"@type\":\"ReadAction\",\"target\":[\"https:\/\/www.paulmas.com\/en\/a-propos\/once-upon-a-time\/\"]}]},{\"@type\":\"BreadcrumbList\",\"@id\":\"https:\/\/www.paulmas.com\/en\/a-propos\/once-upon-a-time\/#breadcrumb\",\"itemListElement\":[{\"@type\":\"ListItem\",\"position\":1,\"name\":\"Accueil\",\"item\":\"https:\/\/www.paulmas.com\/en\/\"},{\"@type\":\"ListItem\",\"position\":2,\"name\":\"Private: ABOUT US\",\"item\":\"https:\/\/www.paulmas.com\/en\/?page_id=125\"},{\"@type\":\"ListItem\",\"position\":3,\"name\":\"Once upon a time\"}]},{\"@type\":\"WebSite\",\"@id\":\"https:\/\/www.paulmas.com\/#website\",\"url\":\"https:\/\/www.paulmas.com\/\",\"name\":\"Les Domaines Paul Mas\",\"description\":\"Le luxe rural depuis 1892\",\"potentialAction\":[{\"@type\":\"SearchAction\",\"target\":{\"@type\":\"EntryPoint\",\"urlTemplate\":\"https:\/\/www.paulmas.com\/?s={search_term_string}\"},\"query-input\":{\"@type\":\"PropertyValueSpecification\",\"valueRequired\":true,\"valueName\":\"search_term_string\"}}],\"inLanguage\":\"en-US\"}]}<\/script>\n<!-- \/ Yoast SEO plugin. -->","yoast_head_json":{"title":"Once upon a time - Les Domaines Paul Mas","robots":{"index":"index","follow":"follow","max-snippet":"max-snippet:-1","max-image-preview":"max-image-preview:large","max-video-preview":"max-video-preview:-1"},"canonical":"https:\/\/www.paulmas.com\/en\/a-propos\/once-upon-a-time\/","og_locale":"en_US","og_type":"article","og_title":"Once upon a time - Les Domaines Paul Mas","og_description":"&nbsp; Once upon a time... Les Domaines Paul Mas,\u00a0a family story. The story begins at Ch\u00e2teau Paul Mas in Conas hamlet, in the splendid town of P\u00e9zenas, the city of famous playwright Moli\u00e8re. The estates then expanded to Montagnac, with Nicole vineyard and Mas des Tannes, to Malras near Limoux, with Domaine Astruc, to Gaja [&hellip;]","og_url":"https:\/\/www.paulmas.com\/en\/a-propos\/once-upon-a-time\/","og_site_name":"Les Domaines Paul Mas","article_modified_time":"2021-09-14T08:16:04+00:00","twitter_card":"summary_large_image","twitter_misc":{"Est. reading time":"4 minutes"},"schema":{"@context":"https:\/\/schema.org","@graph":[{"@type":"WebPage","@id":"https:\/\/www.paulmas.com\/en\/a-propos\/once-upon-a-time\/","url":"https:\/\/www.paulmas.com\/en\/a-propos\/once-upon-a-time\/","name":"Once upon a time - Les Domaines Paul Mas","isPartOf":{"@id":"https:\/\/www.paulmas.com\/#website"},"datePublished":"2015-03-02T14:23:21+00:00","dateModified":"2021-09-14T08:16:04+00:00","breadcrumb":{"@id":"https:\/\/www.paulmas.com\/en\/a-propos\/once-upon-a-time\/#breadcrumb"},"inLanguage":"en-US","potentialAction":[{"@type":"ReadAction","target":["https:\/\/www.paulmas.com\/en\/a-propos\/once-upon-a-time\/"]}]},{"@type":"BreadcrumbList","@id":"https:\/\/www.paulmas.com\/en\/a-propos\/once-upon-a-time\/#breadcrumb","itemListElement":[{"@type":"ListItem","position":1,"name":"Accueil","item":"https:\/\/www.paulmas.com\/en\/"},{"@type":"ListItem","position":2,"name":"Private: ABOUT US","item":"https:\/\/www.paulmas.com\/en\/?page_id=125"},{"@type":"ListItem","position":3,"name":"Once upon a time"}]},{"@type":"WebSite","@id":"https:\/\/www.paulmas.com\/#website","url":"https:\/\/www.paulmas.com\/","name":"Les Domaines Paul Mas","description":"Le luxe rural depuis 1892","potentialAction":[{"@type":"SearchAction","target":{"@type":"EntryPoint","urlTemplate":"https:\/\/www.paulmas.com\/?s={search_term_string}"},"query-input":{"@type":"PropertyValueSpecification","valueRequired":true,"valueName":"search_term_string"}}],"inLanguage":"en-US"}]}},"_links":{"self":[{"href":"https:\/\/www.paulmas.com\/en\/wp-json\/wp\/v2\/pages\/129","targetHints":{"allow":["GET"]}}],"collection":[{"href":"https:\/\/www.paulmas.com\/en\/wp-json\/wp\/v2\/pages"}],"about":[{"href":"https:\/\/www.paulmas.com\/en\/wp-json\/wp\/v2\/types\/page"}],"author":[{"embeddable":true,"href":"https:\/\/www.paulmas.com\/en\/wp-json\/wp\/v2\/users\/2"}],"replies":[{"embeddable":true,"href":"https:\/\/www.paulmas.com\/en\/wp-json\/wp\/v2\/comments?post=129"}],"version-history":[{"count":10,"href":"https:\/\/www.paulmas.com\/en\/wp-json\/wp\/v2\/pages\/129\/revisions"}],"predecessor-version":[{"id":6882,"href":"https:\/\/www.paulmas.com\/en\/wp-json\/wp\/v2\/pages\/129\/revisions\/6882"}],"up":[{"embeddable":true,"href":"https:\/\/www.paulmas.com\/en\/wp-json\/wp\/v2\/pages\/125"}],"wp:attachment":[{"href":"https:\/\/www.paulmas.com\/en\/wp-json\/wp\/v2\/media?parent=129"}],"curies":[{"name":"wp","href":"https:\/\/api.w.org\/{rel}","templated":true}]}}