{"id":1162,"date":"2015-04-02T08:49:56","date_gmt":"2015-04-02T08:49:56","guid":{"rendered":"https:\/\/paulmas.com\/?page_id=1162"},"modified":"2022-09-16T11:47:57","modified_gmt":"2022-09-16T11:47:57","slug":"domains","status":"publish","type":"page","link":"https:\/\/www.paulmas.com\/en\/domains\/","title":{"rendered":"Domains"},"content":{"rendered":"<p>[et_pb_section fb_built=&#8221;1&#8243; _builder_version=&#8221;4.16&#8243; global_colors_info=&#8221;{}&#8221;][et_pb_row column_structure=&#8221;2_3,1_3&#8243; _builder_version=&#8221;4.16&#8243; background_size=&#8221;initial&#8221; background_position=&#8221;top_left&#8221; background_repeat=&#8221;repeat&#8221; global_colors_info=&#8221;{}&#8221;][et_pb_column type=&#8221;2_3&#8243; _builder_version=&#8221;4.16&#8243; custom_padding=&#8221;|||&#8221; global_colors_info=&#8221;{}&#8221; custom_padding__hover=&#8221;|||&#8221;][et_pb_divider show_divider=&#8221;off&#8221; _builder_version=&#8221;4.16&#8243; _module_preset=&#8221;default&#8221; height=&#8221;40px&#8221; global_colors_info=&#8221;{}&#8221;][\/et_pb_divider][et_pb_image src=&#8221;https:\/\/www.paulmas.com\/wp-content\/uploads\/2021\/12\/CARTE-DES-DOMAINES-PAUL-MAS-WB.png&#8221; alt=&#8221;Cartes des Domaines Paul Mas 2022&#8243; title_text=&#8221;CARTE-DES-DOMAINES-PAUL-MAS-WB&#8221; show_in_lightbox=&#8221;on&#8221; align_tablet=&#8221;center&#8221; align_phone=&#8221;&#8221; align_last_edited=&#8221;on|desktop&#8221; _builder_version=&#8221;4.16&#8243; animation_style=&#8221;slide&#8221; animation_direction=&#8221;left&#8221; animation_duration=&#8221;500ms&#8221; animation_intensity_slide=&#8221;10%&#8221; global_colors_info=&#8221;{}&#8221;][\/et_pb_image][\/et_pb_column][et_pb_column type=&#8221;1_3&#8243; _builder_version=&#8221;4.16&#8243; custom_padding=&#8221;|||&#8221; global_colors_info=&#8221;{}&#8221; custom_padding__hover=&#8221;|||&#8221;][et_pb_testimonial author=&#8221;Jean-Claude Mas&#8221; portrait_url=&#8221;https:\/\/www.paulmas.com\/wp-content\/uploads\/2015\/03\/jean-claude-mas-luxe-rural.jpg&#8221; admin_label=&#8221;Testimonial&#8221; _builder_version=&#8221;4.16&#8243; background_color=&#8221;#ddd1be&#8221; background_size=&#8221;initial&#8221; background_position=&#8221;top_left&#8221; background_repeat=&#8221;repeat&#8221; text_orientation=&#8221;center&#8221; border_style=&#8221;solid&#8221; global_colors_info=&#8221;{}&#8221;]<strong>Inspired by the new world mind, I am proud to work the vineyards of Languedoc.<\/strong><\/p>\n<p>For us, innovation and tradition combine and emulate perfectly to feed a philosophy which we define as the Luxury Rural: we want to create great affordable wines, and thus stimulate real emotions, only from the senses.<br \/>\nIs not it the luxury of today?<br \/>\n[\/et_pb_testimonial][\/et_pb_column][\/et_pb_row][et_pb_row _builder_version=&#8221;4.16&#8243; background_size=&#8221;initial&#8221; background_position=&#8221;top_left&#8221; background_repeat=&#8221;repeat&#8221; global_colors_info=&#8221;{}&#8221;][et_pb_column type=&#8221;4_4&#8243; _builder_version=&#8221;4.16&#8243; custom_padding=&#8221;|||&#8221; global_colors_info=&#8221;{}&#8221; custom_padding__hover=&#8221;|||&#8221;][et_pb_text admin_label=&#8221;Text&#8221; _builder_version=&#8221;4.16&#8243; background_size=&#8221;initial&#8221; background_position=&#8221;top_left&#8221; background_repeat=&#8221;repeat&#8221; global_colors_info=&#8221;{}&#8221;]<\/p>\n<h2>Our\u00a0Domains<\/h2>\n<p class=\"p1\">The vineyards of Domaines Paul\u00a0Mas currently cover around 600\u00a0hectares of wine country in the\u00a0heart of the Languedoc.<\/p>\n<p>All vineyards are certified\u00a0Terra Vitis.<br \/>\n[\/et_pb_text][\/et_pb_column][\/et_pb_row][et_pb_row column_structure=&#8221;1_3,1_3,1_3&#8243; _builder_version=&#8221;4.16&#8243; background_size=&#8221;initial&#8221; background_position=&#8221;top_left&#8221; background_repeat=&#8221;repeat&#8221; global_colors_info=&#8221;{}&#8221;][et_pb_column type=&#8221;1_3&#8243; _builder_version=&#8221;4.16&#8243; custom_padding=&#8221;|||&#8221; global_colors_info=&#8221;{}&#8221; custom_padding__hover=&#8221;|||&#8221;][et_pb_blurb title=&#8221;Ch\u00e2teau Paul Mas&#8221; url=&#8221;https:\/\/paulmas.com\/en\/domains\/chateau-paul-mas-2\/&#8221; image=&#8221;https:\/\/www.paulmas.com\/wp-content\/uploads\/2015\/03\/DomainePaulMas_Logo.jpg&#8221; alt=&#8221;logo chateau paul mas&#8221; image_icon_width=&#8221;none&#8221; admin_label=&#8221;Blurb&#8221; _builder_version=&#8221;4.16&#8243; background_size=&#8221;initial&#8221; background_position=&#8221;top_left&#8221; background_repeat=&#8221;repeat&#8221; text_orientation=&#8221;center&#8221; border_style=&#8221;solid&#8221; image_max_width=&#8221;none&#8221; global_colors_info=&#8221;{}&#8221;]<\/p>\n<p>THE ORIGIN<\/p>\n<p>[\/et_pb_blurb][et_pb_divider color=&#8221;#874b08&#8243; disabled_on=&#8221;on|on|off&#8221; admin_label=&#8221;Divider&#8221; _builder_version=&#8221;4.16&#8243; global_colors_info=&#8221;{}&#8221;][\/et_pb_divider][et_pb_blurb title=&#8221;Ch\u00e2teau de Martinolles&#8221; url=&#8221;https:\/\/paulmas.com\/en\/domains\/chateau-de-martinolles-2\/&#8221; image=&#8221;https:\/\/www.paulmas.com\/wp-content\/uploads\/2015\/03\/logo-martinolles.jpg&#8221; alt=&#8221;logo martinolles&#8221; image_icon_width=&#8221;none&#8221; admin_label=&#8221;Blurb&#8221; _builder_version=&#8221;4.16&#8243; background_size=&#8221;initial&#8221; background_position=&#8221;top_left&#8221; background_repeat=&#8221;repeat&#8221; text_orientation=&#8221;center&#8221; border_style=&#8221;solid&#8221; image_max_width=&#8221;none&#8221; global_colors_info=&#8221;{}&#8221;]<\/p>\n<p>THE PEARL<\/p>\n<p>[\/et_pb_blurb][et_pb_divider color=&#8221;#874b08&#8243; disabled_on=&#8221;on|on|off&#8221; admin_label=&#8221;Divider&#8221; _builder_version=&#8221;4.16&#8243; global_colors_info=&#8221;{}&#8221;][\/et_pb_divider][et_pb_blurb title=&#8221;Ch\u00e2teau Teramas Astruc&#8221; url=&#8221;https:\/\/paulmas.com\/en\/domains\/chateau-teramas-astruc\/&#8221; image=&#8221;https:\/\/www.paulmas.com\/wp-content\/uploads\/2015\/03\/logo-astruc.jpg&#8221; alt=&#8221;logo astruc&#8221; image_icon_width=&#8221;none&#8221; admin_label=&#8221;Blurb&#8221; _builder_version=&#8221;4.16&#8243; background_size=&#8221;initial&#8221; background_position=&#8221;top_left&#8221; background_repeat=&#8221;repeat&#8221; text_orientation=&#8221;center&#8221; border_style=&#8221;solid&#8221; image_max_width=&#8221;none&#8221; global_colors_info=&#8221;{}&#8221;]<\/p>\n<p>GRAND CRU LIMOUX<\/p>\n<p>[\/et_pb_blurb][et_pb_divider color=&#8221;#874b08&#8243; disabled_on=&#8221;on|on|off&#8221; admin_label=&#8221;Divider&#8221; _builder_version=&#8221;4.16&#8243; global_colors_info=&#8221;{}&#8221;][\/et_pb_divider][et_pb_blurb title=&#8221;Ch\u00e2teau J\u00e9r\u00e9mie&#8221; url=&#8221;https:\/\/paulmas.com\/en\/domains\/chateau-jeremie-2\/&#8221; image=&#8221;https:\/\/www.paulmas.com\/wp-content\/uploads\/2015\/03\/chateaujeremie-logo.jpg&#8221; alt=&#8221;logo astruc&#8221; image_icon_width=&#8221;none&#8221; admin_label=&#8221;Blurb&#8221; _builder_version=&#8221;4.16&#8243; background_size=&#8221;initial&#8221; background_position=&#8221;top_left&#8221; background_repeat=&#8221;repeat&#8221; text_orientation=&#8221;center&#8221; border_style=&#8221;solid&#8221; image_max_width=&#8221;none&#8221; global_colors_info=&#8221;{}&#8221;]<\/p>\n<p>CORBIERES<\/p>\n<p>[\/et_pb_blurb][et_pb_divider color=&#8221;#874b08&#8243; disabled_on=&#8221;on|on|off&#8221; admin_label=&#8221;Divider&#8221; _builder_version=&#8221;4.16&#8243; global_colors_info=&#8221;{}&#8221;][\/et_pb_divider][et_pb_blurb title=&#8221;Domaines les Verri\u00e8res&#8221; url=&#8221;https:\/\/paulmas.com\/domaines-les-verrieres\/&#8221; image=&#8221;https:\/\/www.paulmas.com\/wp-content\/uploads\/2022\/01\/Logo-Les-Verrieres.png&#8221; alt=&#8221;logo astruc&#8221; image_icon_width=&#8221;none&#8221; content_max_width=&#8221;184px&#8221; admin_label=&#8221;Blurb&#8221; _builder_version=&#8221;4.16&#8243; background_size=&#8221;initial&#8221; background_position=&#8221;top_left&#8221; background_repeat=&#8221;repeat&#8221; text_orientation=&#8221;center&#8221; border_style=&#8221;solid&#8221; image_max_width=&#8221;none&#8221; global_colors_info=&#8221;{}&#8221;]<\/p>\n<p>AOP LANGUEDOC<\/p>\n<p>[\/et_pb_blurb][et_pb_divider color=&#8221;#874b08&#8243; disabled_on=&#8221;on|on|off&#8221; admin_label=&#8221;Divider&#8221; _builder_version=&#8221;4.16&#8243; global_colors_info=&#8221;{}&#8221;][\/et_pb_divider][\/et_pb_column][et_pb_column type=&#8221;1_3&#8243; _builder_version=&#8221;4.16&#8243; custom_padding=&#8221;|||&#8221; global_colors_info=&#8221;{}&#8221; custom_padding__hover=&#8221;|||&#8221;][et_pb_blurb title=&#8221;Clos AStelia&#8221; url=&#8221;https:\/\/paulmas.com\/en\/the-signatures-jean-claude-mas\/astelia-2\/&#8221; image=&#8221;https:\/\/www.paulmas.com\/wp-content\/uploads\/2015\/03\/astelia-logo.jpg&#8221; alt=&#8221;logo cr\u00e8s ricards&#8221; image_icon_width=&#8221;none&#8221; admin_label=&#8221;Blurb&#8221; _builder_version=&#8221;4.16&#8243; background_size=&#8221;initial&#8221; background_position=&#8221;top_left&#8221; background_repeat=&#8221;repeat&#8221; text_orientation=&#8221;center&#8221; border_style=&#8221;solid&#8221; image_max_width=&#8221;none&#8221; global_colors_info=&#8221;{}&#8221;]<\/p>\n<p>THE QUINTESSENCE OF THE TERROIRS<\/p>\n<p>[\/et_pb_blurb][et_pb_divider color=&#8221;#874b08&#8243; disabled_on=&#8221;on|on|off&#8221; admin_label=&#8221;Divider&#8221; _builder_version=&#8221;4.16&#8243; global_colors_info=&#8221;{}&#8221;][\/et_pb_divider][et_pb_blurb title=&#8221;Domaine de la Ferrandi\u00e8re&#8221; url=&#8221;https:\/\/paulmas.com\/en\/domains\/domaine-de-la-ferrandiere-2\/&#8221; image=&#8221;https:\/\/www.paulmas.com\/wp-content\/uploads\/2015\/03\/chateau-ferrandiere-logo.jpg&#8221; alt=&#8221;logo ferrandi\u00e8re&#8221; image_icon_width=&#8221;none&#8221; admin_label=&#8221;Blurb&#8221; _builder_version=&#8221;4.16&#8243; background_size=&#8221;initial&#8221; background_position=&#8221;top_left&#8221; background_repeat=&#8221;repeat&#8221; text_orientation=&#8221;center&#8221; border_style=&#8221;solid&#8221; image_max_width=&#8221;none&#8221; global_colors_info=&#8221;{}&#8221;]<\/p>\n<p>THE LAGOON<\/p>\n<p>[\/et_pb_blurb][et_pb_divider color=&#8221;#874b08&#8243; disabled_on=&#8221;on|on|off&#8221; admin_label=&#8221;Divider&#8221; _builder_version=&#8221;4.16&#8243; global_colors_info=&#8221;{}&#8221;][\/et_pb_divider][et_pb_blurb title=&#8221;Domaine du Sil\u00e8ne&#8221; url=&#8221;https:\/\/paulmas.com\/en\/domains\/domaine-du-silene-2\/&#8221; image=&#8221;https:\/\/www.paulmas.com\/wp-content\/uploads\/2015\/03\/domainedesilene-logo.jpg&#8221; alt=&#8221;logo ferrandi\u00e8re&#8221; image_icon_width=&#8221;none&#8221; admin_label=&#8221;Blurb&#8221; _builder_version=&#8221;4.16&#8243; background_size=&#8221;initial&#8221; background_position=&#8221;top_left&#8221; background_repeat=&#8221;repeat&#8221; text_orientation=&#8221;center&#8221; border_style=&#8221;solid&#8221; image_max_width=&#8221;none&#8221; global_colors_info=&#8221;{}&#8221;]<\/p>\n<p>GRES DE MONTPELLIER<\/p>\n<p>[\/et_pb_blurb][et_pb_divider color=&#8221;#874b08&#8243; disabled_on=&#8221;on|on|off&#8221; admin_label=&#8221;Divider&#8221; _builder_version=&#8221;4.16&#8243; global_colors_info=&#8221;{}&#8221;][\/et_pb_divider][et_pb_blurb title=&#8221;Ch\u00e2teau Villegly&#8221; url=&#8221;https:\/\/paulmas.com\/en\/domains\/chateau-villegly-2\/&#8221; image=&#8221;https:\/\/www.paulmas.com\/wp-content\/uploads\/2021\/10\/Logo-Chateau-Villegly.jpg&#8221; alt=&#8221;logo ferrandi\u00e8re&#8221; image_icon_width=&#8221;none&#8221; admin_label=&#8221;Blurb&#8221; _builder_version=&#8221;4.16&#8243; background_size=&#8221;initial&#8221; background_position=&#8221;top_left&#8221; background_repeat=&#8221;repeat&#8221; text_orientation=&#8221;center&#8221; border_style=&#8221;solid&#8221; image_max_width=&#8221;none&#8221; global_colors_info=&#8221;{}&#8221;]<\/p>\n<p><span>MINERVOIS<\/span><\/p>\n<p>[\/et_pb_blurb][et_pb_divider color=&#8221;#874b08&#8243; disabled_on=&#8221;on|on|off&#8221; admin_label=&#8221;Divider&#8221; _builder_version=&#8221;4.16&#8243; global_colors_info=&#8221;{}&#8221;][\/et_pb_divider][et_pb_blurb title=&#8221;Ch\u00e2teau Capendu&#8221; url=&#8221;https:\/\/paulmas.com\/chateau-capendu\/&#8221; image=&#8221;https:\/\/www.paulmas.com\/wp-content\/uploads\/2022\/01\/Logo-CHATEAU-CAPENDU-copie.jpg&#8221; alt=&#8221;logo ferrandi\u00e8re&#8221; image_icon_width=&#8221;none&#8221; content_max_width=&#8221;200px&#8221; admin_label=&#8221;Blurb&#8221; _builder_version=&#8221;4.16&#8243; background_size=&#8221;initial&#8221; background_position=&#8221;top_left&#8221; background_repeat=&#8221;repeat&#8221; text_orientation=&#8221;center&#8221; border_style=&#8221;solid&#8221; image_max_width=&#8221;none&#8221; global_colors_info=&#8221;{}&#8221;]<\/p>\n<p>AOP CORBI\u00c8RES<\/p>\n<p>[\/et_pb_blurb][et_pb_divider color=&#8221;#874b08&#8243; disabled_on=&#8221;on|on|off&#8221; admin_label=&#8221;Divider&#8221; _builder_version=&#8221;4.16&#8243; global_colors_info=&#8221;{}&#8221;][\/et_pb_divider][\/et_pb_column][et_pb_column type=&#8221;1_3&#8243; _builder_version=&#8221;4.16&#8243; custom_padding=&#8221;|||&#8221; global_colors_info=&#8221;{}&#8221; custom_padding__hover=&#8221;|||&#8221;][et_pb_blurb title=&#8221;Ch\u00e2teau Cr\u00e8s Ricards&#8221; url=&#8221;https:\/\/paulmas.com\/en\/domains\/chateau-des-cres-ricards\/&#8221; image=&#8221;https:\/\/www.paulmas.com\/wp-content\/uploads\/2015\/03\/logo-cres-ricards.jpg&#8221; alt=&#8221;logo cr\u00e8s ricards&#8221; image_icon_width=&#8221;none&#8221; admin_label=&#8221;Blurb&#8221; _builder_version=&#8221;4.16&#8243; background_size=&#8221;initial&#8221; background_position=&#8221;top_left&#8221; background_repeat=&#8221;repeat&#8221; text_orientation=&#8221;center&#8221; border_style=&#8221;solid&#8221; image_max_width=&#8221;none&#8221; global_colors_info=&#8221;{}&#8221;]<\/p>\n<p>TERRASSES DU LARZAC<\/p>\n<p>[\/et_pb_blurb][et_pb_divider color=&#8221;#874b08&#8243; disabled_on=&#8221;on|on|off&#8221; admin_label=&#8221;Divider&#8221; _builder_version=&#8221;4.16&#8243; global_colors_info=&#8221;{}&#8221;][\/et_pb_divider][et_pb_blurb title=&#8221;Mas des Tannes&#8221; url=&#8221;https:\/\/paulmas.com\/en\/domains\/mas-des-tannes-2\/&#8221; image=&#8221;https:\/\/www.paulmas.com\/wp-content\/uploads\/2015\/03\/logo-masdestannes.jpg&#8221; alt=&#8221;logo mas des tannes&#8221; image_icon_width=&#8221;none&#8221; admin_label=&#8221;Blurb&#8221; _builder_version=&#8221;4.16&#8243; background_size=&#8221;initial&#8221; background_position=&#8221;top_left&#8221; background_repeat=&#8221;repeat&#8221; text_orientation=&#8221;center&#8221; border_style=&#8221;solid&#8221; image_max_width=&#8221;none&#8221; global_colors_info=&#8221;{}&#8221;]<\/p>\n<p>THE ULTRA-RURAL<\/p>\n<p>[\/et_pb_blurb][et_pb_divider color=&#8221;#874b08&#8243; disabled_on=&#8221;on|on|off&#8221; admin_label=&#8221;Divider&#8221; _builder_version=&#8221;4.16&#8243; global_colors_info=&#8221;{}&#8221;][\/et_pb_divider][et_pb_blurb title=&#8221;Ch\u00e2teau Lauriga&#8221; url=&#8221;https:\/\/paulmas.com\/en\/domains\/chateau-lauriga-2\/&#8221; image=&#8221;https:\/\/www.paulmas.com\/wp-content\/uploads\/2015\/03\/chateau-lauriga-logo.jpg&#8221; alt=&#8221;logo mas des tannes&#8221; image_icon_width=&#8221;none&#8221; admin_label=&#8221;Blurb&#8221; _builder_version=&#8221;4.16&#8243; background_size=&#8221;initial&#8221; background_position=&#8221;top_left&#8221; background_repeat=&#8221;repeat&#8221; text_orientation=&#8221;center&#8221; border_style=&#8221;solid&#8221; image_max_width=&#8221;none&#8221; global_colors_info=&#8221;{}&#8221;]<\/p>\n<p>THE OLD ROYAL VINEYARDS\u00a0<\/p>\n<p>[\/et_pb_blurb][et_pb_divider color=&#8221;#874b08&#8243; disabled_on=&#8221;on|on|off&#8221; admin_label=&#8221;Divider&#8221; _builder_version=&#8221;4.16&#8243; global_colors_info=&#8221;{}&#8221;][\/et_pb_divider][et_pb_blurb title=&#8221;Ch\u00e2teau Oustau Saint Andr\u00e9&#8221; url=&#8221;https:\/\/paulmas.com\/en\/domains\/chateau-oustau-saint-andre\/&#8221; image=&#8221;https:\/\/www.paulmas.com\/wp-content\/uploads\/2021\/12\/LOGO-CHT-OUSTAU-ST-ANDRE-copie.jpg&#8221; alt=&#8221;logo mas des tannes&#8221; image_icon_width=&#8221;none&#8221; content_max_width=&#8221;183px&#8221; admin_label=&#8221;Blurb&#8221; _builder_version=&#8221;4.16&#8243; background_size=&#8221;initial&#8221; background_position=&#8221;top_left&#8221; background_repeat=&#8221;repeat&#8221; text_orientation=&#8221;center&#8221; border_style=&#8221;solid&#8221; image_max_width=&#8221;none&#8221; global_colors_info=&#8221;{}&#8221;]<\/p>\n<p>COSTI\u00c8RES DE N\u00ceMES<\/p>\n<p>[\/et_pb_blurb][et_pb_divider color=&#8221;#874b08&#8243; disabled_on=&#8221;on|on|off&#8221; admin_label=&#8221;Divider&#8221; _builder_version=&#8221;4.16&#8243; global_colors_info=&#8221;{}&#8221;][\/et_pb_divider][et_pb_blurb title=&#8221;Arrogant Frog&#8221; url=&#8221;https:\/\/paulmas.com\/en\/chateau-arrogant-frog\/&#8221; image=&#8221;https:\/\/www.paulmas.com\/wp-content\/uploads\/2015\/03\/logo-arrogant-frog.jpg&#8221; image_icon_width=&#8221;none&#8221; admin_label=&#8221;Blurb&#8221; _builder_version=&#8221;4.18.0&#8243; background_size=&#8221;initial&#8221; background_position=&#8221;top_left&#8221; background_repeat=&#8221;repeat&#8221; text_orientation=&#8221;center&#8221; animation=&#8221;off&#8221; border_style=&#8221;solid&#8221; image_max_width=&#8221;none&#8221; global_colors_info=&#8221;{}&#8221; locked=&#8221;off&#8221;]<\/p>\n<p>L\u2019HUMBLE WINEMAKER<\/p>\n<p>[\/et_pb_blurb][et_pb_divider color=&#8221;#874b08&#8243; disabled_on=&#8221;on|on|off&#8221; admin_label=&#8221;Divider&#8221; _builder_version=&#8221;4.16&#8243; global_colors_info=&#8221;{}&#8221;][\/et_pb_divider][\/et_pb_column][\/et_pb_row][\/et_pb_section]<\/p>\n","protected":false},"excerpt":{"rendered":"<p>Inspired by the new world mind, I am proud to work the vineyards of Languedoc. For us, innovation and tradition combine and emulate perfectly to feed a philosophy which we define as the Luxury Rural: we want to create great affordable wines, and thus stimulate real emotions, only from the senses. Is not it the [&hellip;]<\/p>\n","protected":false},"author":2,"featured_media":0,"parent":0,"menu_order":0,"comment_status":"open","ping_status":"open","template":"","meta":{"_et_pb_use_builder":"on","_et_pb_old_content":"","_et_gb_content_width":"","footnotes":""},"class_list":["post-1162","page","type-page","status-publish","hentry"],"yoast_head":"<!-- This site is optimized with the Yoast SEO plugin v27.4 - https:\/\/yoast.com\/product\/yoast-seo-wordpress\/ -->\n<title>Domains - Les Domaines Paul Mas<\/title>\n<meta name=\"robots\" content=\"index, follow, max-snippet:-1, max-image-preview:large, max-video-preview:-1\" \/>\n<link rel=\"canonical\" href=\"https:\/\/www.paulmas.com\/en\/domains\/\" \/>\n<meta property=\"og:locale\" content=\"en_US\" \/>\n<meta property=\"og:type\" content=\"article\" \/>\n<meta property=\"og:title\" content=\"Domains - Les Domaines Paul Mas\" \/>\n<meta property=\"og:description\" content=\"Inspired by the new world mind, I am proud to work the vineyards of Languedoc. For us, innovation and tradition combine and emulate perfectly to feed a philosophy which we define as the Luxury Rural: we want to create great affordable wines, and thus stimulate real emotions, only from the senses. Is not it the [&hellip;]\" \/>\n<meta property=\"og:url\" content=\"https:\/\/www.paulmas.com\/en\/domains\/\" \/>\n<meta property=\"og:site_name\" content=\"Les Domaines Paul Mas\" \/>\n<meta property=\"article:modified_time\" content=\"2022-09-16T11:47:57+00:00\" \/>\n<meta name=\"twitter:card\" content=\"summary_large_image\" \/>\n<meta name=\"twitter:label1\" content=\"Est. reading time\" \/>\n\t<meta name=\"twitter:data1\" content=\"9 minutes\" \/>\n<script type=\"application\/ld+json\" class=\"yoast-schema-graph\">{\"@context\":\"https:\\\/\\\/schema.org\",\"@graph\":[{\"@type\":\"WebPage\",\"@id\":\"https:\\\/\\\/www.paulmas.com\\\/en\\\/domains\\\/\",\"url\":\"https:\\\/\\\/www.paulmas.com\\\/en\\\/domains\\\/\",\"name\":\"Domains - Les Domaines Paul Mas\",\"isPartOf\":{\"@id\":\"https:\\\/\\\/www.paulmas.com\\\/#website\"},\"datePublished\":\"2015-04-02T08:49:56+00:00\",\"dateModified\":\"2022-09-16T11:47:57+00:00\",\"breadcrumb\":{\"@id\":\"https:\\\/\\\/www.paulmas.com\\\/en\\\/domains\\\/#breadcrumb\"},\"inLanguage\":\"en-US\",\"potentialAction\":[{\"@type\":\"ReadAction\",\"target\":[\"https:\\\/\\\/www.paulmas.com\\\/en\\\/domains\\\/\"]}]},{\"@type\":\"BreadcrumbList\",\"@id\":\"https:\\\/\\\/www.paulmas.com\\\/en\\\/domains\\\/#breadcrumb\",\"itemListElement\":[{\"@type\":\"ListItem\",\"position\":1,\"name\":\"Accueil\",\"item\":\"https:\\\/\\\/www.paulmas.com\\\/en\\\/\"},{\"@type\":\"ListItem\",\"position\":2,\"name\":\"Domains\"}]},{\"@type\":\"WebSite\",\"@id\":\"https:\\\/\\\/www.paulmas.com\\\/#website\",\"url\":\"https:\\\/\\\/www.paulmas.com\\\/\",\"name\":\"Les Domaines Paul Mas\",\"description\":\"Le luxe rural depuis 1892\",\"potentialAction\":[{\"@type\":\"SearchAction\",\"target\":{\"@type\":\"EntryPoint\",\"urlTemplate\":\"https:\\\/\\\/www.paulmas.com\\\/?s={search_term_string}\"},\"query-input\":{\"@type\":\"PropertyValueSpecification\",\"valueRequired\":true,\"valueName\":\"search_term_string\"}}],\"inLanguage\":\"en-US\"}]}<\/script>\n<!-- \/ Yoast SEO plugin. -->","yoast_head_json":{"title":"Domains - Les Domaines Paul Mas","robots":{"index":"index","follow":"follow","max-snippet":"max-snippet:-1","max-image-preview":"max-image-preview:large","max-video-preview":"max-video-preview:-1"},"canonical":"https:\/\/www.paulmas.com\/en\/domains\/","og_locale":"en_US","og_type":"article","og_title":"Domains - Les Domaines Paul Mas","og_description":"Inspired by the new world mind, I am proud to work the vineyards of Languedoc. For us, innovation and tradition combine and emulate perfectly to feed a philosophy which we define as the Luxury Rural: we want to create great affordable wines, and thus stimulate real emotions, only from the senses. Is not it the [&hellip;]","og_url":"https:\/\/www.paulmas.com\/en\/domains\/","og_site_name":"Les Domaines Paul Mas","article_modified_time":"2022-09-16T11:47:57+00:00","twitter_card":"summary_large_image","twitter_misc":{"Est. reading time":"9 minutes"},"schema":{"@context":"https:\/\/schema.org","@graph":[{"@type":"WebPage","@id":"https:\/\/www.paulmas.com\/en\/domains\/","url":"https:\/\/www.paulmas.com\/en\/domains\/","name":"Domains - Les Domaines Paul Mas","isPartOf":{"@id":"https:\/\/www.paulmas.com\/#website"},"datePublished":"2015-04-02T08:49:56+00:00","dateModified":"2022-09-16T11:47:57+00:00","breadcrumb":{"@id":"https:\/\/www.paulmas.com\/en\/domains\/#breadcrumb"},"inLanguage":"en-US","potentialAction":[{"@type":"ReadAction","target":["https:\/\/www.paulmas.com\/en\/domains\/"]}]},{"@type":"BreadcrumbList","@id":"https:\/\/www.paulmas.com\/en\/domains\/#breadcrumb","itemListElement":[{"@type":"ListItem","position":1,"name":"Accueil","item":"https:\/\/www.paulmas.com\/en\/"},{"@type":"ListItem","position":2,"name":"Domains"}]},{"@type":"WebSite","@id":"https:\/\/www.paulmas.com\/#website","url":"https:\/\/www.paulmas.com\/","name":"Les Domaines Paul Mas","description":"Le luxe rural depuis 1892","potentialAction":[{"@type":"SearchAction","target":{"@type":"EntryPoint","urlTemplate":"https:\/\/www.paulmas.com\/?s={search_term_string}"},"query-input":{"@type":"PropertyValueSpecification","valueRequired":true,"valueName":"search_term_string"}}],"inLanguage":"en-US"}]}},"_links":{"self":[{"href":"https:\/\/www.paulmas.com\/en\/wp-json\/wp\/v2\/pages\/1162","targetHints":{"allow":["GET"]}}],"collection":[{"href":"https:\/\/www.paulmas.com\/en\/wp-json\/wp\/v2\/pages"}],"about":[{"href":"https:\/\/www.paulmas.com\/en\/wp-json\/wp\/v2\/types\/page"}],"author":[{"embeddable":true,"href":"https:\/\/www.paulmas.com\/en\/wp-json\/wp\/v2\/users\/2"}],"replies":[{"embeddable":true,"href":"https:\/\/www.paulmas.com\/en\/wp-json\/wp\/v2\/comments?post=1162"}],"version-history":[{"count":21,"href":"https:\/\/www.paulmas.com\/en\/wp-json\/wp\/v2\/pages\/1162\/revisions"}],"predecessor-version":[{"id":9682,"href":"https:\/\/www.paulmas.com\/en\/wp-json\/wp\/v2\/pages\/1162\/revisions\/9682"}],"wp:attachment":[{"href":"https:\/\/www.paulmas.com\/en\/wp-json\/wp\/v2\/media?parent=1162"}],"curies":[{"name":"wp","href":"https:\/\/api.w.org\/{rel}","templated":true}]}}